{"id":254014,"date":"2026-01-05T17:06:41","date_gmt":"2026-01-05T17:06:41","guid":{"rendered":"https:\/\/espan.edu.pt\/site\/?page_id=254014"},"modified":"2026-01-06T10:19:08","modified_gmt":"2026-01-06T10:19:08","slug":"epas","status":"publish","type":"page","link":"https:\/\/espan.edu.pt\/site\/epas\/","title":{"rendered":"EPAS"},"content":{"rendered":"<div class=\"wpb-content-wrapper\"><p>[vc_row][vc_column width=&#8221;2\/3&#8243;][vc_column_text css=&#8221;&#8221;]<\/p>\n<h1 style=\"text-align: center;\"><b data-olk-copy-source=\"MessageBody\">Projeto EPAS \u2013 Escolas Embaixadoras do Parlamento Europeu<\/b>.<\/h1>\n<p>[\/vc_column_text][\/vc_column][vc_column width=&#8221;1\/3&#8243;][vc_single_image image=&#8221;254017&#8243; img_size=&#8221;full&#8221; css=&#8221;&#8221;][\/vc_column][\/vc_row][vc_row][vc_column][vc_column_text css=&#8221;&#8221;]<\/p>\n<div>O Agrupamento de Escolas integra o\u00a0<b>Programa EPAS \u2013 Escolas Embaixadoras do Parlamento Europeu<\/b>, uma iniciativa educativa do Parlamento Europeu que tem como finalidade aproximar os jovens da Uni\u00e3o Europeia, promovendo uma cidadania ativa, informada e participativa.<\/div>\n<div>\u00a0<\/div>\n<div>O Programa EPAS pretende ligar escolas, professores e alunos ao Parlamento Europeu, aos seus deputados e aos gabinetes de informa\u00e7\u00e3o, promovendo o conhecimento sobre a democracia parlamentar europeia, o funcionamento das institui\u00e7\u00f5es da Uni\u00e3o Europeia e os seus valores fundamentais, como a democracia, os direitos humanos, a igualdade e a solidariedade.<\/div>\n<div>\u00a0<\/div>\n<div>No \u00e2mbito do EPAS, alunos do\u00a0<b>3.\u00ba ciclo e do ensino secund\u00e1rio, incluindo cursos profissionais<\/b>, e professores assumem o papel de embaixadores do Parlamento Europeu. Ao longo do ano letivo, ser\u00e3o desenvolvidas atividades que visam aprofundar o conhecimento sobre a Uni\u00e3o Europeia e o impacto das decis\u00f5es europeias no quotidiano dos cidad\u00e3os.<\/div>\n<div>\u00a0<\/div>\n<div>O projeto contempla o desenvolvimento de diversas iniciativas, tais como:<\/div>\n<ul>\n<li>utiliza\u00e7\u00e3o de recursos pedag\u00f3gicos sobre cidadania europeia e democracia parlamentar;<\/li>\n<li>dinamiza\u00e7\u00e3o de debates, projetos colaborativos e campanhas de sensibiliza\u00e7\u00e3o;<\/li>\n<li>cria\u00e7\u00e3o e manuten\u00e7\u00e3o de um\u00a0<i>Info Point<\/i>\u00a0sobre a Uni\u00e3o Europeia e o Parlamento Europeu;<\/li>\n<li>organiza\u00e7\u00e3o de atividades relacionadas com o\u00a0<b>Dia da Europa<\/b>;<\/li>\n<li>participa\u00e7\u00e3o em eventos e atividades online e presenciais com outras escolas da rede EPAS.<\/li>\n<\/ul>\n<div>\u00a0<\/div>\n<div>A participa\u00e7\u00e3o no Programa EPAS contribui para o desenvolvimento de compet\u00eancias essenciais nos alunos, como o pensamento cr\u00edtico, a comunica\u00e7\u00e3o, o trabalho em equipa e o exerc\u00edcio de uma cidadania democr\u00e1tica respons\u00e1vel e ativa.<\/div>\n<div>\u00a0<\/div>\n<div>Este projeto refor\u00e7a o compromisso do Agrupamento com uma educa\u00e7\u00e3o de qualidade, promotora dos valores europeus e da forma\u00e7\u00e3o de cidad\u00e3os conscientes, informados e preparados para intervir de forma ativa na sociedade.<\/div>\n<div>\u00a0<\/div>\n<div><b>Ser uma Escola Embaixadora do Parlamento Europeu<\/b>\u00a0\u00e9 assumir, desde a escola, um papel ativo na constru\u00e7\u00e3o do futuro europeu.<\/div>\n<p>[\/vc_column_text][\/vc_column][\/vc_row][vc_row][vc_column][vc_column_text css=&#8221;&#8221;]<\/p>\n<h2>Links \u00fateis:<\/h2>\n<p>[\/vc_column_text][vc_message message_box_color=&#8221;blue&#8221; css=&#8221;&#8221;]<\/p>\n<p><b data-olk-copy-source=\"MessageBody\">P\u00e1gina oficial EPAS AEQB <\/b><em>(dispon\u00edvel em breve)<\/em><\/p>\n<p>[\/vc_message][vc_message css=&#8221;&#8221;]<\/p>\n<p><a href=\"https:\/\/youth.europarl.europa.eu\/pt\/more-information\/ambassador-school\/about-epas.html\" target=\"_blank\" rel=\"noopener noreferrer\"><b data-olk-copy-source=\"MessageBody\">Sobre o programa EPAS \u2013 Parlamento Europeu<\/b><\/a><\/p>\n<p>[\/vc_message][vc_message css=&#8221;&#8221;]<\/p>\n<p><strong><a href=\"https:\/\/youth.europarl.europa.eu\/pt\/more-information\/ambassador-school.html\" target=\"_blank\" rel=\"noopener noreferrer\">P\u00e1gina oficial EPAS \u2013 Parlamento Europeu<\/a><\/strong><\/p>\n<p>[\/vc_message][vc_message css=&#8221;&#8221;]<\/p>\n<p><a href=\"https:\/\/www.facebook.com\/EPAmbassadorSchoolsfacebook.com\" target=\"_blank\" rel=\"noopener noreferrer\"><b data-olk-copy-source=\"MessageBody\">Rede de Escolas Embaixadoras \u2013 Facebook EPAS<\/b><\/a><\/p>\n<p>[\/vc_message][vc_message css=&#8221;&#8221;]<\/p>\n<p><strong><a href=\"https:\/\/www.europarl.europa.eu\/portal\/pt\" target=\"_blank\" rel=\"noopener noreferrer\">Portal do Parlamento Europeu<\/a><\/strong><\/p>\n<p>[\/vc_message][\/vc_column][\/vc_row]<\/p>\n<\/div>","protected":false},"excerpt":{"rendered":"<p>[vc_row][vc_column width=&#8221;2\/3&#8243;][vc_column_text css=&#8221;&#8221;] Projeto EPAS \u2013 Escolas Embaixadoras do Parlamento Europeu. [\/vc_column_text][\/vc_column][vc_column width=&#8221;1\/3&#8243;][vc_single_image image=&#8221;254017&#8243; img_size=&#8221;full&#8221; css=&#8221;&#8221;][\/vc_column][\/vc_row][vc_row][vc_column][vc_column_text css=&#8221;&#8221;] O Agrupamento de Escolas integra o\u00a0Programa EPAS \u2013 Escolas Embaixadoras do Parlamento Europeu, &hellip; <\/p>\n","protected":false},"author":7,"featured_media":0,"parent":0,"menu_order":0,"comment_status":"closed","ping_status":"closed","template":"","meta":{"_bbp_topic_count":0,"_bbp_reply_count":0,"_bbp_total_topic_count":0,"_bbp_total_reply_count":0,"_bbp_voice_count":0,"_bbp_anonymous_reply_count":0,"_bbp_topic_count_hidden":0,"_bbp_reply_count_hidden":0,"_bbp_forum_subforum_count":0},"categories":[],"tags":[],"uagb_featured_image_src":{"full":false,"thumbnail":false,"medium":false,"medium_large":false,"large":false,"1536x1536":false,"2048x2048":false},"uagb_author_info":{"display_name":"Cristina Bento","author_link":"https:\/\/espan.edu.pt\/site\/author\/comunicacao\/"},"uagb_comment_info":0,"uagb_excerpt":"[vc_row][vc_column width=&#8221;2\/3&#8243;][vc_column_text css=&#8221;&#8221;] Projeto EPAS \u2013 Escolas Embaixadoras do Parlamento Europeu. [\/vc_column_text][\/vc_column][vc_column width=&#8221;1\/3&#8243;][vc_single_image image=&#8221;254017&#8243; img_size=&#8221;full&#8221; css=&#8221;&#8221;][\/vc_column][\/vc_row][vc_row][vc_column][vc_column_text css=&#8221;&#8221;] O Agrupamento de Escolas integra o\u00a0Programa EPAS \u2013 Escolas Embaixadoras do Parlamento Europeu, &hellip;","_links":{"self":[{"href":"https:\/\/espan.edu.pt\/site\/wp-json\/wp\/v2\/pages\/254014"}],"collection":[{"href":"https:\/\/espan.edu.pt\/site\/wp-json\/wp\/v2\/pages"}],"about":[{"href":"https:\/\/espan.edu.pt\/site\/wp-json\/wp\/v2\/types\/page"}],"author":[{"embeddable":true,"href":"https:\/\/espan.edu.pt\/site\/wp-json\/wp\/v2\/users\/7"}],"replies":[{"embeddable":true,"href":"https:\/\/espan.edu.pt\/site\/wp-json\/wp\/v2\/comments?post=254014"}],"version-history":[{"count":9,"href":"https:\/\/espan.edu.pt\/site\/wp-json\/wp\/v2\/pages\/254014\/revisions"}],"predecessor-version":[{"id":254026,"href":"https:\/\/espan.edu.pt\/site\/wp-json\/wp\/v2\/pages\/254014\/revisions\/254026"}],"wp:attachment":[{"href":"https:\/\/espan.edu.pt\/site\/wp-json\/wp\/v2\/media?parent=254014"}],"wp:term":[{"taxonomy":"category","embeddable":true,"href":"https:\/\/espan.edu.pt\/site\/wp-json\/wp\/v2\/categories?post=254014"},{"taxonomy":"post_tag","embeddable":true,"href":"https:\/\/espan.edu.pt\/site\/wp-json\/wp\/v2\/tags?post=254014"}],"curies":[{"name":"wp","href":"https:\/\/api.w.org\/{rel}","templated":true}]}}