{"id":253658,"date":"2025-10-10T16:20:27","date_gmt":"2025-10-10T16:20:27","guid":{"rendered":"https:\/\/espan.edu.pt\/site\/?page_id=253658"},"modified":"2026-03-10T14:03:10","modified_gmt":"2026-03-10T14:03:10","slug":"pes-saude-escolar","status":"publish","type":"page","link":"https:\/\/espan.edu.pt\/site\/pes-saude-escolar\/","title":{"rendered":"PES &#8211; Sa\u00fade Escolar"},"content":{"rendered":"<div class=\"wpb-content-wrapper\"><p>[vc_row][vc_column][vc_row_inner][vc_column_inner width=&#8221;1\/4&#8243;][vc_single_image image=&#8221;248874&#8243; css=&#8221;&#8221;][\/vc_column_inner][vc_column_inner width=&#8221;3\/4&#8243;][vc_column_text css=&#8221;&#8221;]<\/p>\n<h3>O que \u00e9?<\/h3>\n<p>A Promo\u00e7\u00e3o e Educa\u00e7\u00e3o para a Sa\u00fade em meio escolar \u00e9 um processo cont\u00ednuo que visa o desenvolvimento de compet\u00eancias das crian\u00e7as e dos jovens, permitindo-lhes confrontarem-se positivamente consigo pr\u00f3prios, construir um projeto de vida e serem capazes de fazer escolhas individuais, conscientes e respons\u00e1veis.<\/p>\n<p>[\/vc_column_text][\/vc_column_inner][\/vc_row_inner][vc_row_inner][vc_column_inner width=&#8221;1\/4&#8243;][vc_column_text css=&#8221;&#8221;]<\/p>\n<h2>RECURSOS<\/h2>\n<p>[\/vc_column_text][vc_column_text css=&#8221;&#8221;]<\/p>\n<p><a href=\"https:\/\/wakelet.com\/wake\/wOGOmMMnOqRcMrtgRAVXc\" target=\"_blank\" rel=\"noopener noreferrer\">PORTAL DA SA\u00daDE AEQB<\/a><\/p>\n<p>[\/vc_column_text][\/vc_column_inner][vc_column_inner width=&#8221;3\/4&#8243;][vc_column_text css=&#8221;&#8221;]<\/p>\n<h3><strong>Fala connosco:<\/strong><\/h3>\n<p>[\/vc_column_text][vc_single_image image=&#8221;254137&#8243; img_size=&#8221;full&#8221; css=&#8221;&#8221;][\/vc_column_inner][\/vc_row_inner][\/vc_column][\/vc_row]<\/p>\n<\/div>","protected":false},"excerpt":{"rendered":"<p>[vc_row][vc_column][vc_row_inner][vc_column_inner width=&#8221;1\/4&#8243;][vc_single_image image=&#8221;248874&#8243; css=&#8221;&#8221;][\/vc_column_inner][vc_column_inner width=&#8221;3\/4&#8243;][vc_column_text css=&#8221;&#8221;] O que \u00e9? A Promo\u00e7\u00e3o e Educa\u00e7\u00e3o para a Sa\u00fade em meio escolar \u00e9 um processo cont\u00ednuo que visa o desenvolvimento de compet\u00eancias das &hellip; <\/p>\n","protected":false},"author":1,"featured_media":0,"parent":0,"menu_order":0,"comment_status":"closed","ping_status":"closed","template":"","meta":{"_bbp_topic_count":0,"_bbp_reply_count":0,"_bbp_total_topic_count":0,"_bbp_total_reply_count":0,"_bbp_voice_count":0,"_bbp_anonymous_reply_count":0,"_bbp_topic_count_hidden":0,"_bbp_reply_count_hidden":0,"_bbp_forum_subforum_count":0},"categories":[],"tags":[],"uagb_featured_image_src":{"full":false,"thumbnail":false,"medium":false,"medium_large":false,"large":false,"1536x1536":false,"2048x2048":false},"uagb_author_info":{"display_name":"Administrador","author_link":"https:\/\/espan.edu.pt\/site\/author\/administrador\/"},"uagb_comment_info":0,"uagb_excerpt":"[vc_row][vc_column][vc_row_inner][vc_column_inner width=&#8221;1\/4&#8243;][vc_single_image image=&#8221;248874&#8243; css=&#8221;&#8221;][\/vc_column_inner][vc_column_inner width=&#8221;3\/4&#8243;][vc_column_text css=&#8221;&#8221;] O que \u00e9? A Promo\u00e7\u00e3o e Educa\u00e7\u00e3o para a Sa\u00fade em meio escolar \u00e9 um processo cont\u00ednuo que visa o desenvolvimento de compet\u00eancias das &hellip;","_links":{"self":[{"href":"https:\/\/espan.edu.pt\/site\/wp-json\/wp\/v2\/pages\/253658"}],"collection":[{"href":"https:\/\/espan.edu.pt\/site\/wp-json\/wp\/v2\/pages"}],"about":[{"href":"https:\/\/espan.edu.pt\/site\/wp-json\/wp\/v2\/types\/page"}],"author":[{"embeddable":true,"href":"https:\/\/espan.edu.pt\/site\/wp-json\/wp\/v2\/users\/1"}],"replies":[{"embeddable":true,"href":"https:\/\/espan.edu.pt\/site\/wp-json\/wp\/v2\/comments?post=253658"}],"version-history":[{"count":11,"href":"https:\/\/espan.edu.pt\/site\/wp-json\/wp\/v2\/pages\/253658\/revisions"}],"predecessor-version":[{"id":254139,"href":"https:\/\/espan.edu.pt\/site\/wp-json\/wp\/v2\/pages\/253658\/revisions\/254139"}],"wp:attachment":[{"href":"https:\/\/espan.edu.pt\/site\/wp-json\/wp\/v2\/media?parent=253658"}],"wp:term":[{"taxonomy":"category","embeddable":true,"href":"https:\/\/espan.edu.pt\/site\/wp-json\/wp\/v2\/categories?post=253658"},{"taxonomy":"post_tag","embeddable":true,"href":"https:\/\/espan.edu.pt\/site\/wp-json\/wp\/v2\/tags?post=253658"}],"curies":[{"name":"wp","href":"https:\/\/api.w.org\/{rel}","templated":true}]}}