{"id":253175,"date":"2025-06-11T07:40:09","date_gmt":"2025-06-11T07:40:09","guid":{"rendered":"https:\/\/espan.edu.pt\/site\/?page_id=253175"},"modified":"2025-06-13T10:34:34","modified_gmt":"2025-06-13T10:34:34","slug":"aprender-portugues-em-queluz","status":"publish","type":"page","link":"https:\/\/espan.edu.pt\/site\/aprender-portugues-em-queluz\/","title":{"rendered":"Aprender Portugu\u00eas em Queluz"},"content":{"rendered":"<div class=\"wpb-content-wrapper\"><p>[vc_row][vc_column][vc_column_text css=&#8221;&#8221;]<\/p>\n<h2 style=\"text-align: center;\">APRENDER PORTUGU\u00caS EM QUELUZ &#8211; Portugu\u00eas L\u00edngua de Acolhimento<\/h2>\n<p>[\/vc_column_text][\/vc_column][\/vc_row][vc_row][vc_column width=&#8221;1\/2&#8243;][vc_single_image image=&#8221;253170&#8243; img_size=&#8221;full&#8221; alignment=&#8221;center&#8221; onclick=&#8221;img_link_large&#8221; css=&#8221;&#8221;][\/vc_column][vc_column width=&#8221;1\/2&#8243;][vc_single_image image=&#8221;253169&#8243; img_size=&#8221;full&#8221; alignment=&#8221;center&#8221; onclick=&#8221;img_link_large&#8221; css=&#8221;&#8221;][\/vc_column][\/vc_row][vc_row][vc_column width=&#8221;1\/2&#8243;][vc_single_image image=&#8221;253168&#8243; img_size=&#8221;full&#8221; alignment=&#8221;center&#8221; onclick=&#8221;img_link_large&#8221; css=&#8221;&#8221;][\/vc_column][vc_column width=&#8221;1\/2&#8243;][vc_single_image image=&#8221;253171&#8243; img_size=&#8221;full&#8221; alignment=&#8221;center&#8221; onclick=&#8221;img_link_large&#8221; css=&#8221;&#8221;][\/vc_column][\/vc_row][vc_row][vc_column][vc_column_text css=&#8221;&#8221;]<\/p>\n<h4><strong>Pr\u00e9-Inscri\u00e7\u00e3o:<\/strong><\/h4>\n<p>Pode descarregar aqui o <a href=\"https:\/\/espan.edu.pt\/site\/wp-content\/uploads\/2022\/05\/PLA-pre-insc.pdf\" target=\"_blank\" rel=\"noopener noreferrer\">documento<\/a>.<\/p>\n<p>[\/vc_column_text][\/vc_column][\/vc_row][vc_row][vc_column][vc_column_text css=&#8221;&#8221;]<\/p>\n<p><strong>Informa\u00e7\u00f5es Gerais<\/strong><\/p>\n<ul>\n<li>S\u00e3o destinat\u00e1rios destes cursos cidad\u00e3os migrantes com idade igual ou superior a 16 anos, independentemente da situa\u00e7\u00e3o face ao emprego, cuja l\u00edngua materna n\u00e3o \u00e9 a portuguesa, e\/ou que n\u00e3o detenham compet\u00eancias b\u00e1sicas, interm\u00e9dias ou avan\u00e7adas em l\u00edngua portuguesa, de acordo com o Quadro Europeu Comum de Refer\u00eancia para as l\u00ednguas (QECRL), desde que, observados os requisitos de acesso \u00e0 forma\u00e7\u00e3o no quadro da legisla\u00e7\u00e3o vigente;<\/li>\n<li>Os percursos de forma\u00e7\u00e3o t\u00eam por base os referenciais de Portugu\u00eas para Falantes de Outras L\u00ednguas, dispon\u00edveis no Cat\u00e1logo Nacional de Qualifica\u00e7\u00f5es (CNQ) encontrando-se estruturados da seguinte forma:<\/li>\n<\/ul>\n<p>&nbsp;<\/p>\n<table style=\"height: 472px;\" width=\"768\">\n<tbody>\n<tr>\n<td width=\"75\">\n<p style=\"text-align: center;\"><strong>Percurso<\/strong><\/p>\n<p style=\"text-align: center;\"><strong>C\u00f3digo<\/strong><\/p>\n<\/td>\n<td style=\"text-align: center;\" width=\"75\">\n<p><strong>UFCD<\/strong><\/p>\n<p><strong>C\u00f3digo<\/strong><\/p>\n<\/td>\n<td style=\"text-align: center;\" width=\"375\">\n<p><strong>UFCD<\/strong><\/p>\n<p><strong>Designa\u00e7\u00e3o<\/strong><\/p>\n<\/td>\n<td width=\"69\">\n<p style=\"text-align: center;\"><strong>Dura\u00e7\u00e3o<\/strong><\/p>\n<p style=\"text-align: center;\"><strong>Horas<\/strong><\/p>\n<\/td>\n<\/tr>\n<tr>\n<td rowspan=\"6\" width=\"75\">\n<p>&nbsp;<\/p>\n<p>&nbsp;<\/p>\n<p>A1+A2<\/p>\n<p>09099ZW<\/p>\n<\/td>\n<td width=\"75\">\n<p>6452<\/p>\n<\/td>\n<td width=\"375\">\n<p>Eu e a minha rotina di\u00e1ria<\/p>\n<\/td>\n<td width=\"69\">\n<p>25<\/p>\n<\/td>\n<\/tr>\n<tr>\n<td width=\"75\">\n<p>6453<\/p>\n<\/td>\n<td width=\"375\">\n<p>H\u00e1bitos alimentares, cultura e lazer<\/p>\n<\/td>\n<td width=\"69\">\n<p>25<\/p>\n<\/td>\n<\/tr>\n<tr>\n<td width=\"75\">\n<p>6454<\/p>\n<\/td>\n<td width=\"375\">\n<p>O corpo humano, sa\u00fade e servi\u00e7os<\/p>\n<\/td>\n<td width=\"69\">\n<p>25<\/p>\n<\/td>\n<\/tr>\n<tr>\n<td width=\"75\">\n<p>6455<\/p>\n<\/td>\n<td width=\"375\">\n<p>Eu e o mundo do trabalho<\/p>\n<\/td>\n<td width=\"69\">\n<p>25<\/p>\n<\/td>\n<\/tr>\n<tr>\n<td width=\"75\">\n<p>6456<\/p>\n<\/td>\n<td width=\"375\">\n<p>O meu passado e o meu presente<\/p>\n<\/td>\n<td width=\"69\">\n<p>25<\/p>\n<\/td>\n<\/tr>\n<tr>\n<td width=\"75\">\n<p>6457<\/p>\n<\/td>\n<td width=\"375\">\n<p>Comunica\u00e7\u00e3o e vida em sociedade<\/p>\n<\/td>\n<td width=\"69\">\n<p>25<\/p>\n<\/td>\n<\/tr>\n<\/tbody>\n<\/table>\n<p>&nbsp;<\/p>\n<table style=\"height: 401px;\" width=\"765\">\n<tbody>\n<tr>\n<td width=\"75\">\n<p style=\"text-align: center;\"><strong>Percurso<\/strong><\/p>\n<p style=\"text-align: center;\"><strong>C\u00f3digo<\/strong><\/p>\n<\/td>\n<td style=\"text-align: center;\" width=\"75\">\n<p><strong>UFCD<\/strong><\/p>\n<p><strong>C\u00f3digo<\/strong><\/p>\n<\/td>\n<td style=\"text-align: center;\" width=\"375\">\n<p><strong>UFCD<\/strong><\/p>\n<p><strong>Designa\u00e7\u00e3o<\/strong><\/p>\n<\/td>\n<td width=\"69\">\n<p style=\"text-align: center;\"><strong>Dura\u00e7\u00e3o<\/strong><\/p>\n<p style=\"text-align: center;\"><strong>Horas<\/strong><\/p>\n<\/td>\n<\/tr>\n<tr>\n<td rowspan=\"5\" width=\"75\">\n<p>&nbsp;<\/p>\n<p>&nbsp;<\/p>\n<p>B1+B2<\/p>\n<p>09099ZZ<\/p>\n<\/td>\n<td width=\"75\">\n<p>6397UI<\/p>\n<\/td>\n<td width=\"375\">\n<p>Eu a sociedade e a cultura<\/p>\n<\/td>\n<td width=\"69\">\n<p>50<\/p>\n<\/td>\n<\/tr>\n<tr>\n<td width=\"75\">\n<p>6398UI<\/p>\n<\/td>\n<td width=\"375\">\n<p>Eu e os outros<\/p>\n<\/td>\n<td width=\"69\">\n<p>25<\/p>\n<\/td>\n<\/tr>\n<tr>\n<td width=\"75\">\n<p>6399UI*<\/p>\n<\/td>\n<td width=\"375\">\n<p>Atualidade cultural<\/p>\n<\/td>\n<td width=\"69\">\n<p>25<\/p>\n<\/td>\n<\/tr>\n<tr>\n<td width=\"75\">\n<p>6400UI<\/p>\n<\/td>\n<td width=\"375\">\n<p>Sociedade e projetos de vida<\/p>\n<\/td>\n<td width=\"69\">\n<p>50<\/p>\n<\/td>\n<\/tr>\n<tr>\n<td width=\"75\">\n<p>6401UI<\/p>\n<\/td>\n<td width=\"375\">\n<p>Atualidades<\/p>\n<\/td>\n<td width=\"69\">\n<p>25<\/p>\n<\/td>\n<\/tr>\n<\/tbody>\n<\/table>\n<p>*N\u00e3o \u00e9 obrigat\u00f3ria para a obten\u00e7\u00e3o da certifica\u00e7\u00e3o de N\u00edvel B1<\/p>\n<ul>\n<li>Estes cursos s\u00e3o ministrados em regime p\u00f3s-laboral com uma carga hor\u00e1ria m\u00e1xima de 3 horas\/dia no total de 7h\/semana (A1+A2) ou 8h\/semana (B1+B2);<\/li>\n<li>A avalia\u00e7\u00e3o faz parte integrante do processo formativo e tem como finalidade validar os conhecimentos, as capacidades e as aptid\u00f5es adquiridas e\/ou desenvolvidas pelos formandos ao longo da forma\u00e7\u00e3o, tendo um car\u00e1ter predominantemente formativo e cont\u00ednuo;<\/li>\n<li>A conclus\u00e3o do(s) percurso(s) (A1+A2 ou B1+B2) implica(m), obrigatoriamente, a obten\u00e7\u00e3o de aproveitamento em cada uma das UFCD que o integram;<\/li>\n<li>Para efeitos de conclus\u00e3o de um curso PLA com aproveitamento e posterior certifica\u00e7\u00e3o, a assiduidade n\u00e3o pode ser inferior a 90% da carga hor\u00e1ria total do percurso formativo;<\/li>\n<li>Sempre que um formando n\u00e3o cumpra os 90% da carga hor\u00e1ria total da forma\u00e7\u00e3o, cabe \u00e0 equipa t\u00e9cnico-pedag\u00f3gica (formadores de PLA e coordenador) apreciar e decidir, sobre as justifica\u00e7\u00f5es apresentadas, bem como desenvolver mecanismos de recupera\u00e7\u00e3o necess\u00e1rios ao cumprimento do plano de forma\u00e7\u00e3o, sempre que poss\u00edvel;<\/li>\n<li>A obten\u00e7\u00e3o do n\u00edvel A2 de profici\u00eancia lingu\u00edstica do utilizador elementar ou superior faz prova do conhecimento de l\u00edngua portuguesa para os efeitos da legisla\u00e7\u00e3o em vigor. Ver al\u00ednea d) do n.\u00ba 2 do artigo 25.\u00ba do Decreto-Lei n.\u00ba237-A\/2006 de 14 de dezembro; al\u00edneas e) do n.\u00ba 1 do artigo 64.\u00ba e g) do n.\u00ba 1 do artigo 74.\u00ba do Decreto Regulamentar n.\u00ba 84\/2007,de 5 de novembro.<\/li>\n<\/ul>\n<p>[\/vc_column_text][\/vc_column][\/vc_row]<\/p>\n<\/div>","protected":false},"excerpt":{"rendered":"<p>[vc_row][vc_column][vc_column_text css=&#8221;&#8221;] APRENDER PORTUGU\u00caS EM QUELUZ &#8211; Portugu\u00eas L\u00edngua de Acolhimento [\/vc_column_text][\/vc_column][\/vc_row][vc_row][vc_column width=&#8221;1\/2&#8243;][vc_single_image image=&#8221;253170&#8243; img_size=&#8221;full&#8221; alignment=&#8221;center&#8221; onclick=&#8221;img_link_large&#8221; css=&#8221;&#8221;][\/vc_column][vc_column width=&#8221;1\/2&#8243;][vc_single_image image=&#8221;253169&#8243; img_size=&#8221;full&#8221; alignment=&#8221;center&#8221; onclick=&#8221;img_link_large&#8221; css=&#8221;&#8221;][\/vc_column][\/vc_row][vc_row][vc_column width=&#8221;1\/2&#8243;][vc_single_image image=&#8221;253168&#8243; img_size=&#8221;full&#8221; alignment=&#8221;center&#8221; onclick=&#8221;img_link_large&#8221; css=&#8221;&#8221;][\/vc_column][vc_column &hellip; <\/p>\n","protected":false},"author":1,"featured_media":0,"parent":0,"menu_order":0,"comment_status":"closed","ping_status":"closed","template":"","meta":{"_bbp_topic_count":0,"_bbp_reply_count":0,"_bbp_total_topic_count":0,"_bbp_total_reply_count":0,"_bbp_voice_count":0,"_bbp_anonymous_reply_count":0,"_bbp_topic_count_hidden":0,"_bbp_reply_count_hidden":0,"_bbp_forum_subforum_count":0},"categories":[6550],"tags":[],"uagb_featured_image_src":{"full":false,"thumbnail":false,"medium":false,"medium_large":false,"large":false,"1536x1536":false,"2048x2048":false},"uagb_author_info":{"display_name":"Administrador","author_link":"https:\/\/espan.edu.pt\/site\/author\/administrador\/"},"uagb_comment_info":0,"uagb_excerpt":"[vc_row][vc_column][vc_column_text css=&#8221;&#8221;] APRENDER PORTUGU\u00caS EM QUELUZ &#8211; Portugu\u00eas L\u00edngua de Acolhimento [\/vc_column_text][\/vc_column][\/vc_row][vc_row][vc_column width=&#8221;1\/2&#8243;][vc_single_image image=&#8221;253170&#8243; img_size=&#8221;full&#8221; alignment=&#8221;center&#8221; onclick=&#8221;img_link_large&#8221; css=&#8221;&#8221;][\/vc_column][vc_column width=&#8221;1\/2&#8243;][vc_single_image image=&#8221;253169&#8243; img_size=&#8221;full&#8221; alignment=&#8221;center&#8221; onclick=&#8221;img_link_large&#8221; css=&#8221;&#8221;][\/vc_column][\/vc_row][vc_row][vc_column width=&#8221;1\/2&#8243;][vc_single_image image=&#8221;253168&#8243; img_size=&#8221;full&#8221; alignment=&#8221;center&#8221; onclick=&#8221;img_link_large&#8221; css=&#8221;&#8221;][\/vc_column][vc_column &hellip;","_links":{"self":[{"href":"https:\/\/espan.edu.pt\/site\/wp-json\/wp\/v2\/pages\/253175"}],"collection":[{"href":"https:\/\/espan.edu.pt\/site\/wp-json\/wp\/v2\/pages"}],"about":[{"href":"https:\/\/espan.edu.pt\/site\/wp-json\/wp\/v2\/types\/page"}],"author":[{"embeddable":true,"href":"https:\/\/espan.edu.pt\/site\/wp-json\/wp\/v2\/users\/1"}],"replies":[{"embeddable":true,"href":"https:\/\/espan.edu.pt\/site\/wp-json\/wp\/v2\/comments?post=253175"}],"version-history":[{"count":10,"href":"https:\/\/espan.edu.pt\/site\/wp-json\/wp\/v2\/pages\/253175\/revisions"}],"predecessor-version":[{"id":253188,"href":"https:\/\/espan.edu.pt\/site\/wp-json\/wp\/v2\/pages\/253175\/revisions\/253188"}],"wp:attachment":[{"href":"https:\/\/espan.edu.pt\/site\/wp-json\/wp\/v2\/media?parent=253175"}],"wp:term":[{"taxonomy":"category","embeddable":true,"href":"https:\/\/espan.edu.pt\/site\/wp-json\/wp\/v2\/categories?post=253175"},{"taxonomy":"post_tag","embeddable":true,"href":"https:\/\/espan.edu.pt\/site\/wp-json\/wp\/v2\/tags?post=253175"}],"curies":[{"name":"wp","href":"https:\/\/api.w.org\/{rel}","templated":true}]}}