{"id":252641,"date":"2025-01-16T15:44:37","date_gmt":"2025-01-16T15:44:37","guid":{"rendered":"https:\/\/espan.edu.pt\/site\/?page_id=252641"},"modified":"2026-03-25T16:44:10","modified_gmt":"2026-03-25T16:44:10","slug":"provas-e-exames-2026","status":"publish","type":"page","link":"https:\/\/espan.edu.pt\/site\/provas-e-exames-2026\/","title":{"rendered":"Provas e Exames 2026"},"content":{"rendered":"<div class=\"wpb-content-wrapper\"><p>[vc_section][vc_row][vc_column][vc_column_text css=&#8221;&#8221;]<\/p>\n<p><img loading=\"lazy\" class=\"alignnone size-medium wp-image-253963 aligncenter\" src=\"https:\/\/espan.edu.pt\/site\/wp-content\/uploads\/2025\/12\/exames_2025-300x199.jpg\" alt=\"\" width=\"300\" height=\"199\" srcset=\"https:\/\/espan.edu.pt\/site\/wp-content\/uploads\/2025\/12\/exames_2025-300x199.jpg 300w, https:\/\/espan.edu.pt\/site\/wp-content\/uploads\/2025\/12\/exames_2025-768x508.jpg 768w, https:\/\/espan.edu.pt\/site\/wp-content\/uploads\/2025\/12\/exames_2025.jpg 1008w\" sizes=\"(max-width: 300px) 100vw, 300px\" \/><\/p>\n<p>[\/vc_column_text][\/vc_column][\/vc_row][vc_row][vc_column][vc_text_separator title=&#8221;AVISOS&#8221; css=&#8221;&#8221;][vc_column_text css=&#8221;&#8221;]<\/p>\n<p>O\u00a0<a href=\"https:\/\/iave.pt\/provas-e-exames\/informacoes\/\" target=\"_blank\" rel=\"noopener noreferrer\">IAVE<\/a>\u00a0divulgou as Informa\u00e7\u00f5es-Prova para os Exames Nacionais no Ensino Secund\u00e1rio, a realizar no ano 2026.<\/p>\n<p>No documento infra, os alunos, os pais e encarregados de educa\u00e7\u00e3o e os docentes, podem consultar a Informa\u00e7\u00e3o-Prova respeitante a cada disciplina relativas:<\/p>\n<ul class=\"ul-0\" data-once=\"body\">\n<li class=\"li-0\" data-once=\"ul\"><em>Provas de Monitoriza\u00e7\u00e3o da Aprendizagem (ModA) \u2013 4.\u00ba e 6.\u00ba anos de escolaridade;<\/em><\/li>\n<li class=\"li-0\" data-once=\"ul\"><em>Provas finais de ciclo do ensino b\u00e1sico \u2013 9.\u00ba ano de escolaridade;<\/em><\/li>\n<li class=\"li-0\" data-once=\"ul\"><em>Provas de exame final nacional do Ensino Secund\u00e1rio \u2013 11.\u00ba ou 12.\u00ba anos de escolaridade.<\/em><\/li>\n<\/ul>\n<p>[\/vc_column_text][vc_column_text css=&#8221;&#8221;]<\/p>\n<a href=\"https:\/\/espan.edu.pt\/site\/wp-content\/uploads\/2025\/12\/IP-Geral-2026_29nov-1.pdf\" class=\"pdfemb-viewer\" style=\"\" data-width=\"max\" data-height=\"max\"  data-toolbar=\"bottom\" data-toolbar-fixed=\"on\">IP-Geral-2026_29nov<br\/><\/a>\n<p>[\/vc_column_text][\/vc_column][\/vc_row][vc_row][vc_column][vc_text_separator title=&#8221;PROVAS DE MONITORIZA\u00c7\u00c3O DAS APRENDIZAGENS &#8211; 2026&#8243; css=&#8221;&#8221;][vc_row_inner][vc_column_inner width=&#8221;1\/2&#8243;][vc_column_text css=&#8221;&#8221;]<\/p>\n<p><strong>Aplica\u00e7\u00e3o &#8220;Intuitivo&#8221;\u00a0<\/strong><\/p>\n<p>Plataforma de realiza\u00e7\u00e3o das Provas de Aferi\u00e7\u00e3o Online<\/p>\n<p>[\/vc_column_text][\/vc_column_inner][vc_column_inner width=&#8221;1\/2&#8243;][vc_column_text css=&#8221;&#8221;]<\/p>\n<p>Links de acesso para as v\u00e1rias plataformas do Intuitivo &#8211; <a href=\"https:\/\/espan.edu.pt\/site\/moda\" target=\"_blank\" rel=\"noopener noreferrer\">AQUI<\/a><\/p>\n<p>Manual de Instru\u00e7\u00f5es para a aplica\u00e7\u00e3o Intuitivo &#8211; <a href=\"https:\/\/espan.edu.pt\/site\/wp-content\/uploads\/2024\/05\/ManualAppRealizacao.pdf\" target=\"_blank\" rel=\"noopener noreferrer\">AQUI<\/a><\/p>\n<p>[\/vc_column_text][\/vc_column_inner][\/vc_row_inner][\/vc_column][\/vc_row][vc_row][vc_column width=&#8221;1\/2&#8243;][vc_column_text css=&#8221;&#8221;]<\/p>\n<h3>Documentos Normativos<\/h3>\n<p>[\/vc_column_text][vc_column_text css=&#8221;&#8221;]<\/p>\n<section class=\"medialist-embedded-section\"><div mediajqref=\"medialist-construct\" id=\"mlid-69e9f93996882\"class=\"medialist ml-default\" data-instance=\"69e9f93996882\" data-token=\"10\" data-paging=\"1\"><ul class=\"ml-ul-ml-default\" style=\"list-style-type:none;\"><li class=\"ml-li-ml-default\"><a class=\"ml-item-ml-default medialist-ml-default pdf\"href=\"https:\/\/espan.edu.pt\/site\/wp-content\/uploads\/2026\/03\/Despacho-Normativo-n.o-3_2026.pdf\"target=\"_blank\">Despacho Normativo n.\u00ba 3_2026 <span class=\"ml-details-ml-default\">pdf 486.9 KB<\/span><\/a><\/li><li class=\"ml-li-ml-default\"><a class=\"ml-item-ml-default medialist-ml-default pdf\"href=\"https:\/\/espan.edu.pt\/site\/wp-content\/uploads\/2026\/03\/DespachoNormativo-No-1-2026.pdf\"target=\"_blank\">DespachoNormativo N\u00ba 1 2026 <span class=\"ml-details-ml-default\">pdf 77.6 KB<\/span><\/a><\/li><li class=\"ml-li-ml-default\"><a class=\"ml-item-ml-default medialist-ml-default pdf\"href=\"https:\/\/espan.edu.pt\/site\/wp-content\/uploads\/2026\/03\/Guia-Geral-Exames.pdf\"target=\"_blank\">Guia Geral Exames <span class=\"ml-details-ml-default\">pdf 744.8 KB<\/span><\/a><\/li><li class=\"ml-li-ml-default\"><a class=\"ml-item-ml-default medialist-ml-default pdf\"href=\"https:\/\/espan.edu.pt\/site\/wp-content\/uploads\/2026\/03\/Norma-1.pdf\"target=\"_blank\">Norma 1 <span class=\"ml-details-ml-default\">pdf 1.4 MB<\/span><\/a><\/li><\/ul><\/div><\/section>\n<p>[\/vc_column_text][\/vc_column][vc_column width=&#8221;1\/2&#8243;][\/vc_column][\/vc_row][\/vc_section]<\/p>\n<\/div>","protected":false},"excerpt":{"rendered":"<p>[vc_section][vc_row][vc_column][vc_column_text css=&#8221;&#8221;] [\/vc_column_text][\/vc_column][\/vc_row][vc_row][vc_column][vc_text_separator title=&#8221;AVISOS&#8221; css=&#8221;&#8221;][vc_column_text css=&#8221;&#8221;] O\u00a0IAVE\u00a0divulgou as Informa\u00e7\u00f5es-Prova para os Exames Nacionais no Ensino Secund\u00e1rio, a realizar no ano 2026. No documento infra, os alunos, os pais e encarregados &hellip; <\/p>\n","protected":false},"author":1,"featured_media":0,"parent":0,"menu_order":0,"comment_status":"closed","ping_status":"closed","template":"","meta":{"_bbp_topic_count":0,"_bbp_reply_count":0,"_bbp_total_topic_count":0,"_bbp_total_reply_count":0,"_bbp_voice_count":0,"_bbp_anonymous_reply_count":0,"_bbp_topic_count_hidden":0,"_bbp_reply_count_hidden":0,"_bbp_forum_subforum_count":0},"categories":[],"tags":[],"uagb_featured_image_src":{"full":["https:\/\/espan.edu.pt\/site\/wp-content\/uploads\/2026\/03\/Norma-1-pdf.jpg",1058,1497,true],"thumbnail":["https:\/\/espan.edu.pt\/site\/wp-content\/uploads\/2026\/03\/Norma-1-pdf-106x150.jpg",106,150,true],"medium":["https:\/\/espan.edu.pt\/site\/wp-content\/uploads\/2026\/03\/Norma-1-pdf-212x300.jpg",212,300,true],"medium_large":["https:\/\/espan.edu.pt\/site\/wp-content\/uploads\/2026\/03\/Norma-1-pdf.jpg",640,906,false],"large":["https:\/\/espan.edu.pt\/site\/wp-content\/uploads\/2026\/03\/Norma-1-pdf-724x1024.jpg",640,905,true],"1536x1536":["https:\/\/espan.edu.pt\/site\/wp-content\/uploads\/2026\/03\/Norma-1-pdf.jpg",1058,1497,false],"2048x2048":["https:\/\/espan.edu.pt\/site\/wp-content\/uploads\/2026\/03\/Norma-1-pdf.jpg",1058,1497,false]},"uagb_author_info":{"display_name":"Administrador","author_link":"https:\/\/espan.edu.pt\/site\/author\/administrador\/"},"uagb_comment_info":0,"uagb_excerpt":"[vc_section][vc_row][vc_column][vc_column_text css=&#8221;&#8221;] [\/vc_column_text][\/vc_column][\/vc_row][vc_row][vc_column][vc_text_separator title=&#8221;AVISOS&#8221; css=&#8221;&#8221;][vc_column_text css=&#8221;&#8221;] O\u00a0IAVE\u00a0divulgou as Informa\u00e7\u00f5es-Prova para os Exames Nacionais no Ensino Secund\u00e1rio, a realizar no ano 2026. No documento infra, os alunos, os pais e encarregados &hellip;","_links":{"self":[{"href":"https:\/\/espan.edu.pt\/site\/wp-json\/wp\/v2\/pages\/252641"}],"collection":[{"href":"https:\/\/espan.edu.pt\/site\/wp-json\/wp\/v2\/pages"}],"about":[{"href":"https:\/\/espan.edu.pt\/site\/wp-json\/wp\/v2\/types\/page"}],"author":[{"embeddable":true,"href":"https:\/\/espan.edu.pt\/site\/wp-json\/wp\/v2\/users\/1"}],"replies":[{"embeddable":true,"href":"https:\/\/espan.edu.pt\/site\/wp-json\/wp\/v2\/comments?post=252641"}],"version-history":[{"count":27,"href":"https:\/\/espan.edu.pt\/site\/wp-json\/wp\/v2\/pages\/252641\/revisions"}],"predecessor-version":[{"id":254165,"href":"https:\/\/espan.edu.pt\/site\/wp-json\/wp\/v2\/pages\/252641\/revisions\/254165"}],"wp:attachment":[{"href":"https:\/\/espan.edu.pt\/site\/wp-json\/wp\/v2\/media?parent=252641"}],"wp:term":[{"taxonomy":"category","embeddable":true,"href":"https:\/\/espan.edu.pt\/site\/wp-json\/wp\/v2\/categories?post=252641"},{"taxonomy":"post_tag","embeddable":true,"href":"https:\/\/espan.edu.pt\/site\/wp-json\/wp\/v2\/tags?post=252641"}],"curies":[{"name":"wp","href":"https:\/\/api.w.org\/{rel}","templated":true}]}}