{"id":252487,"date":"2024-11-14T11:05:54","date_gmt":"2024-11-14T11:05:54","guid":{"rendered":"https:\/\/espan.edu.pt\/site\/?page_id=252487"},"modified":"2026-04-08T12:22:11","modified_gmt":"2026-04-08T12:22:11","slug":"ensino-pos-secundario","status":"publish","type":"page","link":"https:\/\/espan.edu.pt\/site\/ensino-pos-secundario\/","title":{"rendered":"Ensino P\u00f3s-Secund\u00e1rio"},"content":{"rendered":"<div class=\"wpb-content-wrapper\"><p>[vc_row][vc_column width=&#8221;2\/3&#8243;][vc_row_inner][vc_column_inner][vc_column_text css=&#8221;&#8221;]<\/p>\n<h1 style=\"text-align: center;\">CURSO DE ESPECIALIZA\u00c7\u00c3O TECNOL\u00d3GICA<\/h1>\n<p>[\/vc_column_text][vc_message message_box_style=&#8221;3d&#8221; style=&#8221;square&#8221; message_box_color=&#8221;turquoise&#8221; icon_fontawesome=&#8221;fas fa-exclamation&#8221; css=&#8221;&#8221;]<\/p>\n<p>INSCRI\u00c7\u00d5ES ABERTAS PARA O ANO LETIVO 2026\/2027<\/p>\n<p>[\/vc_message][vc_btn title=&#8221;Inscri\u00e7\u00f5es&#8221; color=&#8221;primary&#8221; css=&#8221;.vc_custom_1763564647025{margin-left: 15px !important;}&#8221; link=&#8221;url:https%3A%2F%2Fform.jotform.com%2F253191474145053|target:_blank&#8221;][vc_column_text css=&#8221;&#8221;]<\/p>\n<h1 style=\"text-align: center;\"><span style=\"color: #008080;\"><strong>Inscri\u00e7\u00f5es abertas para o ano letivo 2026\/2027<\/strong><\/span><\/h1>\n<p>&nbsp;<\/p>\n<h2 style=\"text-align: center;\"><span style=\"color: #008000;\"><strong>A forma\u00e7\u00e3o decorre em hor\u00e1rio laboral<\/strong><\/span><\/h2>\n<h2 style=\"text-align: center;\"><span style=\"color: #ff9900;\"><strong>&#8211; In\u00edcio a 14 de setembro de 2026 &#8211;<\/strong><\/span><\/h2>\n<p>&nbsp;<\/p>\n<p>&nbsp;<\/p>\n<p>[\/vc_column_text][\/vc_column_inner][\/vc_row_inner][vc_tta_tabs][vc_tta_section title=&#8221;Defini\u00e7\u00e3o&#8221; tab_id=&#8221;1731581080280-81fe1668-50be&#8221;][vc_column_text css=&#8221;&#8221;]<\/p>\n<p>O CET &#8211; Curso de Especializa\u00e7\u00e3o Tecnol\u00f3gica \u00e9 uma forma\u00e7\u00e3o p\u00f3s-secund\u00e1ria n\u00e3o superior, que visa conferir qualifica\u00e7\u00e3o do n\u00edvel 5 do Quadro Nacional de Qualifica\u00e7\u00f5es (QNQ).<\/p>\n<p>Ao longo do curso realizas projetos, com aplica\u00e7\u00e3o real, com o objetivo de te aproximar e preparar para uma plena integra\u00e7\u00e3o no mercado de trabalho.<\/p>\n<p>Tens, ainda, oportunidade de estar em contacto com o mundo empresarial, quer atrav\u00e9s de semin\u00e1rios com l\u00edderes e profissionais de refer\u00eancia, quer atrav\u00e9s do est\u00e1gio.<\/p>\n<p>Permite beneficiar de condi\u00e7\u00f5es especiais de acesso ao ensino superior.<\/p>\n<p>&nbsp;<\/p>\n<p><strong>PONTOS DE CR\u00c9DITO: 106,5<\/strong><\/p>\n<div>\n<p>DESCRI\u00c7\u00c3O DA QUAIFICA\u00c7\u00c3O: Planear, executar, gerir e configurar infraestruturas de sistemas inform\u00e1ticos de apoio \u00e0s diferentes \u00e1reas de gest\u00e3o da organiza\u00e7\u00e3o bem como de suporte a redes de telecomunica\u00e7\u00f5es de nova gera\u00e7\u00e3o, com integra\u00e7\u00e3o de servi\u00e7os de voz, dados e v\u00eddeo.<\/p>\n<p>Um\u00a0<strong>Curso de Especializa\u00e7\u00e3o Tecnol\u00f3gica\u00a0<\/strong>\u00e9 um curso p\u00f3s-secund\u00e1rio que confere o\u00a0<strong>N\u00edvel 5 de Qualifica\u00e7\u00e3o Profissional\u00a0<\/strong>do Quadro Nacional de Qualifica\u00e7\u00f5es. Tem forte liga\u00e7\u00e3o ao mercado de trabalho, permite a continua\u00e7\u00e3o para o Ensino Superior, conferindo equival\u00eancias a cr\u00e9ditos no ensino universit\u00e1rio e polit\u00e9cnico.<\/p>\n<p>O acesso ao Ensino Superior pode ser realizado atrav\u00e9s do regime geral de acesso ou atrav\u00e9s do\u00a0<strong>Concurso Especial para detentores do Diploma de Especializa\u00e7\u00e3o Tecnol\u00f3gica<\/strong>, regulado pelo Decreto de Lei n\u00ba 113\/2014 de 16 de julho.<\/p>\n<\/div>\n<p>&nbsp;<\/p>\n<p>[\/vc_column_text][\/vc_tta_section][vc_tta_section title=&#8221;Atividades&#8221; tab_id=&#8221;1731581080286-b3a2e5d7-e172&#8243;][vc_column_text css=&#8221;&#8221;]<\/p>\n<ul>\n<li>Instalar e configurar redes de comunica\u00e7\u00e3o, ao n\u00edvel da infraestrutura de cablagem, do sistema operativo, do equipamento e dos servi\u00e7os, dando especial realce \u00e0s quest\u00f5es de desempenho e seguran\u00e7a;<\/li>\n<li>Instalar e configurar infraestruturas de rede baseadas num sistema operativo, usando a tecnologia mais ajustada;<\/li>\n<li>Dimensionar e implementar uma rede corporativa de nova gera\u00e7\u00e3o, com integra\u00e7\u00e3o de servi\u00e7os de voz, dados e v\u00eddeo;<\/li>\n<li>Gerir e configurar sistemas de informa\u00e7\u00e3o de suporte aos sistemas e redes de comunica\u00e7\u00f5es, nomeadamente, sistemas de supervis\u00e3o e servidores de DHCP, DNS, NAS, Proxys, gestores de tr\u00e1fego, entre outros;<\/li>\n<li>Apoiar e gerir redes: protocolos e aplica\u00e7\u00f5es; servidores de autentica\u00e7\u00e3o, autoriza\u00e7\u00e3o, registo e contabiliza\u00e7\u00e3o;<\/li>\n<li>Apoiar e gerir sistemas: modelos e aplica\u00e7\u00f5es, ferramentas, sistemas operativos, pol\u00edticas de back up, redund\u00e2ncia e fiabilidade, prepara\u00e7\u00e3o de planos de emerg\u00eancia, estipular toler\u00e2ncia a falhas;<\/li>\n<li>Apoiar e gerir servi\u00e7os inform\u00e1ticos: pol\u00edticas de licenciamento, suporte e manuten\u00e7\u00e3o, apoio aos utilizadores (helpdesk), ferramentas de apoio \u00e0 instala\u00e7\u00e3o, diagn\u00f3stico, gest\u00e3o e recupera\u00e7\u00e3o da informa\u00e7\u00e3o;<\/li>\n<li>Instalar e configurar sistemas operativos, servidores, servi\u00e7os e perif\u00e9ricos da rede;<\/li>\n<li>Gerir e configurar servidores e servi\u00e7os baseados na Internet.<\/li>\n<li>Gerir utilizadores e computadores de forma centralizada.<\/li>\n<\/ul>\n<p>[\/vc_column_text][\/vc_tta_section][vc_tta_section title=&#8221;Acesso ao Ensino Superior&#8221; tab_id=&#8221;1731581409960-f757472c-f662&#8243;][vc_column_text css=&#8221;&#8221;]<\/p>\n<ul>\n<li>Permite o prosseguimento de estudos no ensino superior atrav\u00e9s do regime geral de acesso ou atrav\u00e9s do Concurso Especial para detentores do Diploma de Especializa\u00e7\u00e3o Tecnol\u00f3gica.<\/li>\n<li>Confere ainda equival\u00eancias a cr\u00e9ditos em licenciaturas do ensino universit\u00e1rio e polit\u00e9cnico.<\/li>\n<\/ul>\n<p><em>Para mais informa\u00e7\u00f5es acerca do acesso ao ensino superior contacte a respetiva institui\u00e7\u00e3o de ensino.<\/em><\/p>\n<p>[\/vc_column_text][\/vc_tta_section][vc_tta_section title=&#8221;Sa\u00eddas Profissionais&#8221; tab_id=&#8221;1731581444858-123ebb17-fb6b&#8221;][vc_column_text css=&#8221;&#8221;]<\/p>\n<ul>\n<li>T\u00e9cnico\/a Especialista em Gest\u00e3o de Redes e Sistemas Computacionais<\/li>\n<li>Gestor\/a de Redes<\/li>\n<li>T\u00e9cnico\/a de Sistemas<\/li>\n<li>Programador\/a Cisco<\/li>\n<\/ul>\n<p>[\/vc_column_text][\/vc_tta_section][vc_tta_section title=&#8221;Destinat\u00e1rios&#8221; tab_id=&#8221;1731581433832-9a221286-84e4&#8243;][vc_column_text css=&#8221;&#8221;]<\/p>\n<ul>\n<li>Candidatos titulares do n\u00edvel 4 de qualifica\u00e7\u00e3o;<\/li>\n<li>Candidatos com o 12\u00ba ano conclu\u00eddo;<\/li>\n<li>Candidatos titulares de um diploma de especializa\u00e7\u00e3o tecnol\u00f3gica ou de um grau ou diploma de ensino superior e que pretendam uma requalifica\u00e7\u00e3o profissional;<\/li>\n<li>Candidatos com 18 anos de idade ou mais \u00e0 data de in\u00edcio da forma\u00e7\u00e3o.<\/li>\n<\/ul>\n<p>[\/vc_column_text][\/vc_tta_section][\/vc_tta_tabs][\/vc_column][vc_column width=&#8221;1\/3&#8243;][vc_single_image image=&#8221;253802&#8243; img_size=&#8221;full&#8221; alignment=&#8221;center&#8221; css=&#8221;&#8221;][vc_message css=&#8221;&#8221;]<\/p>\n<p><a href=\"https:\/\/catalogo.anqep.gov.pt\/qualificacoesDetalhe\/9500\" target=\"_blank\" rel=\"noopener noreferrer\">Cat\u00e1logo ANQEP<\/a><\/p>\n<p>[\/vc_message][vc_message icon_fontawesome=&#8221;fas fa-envelope&#8221; css=&#8221;&#8221;]<\/p>\n<p><a href=\"mailto:tecnicoespecialista@aeqb.edu.pt\">tecnicoespecialista@aeqb.edu.pt<\/a><\/p>\n<p>[\/vc_message][vc_column_text css=&#8221;&#8221;]<\/p>\n<p><strong>Legisla\u00e7\u00e3o:<\/strong><\/p>\n<p>[\/vc_column_text][vc_row_inner][vc_column_inner][vc_column_text css=&#8221;&#8221;]<\/p>\n<p><a title=\"Link para DL 88\/2006\" href=\"http:\/\/dre.pt\/pdf1sdip\/2006\/05\/099A00\/34743483.pdf\" target=\"_blank\" rel=\"noopener noreferrer\">Decreto-Lei n.\u00ba 88\/2006<\/a>, de 23 de maio, com as altera\u00e7\u00f5es introduzidas pelo\u00a0<a href=\"https:\/\/files.dre.pt\/1s\/2022\/05\/10500\/0000300015.pdf\" target=\"_blank\" rel=\"noopener noreferrer\">Decreto-Lei n.\u00ba 39\/2022<\/a>, de 31 de maio.<br \/><strong>Regula os cursos de especializa\u00e7\u00e3o tecnol\u00f3gica.<\/strong><\/p>\n<p><a href=\"https:\/\/files.dre.pt\/1s\/2022\/08\/16000\/0001000023.pdf\" target=\"_blank\" rel=\"noopener noreferrer\">Portaria n.\u00ba 206\/2022<\/a>, de 19 de agosto.<br \/><strong>Regula as condi\u00e7\u00f5es de funcionamento dos CET.<\/strong><\/p>\n<p>[\/vc_column_text][\/vc_column_inner][\/vc_row_inner][vc_row_inner][vc_column_inner][\/vc_column_inner][\/vc_row_inner][\/vc_column][\/vc_row][vc_row][vc_column]<div class=\"thim-widget-video\"><div class=\"thim-video-box\">\n\t<div class=\"video-container\">\n\t\t<div class=\"video\"><iframe id=\"thim-video\" width=\"100%\" height=\"100%\" src=\"https:\/\/www.youtube.com\/embed\/DkAd8DoaJpI\" allowfullscreen style=\"border: 0;\"><\/iframe><\/div>\t<\/div>\n<\/div><\/div>[\/vc_column][\/vc_row]<\/p>\n<\/div>","protected":false},"excerpt":{"rendered":"<p>[vc_row][vc_column width=&#8221;2\/3&#8243;][vc_row_inner][vc_column_inner][vc_column_text css=&#8221;&#8221;] CURSO DE ESPECIALIZA\u00c7\u00c3O TECNOL\u00d3GICA [\/vc_column_text][vc_message message_box_style=&#8221;3d&#8221; style=&#8221;square&#8221; message_box_color=&#8221;turquoise&#8221; icon_fontawesome=&#8221;fas fa-exclamation&#8221; css=&#8221;&#8221;] INSCRI\u00c7\u00d5ES ABERTAS PARA O ANO LETIVO 2026\/2027 [\/vc_message][vc_btn title=&#8221;Inscri\u00e7\u00f5es&#8221; color=&#8221;primary&#8221; css=&#8221;.vc_custom_1763564647025{margin-left: 15px !important;}&#8221; link=&#8221;url:https%3A%2F%2Fform.jotform.com%2F253191474145053|target:_blank&#8221;][vc_column_text css=&#8221;&#8221;] Inscri\u00e7\u00f5es &hellip; <\/p>\n","protected":false},"author":1,"featured_media":0,"parent":0,"menu_order":0,"comment_status":"closed","ping_status":"closed","template":"","meta":{"_bbp_topic_count":0,"_bbp_reply_count":0,"_bbp_total_topic_count":0,"_bbp_total_reply_count":0,"_bbp_voice_count":0,"_bbp_anonymous_reply_count":0,"_bbp_topic_count_hidden":0,"_bbp_reply_count_hidden":0,"_bbp_forum_subforum_count":0},"categories":[],"tags":[],"uagb_featured_image_src":{"full":false,"thumbnail":false,"medium":false,"medium_large":false,"large":false,"1536x1536":false,"2048x2048":false},"uagb_author_info":{"display_name":"Administrador","author_link":"https:\/\/espan.edu.pt\/site\/author\/administrador\/"},"uagb_comment_info":0,"uagb_excerpt":"[vc_row][vc_column width=&#8221;2\/3&#8243;][vc_row_inner][vc_column_inner][vc_column_text css=&#8221;&#8221;] CURSO DE ESPECIALIZA\u00c7\u00c3O TECNOL\u00d3GICA [\/vc_column_text][vc_message message_box_style=&#8221;3d&#8221; style=&#8221;square&#8221; message_box_color=&#8221;turquoise&#8221; icon_fontawesome=&#8221;fas fa-exclamation&#8221; css=&#8221;&#8221;] INSCRI\u00c7\u00d5ES ABERTAS PARA O ANO LETIVO 2026\/2027 [\/vc_message][vc_btn title=&#8221;Inscri\u00e7\u00f5es&#8221; color=&#8221;primary&#8221; css=&#8221;.vc_custom_1763564647025{margin-left: 15px !important;}&#8221; link=&#8221;url:https%3A%2F%2Fform.jotform.com%2F253191474145053|target:_blank&#8221;][vc_column_text css=&#8221;&#8221;] Inscri\u00e7\u00f5es &hellip;","_links":{"self":[{"href":"https:\/\/espan.edu.pt\/site\/wp-json\/wp\/v2\/pages\/252487"}],"collection":[{"href":"https:\/\/espan.edu.pt\/site\/wp-json\/wp\/v2\/pages"}],"about":[{"href":"https:\/\/espan.edu.pt\/site\/wp-json\/wp\/v2\/types\/page"}],"author":[{"embeddable":true,"href":"https:\/\/espan.edu.pt\/site\/wp-json\/wp\/v2\/users\/1"}],"replies":[{"embeddable":true,"href":"https:\/\/espan.edu.pt\/site\/wp-json\/wp\/v2\/comments?post=252487"}],"version-history":[{"count":29,"href":"https:\/\/espan.edu.pt\/site\/wp-json\/wp\/v2\/pages\/252487\/revisions"}],"predecessor-version":[{"id":254173,"href":"https:\/\/espan.edu.pt\/site\/wp-json\/wp\/v2\/pages\/252487\/revisions\/254173"}],"wp:attachment":[{"href":"https:\/\/espan.edu.pt\/site\/wp-json\/wp\/v2\/media?parent=252487"}],"wp:term":[{"taxonomy":"category","embeddable":true,"href":"https:\/\/espan.edu.pt\/site\/wp-json\/wp\/v2\/categories?post=252487"},{"taxonomy":"post_tag","embeddable":true,"href":"https:\/\/espan.edu.pt\/site\/wp-json\/wp\/v2\/tags?post=252487"}],"curies":[{"name":"wp","href":"https:\/\/api.w.org\/{rel}","templated":true}]}}