{"id":252097,"date":"2024-07-25T19:23:46","date_gmt":"2024-07-25T19:23:46","guid":{"rendered":"https:\/\/espan.edu.pt\/site\/?page_id=252097"},"modified":"2025-07-29T08:25:36","modified_gmt":"2025-07-29T08:25:36","slug":"eqavet-3","status":"publish","type":"page","link":"https:\/\/espan.edu.pt\/site\/eqavet-3\/","title":{"rendered":"EQAVET"},"content":{"rendered":"<div class=\"wpb-content-wrapper\"><p>[vc_row][vc_column][vc_row_inner][vc_column_inner][vc_column_text css=&#8221;&#8221;]<\/p>\r\n<p class=\"has-large-font-size\"><img loading=\"lazy\" width=\"307\" height=\"164\" class=\"wp-image-250075 aligncenter\" src=\"https:\/\/espan.edu.pt\/site\/wp-content\/uploads\/2023\/10\/Eqavet-Copia.png\" alt=\"\" srcset=\"https:\/\/espan.edu.pt\/site\/wp-content\/uploads\/2023\/10\/Eqavet-Copia.png 307w, https:\/\/espan.edu.pt\/site\/wp-content\/uploads\/2023\/10\/Eqavet-Copia-300x160.png 300w\" sizes=\"(max-width: 307px) 100vw, 307px\" \/><\/p>\r\n<p>[\/vc_column_text][\/vc_column_inner][\/vc_row_inner][vc_tta_tabs][vc_tta_section title=&#8221;Selo EQAVET&#8221; tab_id=&#8221;1720649854133-df0350de-0897&#8243;][vc_column_text css=&#8221;&#8221;]<\/p>\r\n<p>O Agrupamento de Escolas de Queluz-Belas <strong>recebeu a 30\/04\/2024 o Selo de Garantia da Qualidade EQAVET por um per\u00edodo de 3 anos<\/strong>.\u00a0 Este \u00e9 um reconhecimento pelo trabalho de qualidade que se tem realizado no nosso Agrupamento.<\/p>\r\n<p><a href=\"https:\/\/espan.edu.pt\/site\/wp-content\/uploads\/2024\/05\/Logtipo_Selo_EQAVET_Mobile.jpg\"><img loading=\"lazy\" class=\"alignnone wp-image-251428\" src=\"https:\/\/espan.edu.pt\/site\/wp-content\/uploads\/2024\/05\/Logtipo_Selo_EQAVET_Mobile-300x107.jpg\" alt=\"\" width=\"252\" height=\"90\" srcset=\"https:\/\/espan.edu.pt\/site\/wp-content\/uploads\/2024\/05\/Logtipo_Selo_EQAVET_Mobile-300x107.jpg 300w, https:\/\/espan.edu.pt\/site\/wp-content\/uploads\/2024\/05\/Logtipo_Selo_EQAVET_Mobile.jpg 480w\" sizes=\"(max-width: 252px) 100vw, 252px\" \/><\/a><\/p>\r\n<p><a href=\"https:\/\/espan.edu.pt\/site\/wp-content\/uploads\/2024\/05\/Selo-EQAVET_AEQB.pdf\">Selo atribu\u00eddo a 30\/04\/2024<\/a><\/p>\r\n<p>V\u00e1lido at\u00e9 30\/04\/2027<\/p>\r\n<p>[\/vc_column_text][\/vc_tta_section][vc_tta_section title=&#8221;O que \u00e9?&#8221; tab_id=&#8221;1720649676670-4ba9f4a6-eb68&#8243;][vc_column_text]<\/p>\r\n<p><span style=\"color: #000080;\"><strong>O que \u00e9 o EQAVET?<\/strong><\/span><\/p>\r\n<p>O EQAVET (acr\u00f3nimo de\u00a0<b><i>European Quality Assurance Reference Framework for Vocational Education and Training<\/i><\/b>, em portugu\u00eas Quadro de Refer\u00eancia Europeu de Garantia da Qualidade para a Educa\u00e7\u00e3o e Forma\u00e7\u00e3o Profissional), estabelecido pela\u00a0<a href=\"https:\/\/eur-lex.europa.eu\/legal-content\/PT\/TXT\/PDF\/?uri=CELEX:32009H0708(01)&amp;from=PT\" target=\"_blank\" rel=\"noopener noreferrer\">Recomenda\u00e7\u00e3o<\/a>\u00a0do Parlamento e do Conselho, de 18 de junho de 2009 (substitu\u00edda pela Recomenda\u00e7\u00e3o do Conselho, de 24 de novembro de 2020, sobre o ensino e a forma\u00e7\u00e3o profissionais em prol da competitividade sustent\u00e1vel, da justi\u00e7a social e da resili\u00eancia), \u00e9 o instrumento de refer\u00eancia para promover e monitorizar o aperfei\u00e7oamento dos sistemas europeus de ensino e forma\u00e7\u00e3o profissional (EFP).<\/p>\r\n<p>O EQAVET salienta o papel de uma cultura da melhoria da qualidade e da responsabilidade ao n\u00edvel dos sistemas e dos operadores EFP.<\/p>\r\n<p>Atribui um papel determinante \u00e0 autoavalia\u00e7\u00e3o sistem\u00e1tica e compreende mecanismos de avalia\u00e7\u00e3o interna e de avalia\u00e7\u00e3o externa que devem ser definidos pelos Estados Membros.<\/p>\r\n<p>[\/vc_column_text][\/vc_tta_section][vc_tta_section title=&#8221;Metodologia EQAVET&#8221; tab_id=&#8221;1720649676689-ddc92981-db1c&#8221;][vc_column_text]<\/p>\r\n<p><strong><span style=\"color: #000080;\">Metodologia do EQAVET<\/span><\/strong><\/p>\r\n<p>O EQAVET prop\u00f5e uma metodologia assente:<\/p>\r\n<ul>\r\n<li>Num\u00a0<b>ciclo da qualidade<\/b>\u00a0composto por quatro fases: planeamento, aplica\u00e7\u00e3o, avalia\u00e7\u00e3o e reexame.<\/li>\r\n<li>Em\u00a0<b>crit\u00e9rios de qualidade<\/b>\u00a0e descritores indicativos estruturados segundo as fases do ciclo de qualidade, os quais podem ser aplicados tanto ao EFP inicial como ao EFP cont\u00ednuo, bem como a todos os ambientes de aprendizagem: oferta em contexto escolar e aprendizagem em contexto laboral, incluindo programas de aprendizagem.<\/li>\r\n<li>Em\u00a0<b>indicadores de refer\u00eancia<\/b>, de natureza qualitativa e de natureza quantitativa, que podem ser usados para apoiar a avalia\u00e7\u00e3o e a melhoria da qualidade dos sistemas nacionais\/regionais e\/ou dos operadores de EFP.<\/li>\r\n<\/ul>\r\n<p>Para mais informa\u00e7\u00e3o consultar\u00a0<a href=\"http:\/\/www.eqavet.eu\/\" target=\"_blank\" rel=\"noopener noreferrer\">EQAVET<\/a>.<\/p>\r\n<p>Em Portugal, o\u00a0<a href=\"https:\/\/dre.pt\/application\/file\/a\/25677135\" target=\"_blank\" rel=\"noopener noreferrer\">Decreto-Lei n\u00ba 92\/2014<\/a>, de 20 de junho, que estabelece o regime jur\u00eddico das escolas profissionais, estabeleceu que estas devem implementar sistemas de garantia da qualidade alinhados com o EQAVET, atribuindo \u00e0 ANQEP, IP a compet\u00eancia para promover, acompanhar e apoiar essa implementa\u00e7\u00e3o.<\/p>\r\n<p>Para mais informa\u00e7\u00e3o consultar\u00a0<a href=\"http:\/\/www.qualidade.anqep.gov.pt\/sobre.asp\" target=\"_blank\" rel=\"noopener noreferrer\">Garantia da Qualidade na Educa\u00e7\u00e3o e Forma\u00e7\u00e3o Profissional<\/a><\/p>\r\n<p>[\/vc_column_text][\/vc_tta_section][vc_tta_section title=&#8221;Calendariza\u00e7\u00e3o&#8221; tab_id=&#8221;1720649799879-641865ae-5151&#8243;][vc_column_text css=&#8221;&#8221;]<\/p>\r\n<p><span style=\"color: #000080;\"><strong>Calendariza\u00e7\u00e3o EQAVET &#8211; AEQB<\/strong><\/span><\/p>\r\n<p>In\u00edcio do processo de certifica\u00e7\u00e3o: 02\/2023<\/p>\r\n<p>Submiss\u00e3o do Documento Base: 05\/2023<\/p>\r\n<p>Submiss\u00e3o do <a href=\"https:\/\/espan.edu.pt\/site\/wp-content\/uploads\/2024\/05\/Relatorio-Operador.pdf\" target=\"_blank\" rel=\"noopener noreferrer\">Relat\u00f3rio do Operador<\/a>: 12\/2023<\/p>\r\n<p><a href=\"https:\/\/espan.edu.pt\/site\/wp-content\/uploads\/2024\/05\/Documento-base-Plano-acao.pdf\" target=\"_blank\" rel=\"noopener noreferrer\">Plano de A\u00e7\u00e3o\/Melhorias<\/a> 2022-2023<\/p>\r\n<p>Visita das Peritas ao AEQB: 02\/2024<\/p>\r\n<p>Submiss\u00e3o do <a href=\"https:\/\/espan.edu.pt\/site\/wp-content\/uploads\/2024\/05\/Relatorio-Final-Peritas.pdf\" target=\"_blank\" rel=\"noopener noreferrer\">relat\u00f3rio final das Peritas<\/a> \u00e0 ANQEP\/Atribui\u00e7\u00e3o do selo: 04\/2024<\/p>\r\n<p>[\/vc_column_text][\/vc_tta_section][vc_tta_section title=&#8221;Documenta\u00e7\u00e3o Geral&#8221; tab_id=&#8221;1720649930895-f50cdab5-f9bc&#8221;][vc_column_text]<\/p>\r\n<p><strong><span style=\"color: #000080;\">Documenta\u00e7\u00e3o de suporte:<\/span><\/strong><\/p>\r\n<p><a href=\"https:\/\/espan.edu.pt\/site\/wp-content\/uploads\/2024\/02\/Projeto-EQAVET-Documento-Base-v1-042023_AEQB.pdf\">Documento Base<\/a><\/p>\r\n<p><a href=\"https:\/\/espan.edu.pt\/site\/wp-content\/uploads\/2024\/02\/Projeto-EQAVET_PlanoAcao-Melhorias_042023_AEQB.pdf\">Plano de Melhorias<\/a><\/p>\r\n<p><a href=\"https:\/\/espan.edu.pt\/site\/wp-content\/uploads\/2024\/02\/EQAVET-AE-QUELUZ-Relatorio_Operador_102023.pdf\">Documento do Operador<\/a><\/p>\r\n<p>[\/vc_column_text][\/vc_tta_section][vc_tta_section title=&#8221;Evid\u00eancias&#8221; tab_id=&#8221;1720649888863-c2fb8fd2-804f&#8221;][vc_row_inner][vc_column_inner][vc_column_text]<\/p>\r\n<p><strong><span style=\"color: #000080;\">Plataforma de evid\u00eancias decorrentes da implementa\u00e7\u00e3o do Plano de Melhoria:\u00a0<\/span><\/strong><\/p>\r\n<p><a href=\"https:\/\/eqavet.aeqb.edu.pt\/\">https:\/\/eqavet.aeqb.edu.pt\/<\/a><\/p>\r\n<p>[\/vc_column_text][\/vc_column_inner][\/vc_row_inner][vc_row_inner][vc_column_inner width=&#8221;1\/3&#8243;][vc_column_text css=&#8221;&#8221;]<\/p>\r\n<h4 style=\"text-align: center;\">Evid\u00eancias 1\u00ba Ano<\/h4>\r\n<p style=\"text-align: center;\"><em>31 de mar\u00e7o de 2024 a 31 de mar\u00e7o de 2025<\/em><\/p>\r\n<p>[\/vc_column_text][vc_column_text css=&#8221;&#8221;]<\/p>\r\n<p><strong>Relat\u00f3rio de Resultados do EFP &#8211; 24-25<\/strong><\/p>\r\n<p>1\u00ba Semestre &#8211; <a href=\"https:\/\/espan.edu.pt\/site\/wp-content\/uploads\/2025\/04\/RELATORIO-DE-RESULTADOS-EFP-1-SEMESTRE_24-25.pdf\" target=\"_blank\" rel=\"noopener noreferrer\">consulte aqui<\/a><\/p>\r\n<p>2\u00ba Semestre &#8211; <a href=\"https:\/\/espan.edu.pt\/site\/wp-content\/uploads\/2025\/04\/RELATORIO-DE-RESULTADOS-EFP-1-SEMESTRE_24-25.pdf\" target=\"_blank\" rel=\"noopener noreferrer\">consulte aqui<\/a><\/p>\r\n<p>[\/vc_column_text][vc_column_text css=&#8221;&#8221;]<\/p>\r\n<p><strong>Relat\u00f3rio de Resultados do EFP &#8211; 23-24<\/strong><\/p>\r\n<p>1\u00ba Semestre &#8211; <a href=\"https:\/\/espan.edu.pt\/site\/wp-content\/uploads\/2024\/07\/RELATORIO-DE-RESULTADOS-EFP-1-SEMESTRE_23-24-PPT.pdf\" target=\"_blank\" rel=\"noopener noreferrer\">consulte aqui<\/a><\/p>\r\n<p>2\u00ba Semestre &#8211; <a href=\"https:\/\/espan.edu.pt\/site\/wp-content\/uploads\/2024\/07\/RELATORIO-DE-RESULTADOS-EFP-2-SEMESTRE_23-24-PPT.pdf\" target=\"_blank\" rel=\"noopener noreferrer\">consulte aqui<\/a><\/p>\r\n<p>[\/vc_column_text][vc_column_text css=&#8221;&#8221;]<\/p>\r\n<p><strong>Newsletters:<\/strong><\/p>\r\n<section class=\"medialist-embedded-section\"><div mediajqref=\"medialist-construct\" id=\"mlid-69e9f8ff5324d\"class=\"medialist ml-default\" data-instance=\"69e9f8ff5324d\" data-token=\"10\" data-paging=\"1\"><ul class=\"ml-ul-ml-default\" style=\"list-style-type:none;\"><li class=\"ml-li-ml-default\"><a class=\"ml-item-ml-default medialist-ml-default pdf\"href=\"https:\/\/espan.edu.pt\/site\/wp-content\/uploads\/2025\/02\/AEQB_-Newsletter-Marco-2024.pdf\"target=\"_blank\">AEQB_ Newsletter &#8211; Mar\u00e7o 2024 <span class=\"ml-details-ml-default\">pdf 16.6 MB<\/span><\/a><\/li><li class=\"ml-li-ml-default\"><a class=\"ml-item-ml-default medialist-ml-default pdf\"href=\"https:\/\/espan.edu.pt\/site\/wp-content\/uploads\/2025\/02\/AEQB_Newsletter-Dezembro-2023.pdf\"target=\"_blank\">AEQB_Newsletter &#8211; Dezembro 2023 <span class=\"ml-details-ml-default\">pdf 4.4 MB<\/span><\/a><\/li><li class=\"ml-li-ml-default\"><a class=\"ml-item-ml-default medialist-ml-default pdf\"href=\"https:\/\/espan.edu.pt\/site\/wp-content\/uploads\/2025\/02\/AEQB_Newsletter-Junho-2023.pdf\"target=\"_blank\">AEQB_Newsletter &#8211; Junho 2023 <span class=\"ml-details-ml-default\">pdf 8.3 MB<\/span><\/a><\/li><li class=\"ml-li-ml-default\"><a class=\"ml-item-ml-default medialist-ml-default pdf\"href=\"https:\/\/espan.edu.pt\/site\/wp-content\/uploads\/2025\/07\/AEQB_Newsletter-CP-julho-2425.pdf\"target=\"_blank\">AEQB_Newsletter CP &#8211; julho &#8211; 2425 <span class=\"ml-details-ml-default\">pdf 10.3 MB<\/span><\/a><\/li><li class=\"ml-li-ml-default\"><a class=\"ml-item-ml-default medialist-ml-default pdf\"href=\"https:\/\/espan.edu.pt\/site\/wp-content\/uploads\/2025\/02\/AEQB_Newsletter-Fevereiro-2025.pdf\"target=\"_blank\">AEQB_Newsletter-Fevereiro 2025 <span class=\"ml-details-ml-default\">pdf 16.6 MB<\/span><\/a><\/li><li class=\"ml-li-ml-default\"><a class=\"ml-item-ml-default medialist-ml-default pdf\"href=\"https:\/\/espan.edu.pt\/site\/wp-content\/uploads\/2026\/01\/AEQB_Newsletter1-2526_20260122_140500_0000.pdf\"target=\"_blank\">AEQB_Newsletter1 2526_20260122_140500_0000 <span class=\"ml-details-ml-default\">pdf 9.8 MB<\/span><\/a><\/li><\/ul><\/div><\/section>\r\n<p>[\/vc_column_text][\/vc_column_inner][vc_column_inner width=&#8221;1\/3&#8243;][vc_column_text css=&#8221;&#8221;]<\/p>\r\n<h4 style=\"text-align: center;\">Evid\u00eancias 2\u00ba Ano<\/h4>\r\n<p>[\/vc_column_text][\/vc_column_inner][vc_column_inner width=&#8221;1\/3&#8243;][vc_column_text css=&#8221;&#8221;]<\/p>\r\n<h4 style=\"text-align: center;\">Evid\u00eancias 3\u00ba Ano<\/h4>\r\n<p>[\/vc_column_text][\/vc_column_inner][\/vc_row_inner][\/vc_tta_section][vc_tta_section title=&#8221;Equipa&#8221; tab_id=&#8221;1720649899935-6d2c469b-7e9b&#8221;][vc_column_text css=&#8221;&#8221;]<\/p>\r\n<p><strong><span style=\"color: #000080;\">COORDENA\u00c7\u00c3O EQAVET &#8211; AEQB<\/span><\/strong><\/p>\r\n<p>Ricardo Ferreira<\/p>\r\n<p>Maria Isabel Fernandes<\/p>\r\n<p>Cristina Bento<\/p>\r\n<p>[\/vc_column_text][vc_row_inner][vc_column_inner][vc_column_text css=&#8221;&#8221;]<\/p>\r\n<h3 style=\"text-align: center;\">STAKEHOLDERS<\/h3>\r\n<p>[\/vc_column_text][\/vc_column_inner][\/vc_row_inner][vc_row_inner][vc_column_inner width=&#8221;1\/3&#8243;][vc_column_text css=&#8221;&#8221;]<\/p>\r\n<p><strong>Diretores de Curso<\/strong><\/p>\r\n<ul>\r\n<li>Manuela Domingos (CPAG)<\/li>\r\n<li>Carlos Barbosa (CPI-S)<\/li>\r\n<li>B\u00e1rbara Santos (CPA2D3D)<\/li>\r\n<li>Clara Alves (CPD3D)<\/li>\r\n<\/ul>\r\n<p>[\/vc_column_text][\/vc_column_inner][vc_column_inner width=&#8221;1\/3&#8243;][vc_column_text css=&#8221;&#8221;]<\/p>\r\n<p><strong>Pessoal Docente e SPO<\/strong><\/p>\r\n<ul>\r\n<li>Dina Maciel<\/li>\r\n<li>Rui Cunha<\/li>\r\n<li>Mar\u00edlia Pereira<\/li>\r\n<li>Maria do C\u00e9u Ara\u00fajo<\/li>\r\n<\/ul>\r\n<p>[\/vc_column_text][vc_column_text css=&#8221;&#8221;]<\/p>\r\n<p><strong>Pessoal N\u00e3o Docente<\/strong><\/p>\r\n<ul>\r\n<li>Ana Vieira<\/li>\r\n<li>\u00c1lvaro Fortunato<\/li>\r\n<\/ul>\r\n<p>[\/vc_column_text][vc_column_text css=&#8221;&#8221;]<\/p>\r\n<p><strong>Alunos e Ex-Alunos<\/strong><\/p>\r\n<ul>\r\n<li>Ana Ferreira \u2013 12Q<\/li>\r\n<li>Rodrigo Viegas \u2013 12Q<\/li>\r\n<li>Tayla da Rocha \u2013 12O<\/li>\r\n<li>Beatriz Foito \u2013 12R<\/li>\r\n<\/ul>\r\n<p>[\/vc_column_text][\/vc_column_inner][vc_column_inner width=&#8221;1\/3&#8243;][vc_column_text css=&#8221;&#8221;]<\/p>\r\n<p><strong>Representante dos Encarregados de Educa\u00e7\u00e3o<\/strong><\/p>\r\n<ul>\r\n<li>Vanda Santos<\/li>\r\n<li>Maria Cristina Oliveira<\/li>\r\n<\/ul>\r\n<p>[\/vc_column_text][vc_column_text css=&#8221;&#8221;]<\/p>\r\n<p><strong>Empresas<\/strong><\/p>\r\n<ul>\r\n<li>Nuno Cruz (Genium)<\/li>\r\n<li>Bruno Deilhot (Proside)<\/li>\r\n<\/ul>\r\n<p>[\/vc_column_text][\/vc_column_inner][\/vc_row_inner][\/vc_tta_section][\/vc_tta_tabs][\/vc_column][\/vc_row][vc_row][vc_column][vc_images_carousel images=&#8221;250975,250948,250957,250946,250976,250947,250959,250964,250977,250960,250962,250945,250978,250963,250953,250958,250961,250955,250952,250951,250950,250956,250954,250979,250966,250965,250949&#8243; img_size=&#8221;large&#8221; onclick=&#8221;link_no&#8221; speed=&#8221;3000&#8243; slides_per_view=&#8221;5&#8243; autoplay=&#8221;yes&#8221; hide_pagination_control=&#8221;yes&#8221; hide_prev_next_buttons=&#8221;yes&#8221; partial_view=&#8221;yes&#8221; wrap=&#8221;yes&#8221; css_animation=&#8221;fadeInRight&#8221; title=&#8221;Parceiros AEQB&#8221;][\/vc_column][\/vc_row]<\/p><\/div>","protected":false},"excerpt":{"rendered":"<p>[vc_row][vc_column][vc_row_inner][vc_column_inner][vc_column_text css=&#8221;&#8221;] [\/vc_column_text][\/vc_column_inner][\/vc_row_inner][vc_tta_tabs][vc_tta_section title=&#8221;Selo EQAVET&#8221; tab_id=&#8221;1720649854133-df0350de-0897&#8243;][vc_column_text css=&#8221;&#8221;] O Agrupamento de Escolas de Queluz-Belas recebeu a 30\/04\/2024 o Selo de Garantia da Qualidade EQAVET por um per\u00edodo de 3 anos.\u00a0 Este &hellip; <\/p>\n","protected":false},"author":1,"featured_media":0,"parent":0,"menu_order":0,"comment_status":"closed","ping_status":"closed","template":"","meta":{"_bbp_topic_count":0,"_bbp_reply_count":0,"_bbp_total_topic_count":0,"_bbp_total_reply_count":0,"_bbp_voice_count":0,"_bbp_anonymous_reply_count":0,"_bbp_topic_count_hidden":0,"_bbp_reply_count_hidden":0,"_bbp_forum_subforum_count":0},"categories":[6564,6571,6572],"tags":[],"uagb_featured_image_src":{"full":["https:\/\/espan.edu.pt\/site\/wp-content\/uploads\/2026\/01\/AEQB_Newsletter1-2526_20260122_140500_0000-pdf.jpg",1059,1497,true],"thumbnail":["https:\/\/espan.edu.pt\/site\/wp-content\/uploads\/2026\/01\/AEQB_Newsletter1-2526_20260122_140500_0000-pdf-106x150.jpg",106,150,true],"medium":["https:\/\/espan.edu.pt\/site\/wp-content\/uploads\/2026\/01\/AEQB_Newsletter1-2526_20260122_140500_0000-pdf-212x300.jpg",212,300,true],"medium_large":["https:\/\/espan.edu.pt\/site\/wp-content\/uploads\/2026\/01\/AEQB_Newsletter1-2526_20260122_140500_0000-pdf.jpg",640,905,false],"large":["https:\/\/espan.edu.pt\/site\/wp-content\/uploads\/2026\/01\/AEQB_Newsletter1-2526_20260122_140500_0000-pdf-724x1024.jpg",640,905,true],"1536x1536":["https:\/\/espan.edu.pt\/site\/wp-content\/uploads\/2026\/01\/AEQB_Newsletter1-2526_20260122_140500_0000-pdf.jpg",1059,1497,false],"2048x2048":["https:\/\/espan.edu.pt\/site\/wp-content\/uploads\/2026\/01\/AEQB_Newsletter1-2526_20260122_140500_0000-pdf.jpg",1059,1497,false]},"uagb_author_info":{"display_name":"Administrador","author_link":"https:\/\/espan.edu.pt\/site\/author\/administrador\/"},"uagb_comment_info":0,"uagb_excerpt":"[vc_row][vc_column][vc_row_inner][vc_column_inner][vc_column_text css=&#8221;&#8221;] [\/vc_column_text][\/vc_column_inner][\/vc_row_inner][vc_tta_tabs][vc_tta_section title=&#8221;Selo EQAVET&#8221; tab_id=&#8221;1720649854133-df0350de-0897&#8243;][vc_column_text css=&#8221;&#8221;] O Agrupamento de Escolas de Queluz-Belas recebeu a 30\/04\/2024 o Selo de Garantia da Qualidade EQAVET por um per\u00edodo de 3 anos.\u00a0 Este &hellip;","_links":{"self":[{"href":"https:\/\/espan.edu.pt\/site\/wp-json\/wp\/v2\/pages\/252097"}],"collection":[{"href":"https:\/\/espan.edu.pt\/site\/wp-json\/wp\/v2\/pages"}],"about":[{"href":"https:\/\/espan.edu.pt\/site\/wp-json\/wp\/v2\/types\/page"}],"author":[{"embeddable":true,"href":"https:\/\/espan.edu.pt\/site\/wp-json\/wp\/v2\/users\/1"}],"replies":[{"embeddable":true,"href":"https:\/\/espan.edu.pt\/site\/wp-json\/wp\/v2\/comments?post=252097"}],"version-history":[{"count":7,"href":"https:\/\/espan.edu.pt\/site\/wp-json\/wp\/v2\/pages\/252097\/revisions"}],"predecessor-version":[{"id":253275,"href":"https:\/\/espan.edu.pt\/site\/wp-json\/wp\/v2\/pages\/252097\/revisions\/253275"}],"wp:attachment":[{"href":"https:\/\/espan.edu.pt\/site\/wp-json\/wp\/v2\/media?parent=252097"}],"wp:term":[{"taxonomy":"category","embeddable":true,"href":"https:\/\/espan.edu.pt\/site\/wp-json\/wp\/v2\/categories?post=252097"},{"taxonomy":"post_tag","embeddable":true,"href":"https:\/\/espan.edu.pt\/site\/wp-json\/wp\/v2\/tags?post=252097"}],"curies":[{"name":"wp","href":"https:\/\/api.w.org\/{rel}","templated":true}]}}