{"id":251986,"date":"2024-07-11T11:12:30","date_gmt":"2024-07-11T11:12:30","guid":{"rendered":"https:\/\/espan.edu.pt\/site\/?page_id=251986"},"modified":"2025-10-05T18:20:49","modified_gmt":"2025-10-05T18:20:49","slug":"erasmus","status":"publish","type":"page","link":"https:\/\/espan.edu.pt\/site\/erasmus\/","title":{"rendered":"Erasmus +"},"content":{"rendered":"<div class=\"wpb-content-wrapper\"><p>[vc_row][vc_column width=&#8221;5\/6&#8243;][\/vc_column][vc_column width=&#8221;1\/6&#8243;][vc_single_image image=&#8221;250078&#8243; img_size=&#8221;medium&#8221; alignment=&#8221;center&#8221; css=&#8221;&#8221;][\/vc_column][\/vc_row][vc_row][vc_column][vc_tta_tabs][vc_tta_section title=&#8221;O Projeto &#8211; Plano Desenvolvimento Europeu&#8221; tab_id=&#8221;1720523007979-52d8a3a3-69bd&#8221;][vc_column_text css=&#8221;&#8221;]<\/p>\n<p>O Agrupamento de Escolas de Queluz-Belas, Sintra (AEQB) pretende, com a elabora\u00e7\u00e3o deste plano, criar um documento orientador de futuros projetos de extens\u00e3o europeia e que, consecutivamente, sirva como base de instrumentaliza\u00e7\u00e3o processual. Como tal, pretende-se um documento vivo, mut\u00e1vel, suscet\u00edvel de varia\u00e7\u00f5es que reflitam a condi\u00e7\u00e3o organizacional e as poss\u00edveis mudan\u00e7as de pol\u00edtica educativa, que respeite os ciclos de garantia de qualidade prescritos pelo sistema EQAVET e apto a prosseguir a miss\u00e3o deste Agrupamento holista, nomeadamente, na cria\u00e7\u00e3o de oportunidades para todos, assumindo-se como agente de mudan\u00e7a, tendente \u00e0 forma\u00e7\u00e3o de cidad\u00e3os aut\u00f3nomos, respons\u00e1veis e socialmente interventivos.<\/p>\n<ul>\n<li>Plano de Desenvolvimento Europeu &#8211; <a href=\"https:\/\/espan.edu.pt\/site\/wp-content\/uploads\/2025\/07\/PLANO-DE-DESENVOLVIMENTO-EUROPEU-AEQB.pdf\" target=\"_blank\" rel=\"noopener noreferrer\">Consulte aqui<\/a><\/li>\n<\/ul>\n<p>[\/vc_column_text][\/vc_tta_section][vc_tta_section title=&#8221;Mundo VET &#8211; Ensino e Forma\u00e7\u00e3o Profissional&#8221; tab_id=&#8221;1720523007994-f8d80c21-85bb&#8221;][vc_row_inner][vc_column_inner width=&#8221;1\/4&#8243;][vc_column_text css=&#8221;&#8221;]<\/p>\n<h4>Informa\u00e7\u00f5es sobre o projeto<\/h4>\n<p>&nbsp;<\/p>\n<p><strong>Nome:<\/strong> Crossroads Connection<\/p>\n<p><strong>N\u00ba<\/strong> KA122-VET-D212586C<\/p>\n<p><strong>Dura\u00e7\u00e3o:<\/strong> 18 meses<\/p>\n<p><strong>In\u00edcio:<\/strong> 31 de dezembro de 2024<\/p>\n<p><strong>Fim:<\/strong> 29 de junho de 2026<\/p>\n<p>[\/vc_column_text][\/vc_column_inner][vc_column_inner width=&#8221;3\/4&#8243;][vc_column_text css=&#8221;&#8221;]<\/p>\n<p>O projeto <em><strong>&#8220;Crossroads Connections&#8221;<\/strong><\/em> al\u00e9m de conceptualizar o AEQB, local de v\u00e1rias culturas, onde se tenta evoluir na diversidade, construindo uma identidade comum, pretende-se que crie m\u00faltiplos caminhos como resposta a fragilidades: nos processos ensino-aprendizagem; insucesso e abandono escolar; compet\u00eancias digitais; inser\u00e7\u00e3o no mercado de trabalho; ado\u00e7\u00e3o de boas pr\u00e1ticas ambientais e reconhecimento de valores de cidadania, identit\u00e1rios, de integra\u00e7\u00e3o e coes\u00e3o social.<\/p>\n<p>&nbsp;<\/p>\n<p>[\/vc_column_text][vc_column_text css=&#8221;&#8221;]<\/p>\n<p><strong>Pa\u00edses \/ Entidades de apoio e acolhimento:<\/strong><\/p>\n<h3>It\u00e1lia<\/h3>\n<p><strong>Cidade &#8211;<\/strong> Rovigo<\/p>\n<p><strong>Entidade de apoio<\/strong> &#8211; <a href=\"https:\/\/www.muoversi.eu\/\" target=\"_blank\" rel=\"noopener noreferrer\">Muoversi<\/a><\/p>\n<h3>Malta<\/h3>\n<p><strong>Cidade &#8211;<\/strong> Sliema<\/p>\n<p><strong>Entidade de apoio &#8211;<\/strong> <a href=\"http:\/\/guide.maltavocationalcentre.org\/\" target=\"_blank\" rel=\"noopener noreferrer\">Malta Vocational Centre<\/a><\/p>\n<p>&nbsp;<\/p>\n<p>[\/vc_column_text][vc_column_text css=&#8221;&#8221;]<\/p>\n<p><strong>Nota<\/strong><\/p>\n<p>A inscri\u00e7\u00e3o no projeto vincula a ced\u00eancia de direitos de utiliza\u00e7\u00e3o de imagem e dados no \u00e2mbito do mesmo<\/p>\n<p>[\/vc_column_text][\/vc_column_inner][\/vc_row_inner][\/vc_tta_section][\/vc_tta_tabs][\/vc_column][\/vc_row][vc_row][vc_column][vc_column_text css=&#8221;&#8221;]<\/p>\n<h2 style=\"text-align: center;\">Processo de candidatura dos alunos 2025-2026<\/h2>\n<p>[\/vc_column_text][vc_tta_tabs][vc_tta_section title=&#8221;Calendariza\u00e7\u00e3o&#8221; tab_id=&#8221;1720527004599-97fdde63-a457&#8243;][vc_column_text css=&#8221;&#8221;]<\/p>\n<p><a href=\"https:\/\/espan.edu.pt\/site\/wp-content\/uploads\/2025\/09\/Calendarizacao-Erasmus-Candidatura2025.png\"><img loading=\"lazy\" class=\"alignnone wp-image-253521\" src=\"https:\/\/espan.edu.pt\/site\/wp-content\/uploads\/2025\/09\/Calendarizacao-Erasmus-Candidatura2025-300x225.png\" alt=\"\" width=\"604\" height=\"453\" srcset=\"https:\/\/espan.edu.pt\/site\/wp-content\/uploads\/2025\/09\/Calendarizacao-Erasmus-Candidatura2025-300x225.png 300w, https:\/\/espan.edu.pt\/site\/wp-content\/uploads\/2025\/09\/Calendarizacao-Erasmus-Candidatura2025-768x576.png 768w, https:\/\/espan.edu.pt\/site\/wp-content\/uploads\/2025\/09\/Calendarizacao-Erasmus-Candidatura2025.png 1024w\" sizes=\"(max-width: 604px) 100vw, 604px\" \/><\/a><\/p>\n<p>[\/vc_column_text][\/vc_tta_section][vc_tta_section title=&#8221;Edital de Abertura&#8221; tab_id=&#8221;1720527004627-b1153fc4-d3a5&#8243;][vc_row_inner][vc_column_inner][vc_column_text css=&#8221;&#8221;]<\/p>\n<pre><em>Documento com 4 p\u00e1ginas<\/em>\r\n<em>Inserido a 05.09.2025\r\n\r\n<a href=\"https:\/\/espan.edu.pt\/site\/wp-content\/uploads\/2025\/09\/25_26E1.pdf\" class=\"pdfemb-viewer\" style=\"\" data-width=\"max\" data-height=\"max\"  data-toolbar=\"bottom\" data-toolbar-fixed=\"on\">25_26E~1<br\/><\/a>\r\n<\/em><\/pre>\n<p>&nbsp;<\/p>\n<p>[\/vc_column_text][\/vc_column_inner][\/vc_row_inner][\/vc_tta_section][vc_tta_section title=&#8221;Documenta\u00e7\u00e3o&#8221; tab_id=&#8221;1720527063927-52ed6b0e-7af4&#8243;][vc_row_inner][vc_column_inner width=&#8221;1\/2&#8243;][vc_column_text css=&#8221;&#8221;]<\/p>\n<h3>Documenta\u00e7\u00e3o da candidatura<\/h3>\n<h4>Pr\u00e9 candidatura &#8211; 11 a 24 de setembro de 2025<\/h4>\n<ul>\n<li>Carta de motiva\u00e7\u00e3o<\/li>\n<li>V\u00eddeo de motiva\u00e7\u00e3o (M\u00e1x 2 minutos)\n<ul>\n<li>Enviar para <a href=\"mailto:erasmus@aeqb.edu.pt\">erasmus@aeqb.edu.pt<\/a><\/li>\n<\/ul>\n<\/li>\n<\/ul>\n<h4>Inscri\u00e7\u00e3o &#8211; 25 a 30 de setembro de 2025<\/h4>\n<ul>\n<li>Link de acesso ao formul\u00e1rio (Prazo terminado)<\/li>\n<\/ul>\n<p>[\/vc_column_text][\/vc_column_inner][vc_column_inner width=&#8221;1\/2&#8243;][vc_column_text css=&#8221;&#8221;]<\/p>\n<h3>Documenta\u00e7\u00e3o pessoal<\/h3>\n<p>Atualizada e v\u00e1lida at\u00e9 ao final da mobilidade ( julho de 2026):<\/p>\n<ul>\n<li>Cart\u00e3o do cidad\u00e3o<\/li>\n<li>ou Passaporte e\u00a0Cart\u00e3o de resid\u00eancia<\/li>\n<li>Cart\u00e3o europeu de sa\u00fade<\/li>\n<li>Cart\u00e3o de d\u00e9bito <em>(Ex. Revolut ou outro)<\/em><\/li>\n<\/ul>\n<p>[\/vc_column_text][\/vc_column_inner][\/vc_row_inner][\/vc_tta_section][vc_tta_section i_icon_fontawesome=&#8221;fas fa-plane-departure&#8221; add_icon=&#8221;true&#8221; title=&#8221;Resultados&#8221; tab_id=&#8221;1732111399306-7c1469c6-a1d4&#8243;][vc_message color=&#8221;success&#8221; message_box_style=&#8221;3d&#8221; message_box_color=&#8221;success&#8221; icon_fontawesome=&#8221;fas fa-check&#8221; css=&#8221;&#8221;]<\/p>\n<p>RESULTADOS SER\u00c3O PUBLICADOS A 4 DE NOVEMBRO de 2025 &#8211; Placard na entrada da ESPAN e Pavilh\u00e3o 5 da ESPAN.<\/p>\n<p>[\/vc_message][\/vc_tta_section][\/vc_tta_tabs][\/vc_column][\/vc_row][vc_row][vc_column][vc_column_text css=&#8221;&#8221;]<\/p>\n<h2 style=\"text-align: center;\">Processo de candidatura dos alunos 2024-2025<\/h2>\n<p>[\/vc_column_text][vc_tta_tabs][vc_tta_section i_icon_fontawesome=&#8221;fas fa-plane-departure&#8221; add_icon=&#8221;true&#8221; title=&#8221;Resultados&#8221; tab_id=&#8221;1757071579056-df90eb3b-0022&#8243;][vc_message color=&#8221;success&#8221; message_box_style=&#8221;3d&#8221; message_box_color=&#8221;success&#8221; icon_fontawesome=&#8221;fas fa-check&#8221; css=&#8221;&#8221;]<\/p>\n<p>RESULTADOS PUBLICADOS &#8211; Placard na entrada da ESPAN e Pavilh\u00e3o 5 da ESPAN.<\/p>\n<p>[\/vc_message][\/vc_tta_section][vc_tta_section title=&#8221;Edital de Abertura&#8221; tab_id=&#8221;1757071579087-44bb5dc9-4998&#8243;][vc_row_inner][vc_column_inner][vc_column_text css=&#8221;&#8221;]<\/p>\n<pre><em>Documento com 4 p\u00e1ginas<\/em>\r\n<em>Inserido a 02.09.2024\r\nAtualizado a 11.09.2024<\/em><\/pre>\n<a href=\"https:\/\/espan.edu.pt\/site\/wp-content\/uploads\/2024\/09\/Edital-de-Abertura-da-Candidatura-a-Mobilidade-VET-Erasmus-1.pdf\" class=\"pdfemb-viewer\" style=\"\" data-width=\"max\" data-height=\"max\"  data-toolbar=\"bottom\" data-toolbar-fixed=\"on\">Edital de Abertura da Candidatura a Mobilidade VET Erasmus<br\/><\/a>\n<p>[\/vc_column_text][\/vc_column_inner][\/vc_row_inner][\/vc_tta_section][vc_tta_section title=&#8221;Calendariza\u00e7\u00e3o&#8221; tab_id=&#8221;1757071579132-f8a07caa-12e9&#8243;][vc_column_text css=&#8221;&#8221;]<\/p>\n<p><a href=\"https:\/\/espan.edu.pt\/site\/wp-content\/uploads\/2024\/10\/Calendarizacao-Erasmus-Candidatura2024-1.png\"><img loading=\"lazy\" class=\"alignnone wp-image-252454\" src=\"https:\/\/espan.edu.pt\/site\/wp-content\/uploads\/2024\/10\/Calendarizacao-Erasmus-Candidatura2024-1-300x225.png\" alt=\"\" width=\"521\" height=\"391\" srcset=\"https:\/\/espan.edu.pt\/site\/wp-content\/uploads\/2024\/10\/Calendarizacao-Erasmus-Candidatura2024-1-300x225.png 300w, https:\/\/espan.edu.pt\/site\/wp-content\/uploads\/2024\/10\/Calendarizacao-Erasmus-Candidatura2024-1-768x576.png 768w, https:\/\/espan.edu.pt\/site\/wp-content\/uploads\/2024\/10\/Calendarizacao-Erasmus-Candidatura2024-1.png 1024w\" sizes=\"(max-width: 521px) 100vw, 521px\" \/><\/a><\/p>\n<p>[\/vc_column_text][\/vc_tta_section][vc_tta_section title=&#8221;Documenta\u00e7\u00e3o&#8221; tab_id=&#8221;1757071579155-36ca7bb8-bc2c&#8221;][vc_row_inner][vc_column_inner width=&#8221;1\/2&#8243;][vc_column_text css=&#8221;&#8221;]<\/p>\n<h3>Documenta\u00e7\u00e3o da candidatura<\/h3>\n<h4>Pr\u00e9 candidatura &#8211; 2 a 23 de setembro de 2024<\/h4>\n<ul>\n<li>Carta de motiva\u00e7\u00e3o<\/li>\n<li>V\u00eddeo de motiva\u00e7\u00e3o (M\u00e1x 2 minutos)\n<ul>\n<li>Enviar para <a href=\"mailto:erasmus@aeqb.edu.pt\">erasmus@aeqb.edu.pt<\/a><\/li>\n<\/ul>\n<\/li>\n<\/ul>\n<h4>Inscri\u00e7\u00e3o &#8211; 23 de setembro a 15 de outubro de 2024<\/h4>\n<ul>\n<li>Link de acesso ao formul\u00e1rio\u00a0 &#8211; Formul\u00e1rio indispon\u00edvel<\/li>\n<\/ul>\n<p>[\/vc_column_text][\/vc_column_inner][vc_column_inner width=&#8221;1\/2&#8243;][vc_column_text css=&#8221;&#8221;]<\/p>\n<h3>Documenta\u00e7\u00e3o pessoal<\/h3>\n<p>Atualizada e v\u00e1lida at\u00e9 ao final da mobilidade ( julho de 2025):<\/p>\n<ul>\n<li>Cart\u00e3o do cidad\u00e3o<\/li>\n<li>ou Passaporte e\u00a0Cart\u00e3o de resid\u00eancia<\/li>\n<li>Cart\u00e3o europeu de sa\u00fade<\/li>\n<li>Cart\u00e3o de d\u00e9bito <em>(Ex. Revolut ou outro)<\/em><\/li>\n<\/ul>\n<p>[\/vc_column_text][\/vc_column_inner][\/vc_row_inner][\/vc_tta_section][\/vc_tta_tabs][\/vc_column][\/vc_row][vc_row][vc_column][\/vc_column][\/vc_row][vc_row][vc_column][vc_single_image image=&#8221;251990&#8243; css=&#8221;&#8221;][\/vc_column][\/vc_row]<\/p>\n<\/div>","protected":false},"excerpt":{"rendered":"<p>[vc_row][vc_column width=&#8221;5\/6&#8243;][\/vc_column][vc_column width=&#8221;1\/6&#8243;][vc_single_image image=&#8221;250078&#8243; img_size=&#8221;medium&#8221; alignment=&#8221;center&#8221; css=&#8221;&#8221;][\/vc_column][\/vc_row][vc_row][vc_column][vc_tta_tabs][vc_tta_section title=&#8221;O Projeto &#8211; Plano Desenvolvimento Europeu&#8221; tab_id=&#8221;1720523007979-52d8a3a3-69bd&#8221;][vc_column_text css=&#8221;&#8221;] O Agrupamento de Escolas de Queluz-Belas, Sintra (AEQB) pretende, com a elabora\u00e7\u00e3o deste plano, criar &hellip; <\/p>\n","protected":false},"author":1,"featured_media":0,"parent":0,"menu_order":0,"comment_status":"closed","ping_status":"closed","template":"","meta":{"_bbp_topic_count":0,"_bbp_reply_count":0,"_bbp_total_topic_count":0,"_bbp_total_reply_count":0,"_bbp_voice_count":0,"_bbp_anonymous_reply_count":0,"_bbp_topic_count_hidden":0,"_bbp_reply_count_hidden":0,"_bbp_forum_subforum_count":0},"categories":[6572],"tags":[],"uagb_featured_image_src":{"full":false,"thumbnail":false,"medium":false,"medium_large":false,"large":false,"1536x1536":false,"2048x2048":false},"uagb_author_info":{"display_name":"Administrador","author_link":"https:\/\/espan.edu.pt\/site\/author\/administrador\/"},"uagb_comment_info":0,"uagb_excerpt":"[vc_row][vc_column width=&#8221;5\/6&#8243;][\/vc_column][vc_column width=&#8221;1\/6&#8243;][vc_single_image image=&#8221;250078&#8243; img_size=&#8221;medium&#8221; alignment=&#8221;center&#8221; css=&#8221;&#8221;][\/vc_column][\/vc_row][vc_row][vc_column][vc_tta_tabs][vc_tta_section title=&#8221;O Projeto &#8211; Plano Desenvolvimento Europeu&#8221; tab_id=&#8221;1720523007979-52d8a3a3-69bd&#8221;][vc_column_text css=&#8221;&#8221;] O Agrupamento de Escolas de Queluz-Belas, Sintra (AEQB) pretende, com a elabora\u00e7\u00e3o deste plano, criar &hellip;","_links":{"self":[{"href":"https:\/\/espan.edu.pt\/site\/wp-json\/wp\/v2\/pages\/251986"}],"collection":[{"href":"https:\/\/espan.edu.pt\/site\/wp-json\/wp\/v2\/pages"}],"about":[{"href":"https:\/\/espan.edu.pt\/site\/wp-json\/wp\/v2\/types\/page"}],"author":[{"embeddable":true,"href":"https:\/\/espan.edu.pt\/site\/wp-json\/wp\/v2\/users\/1"}],"replies":[{"embeddable":true,"href":"https:\/\/espan.edu.pt\/site\/wp-json\/wp\/v2\/comments?post=251986"}],"version-history":[{"count":65,"href":"https:\/\/espan.edu.pt\/site\/wp-json\/wp\/v2\/pages\/251986\/revisions"}],"predecessor-version":[{"id":253633,"href":"https:\/\/espan.edu.pt\/site\/wp-json\/wp\/v2\/pages\/251986\/revisions\/253633"}],"wp:attachment":[{"href":"https:\/\/espan.edu.pt\/site\/wp-json\/wp\/v2\/media?parent=251986"}],"wp:term":[{"taxonomy":"category","embeddable":true,"href":"https:\/\/espan.edu.pt\/site\/wp-json\/wp\/v2\/categories?post=251986"},{"taxonomy":"post_tag","embeddable":true,"href":"https:\/\/espan.edu.pt\/site\/wp-json\/wp\/v2\/tags?post=251986"}],"curies":[{"name":"wp","href":"https:\/\/api.w.org\/{rel}","templated":true}]}}