{"id":251161,"date":"2024-02-21T18:03:05","date_gmt":"2024-02-21T18:03:05","guid":{"rendered":"https:\/\/espan.edu.pt\/site\/?page_id=251161"},"modified":"2024-05-23T12:06:14","modified_gmt":"2024-05-23T12:06:14","slug":"marcos-aeqb","status":"publish","type":"page","link":"https:\/\/espan.edu.pt\/site\/marcos-aeqb\/","title":{"rendered":"Marcos hist\u00f3ricos do AEQB"},"content":{"rendered":"<div class=\"wpb-content-wrapper\"><p>[vc_section][vc_row][vc_column][vc_column_text css=&#8221;&#8221;]<\/p>\n<h1 style=\"text-align: center;\">DIA DO PATRONO ESPAN<\/h1>\n<h2 style=\"text-align: center;\">15 de maio de 2024<\/h2>\n<p>&nbsp;<\/p>\n<p>[\/vc_column_text][vc_images_carousel images=&#8221;251483,251484,251485,251486,251487,251488,251489,251490,251491,251492&#8243; img_size=&#8221;full&#8221; css=&#8221;&#8221; title=&#8221;Dia do Patrono ESPAN 2024&#8243;][\/vc_column][\/vc_row][vc_row][vc_column][vc_separator css=&#8221;&#8221;][\/vc_column][\/vc_row][vc_row][vc_column width=&#8221;1\/4&#8243;][vc_column_text]<\/p>\n<h2>Medalha de M\u00e9rito Municipal<\/h2>\n<p>[\/vc_column_text][vc_column_text]<\/p>\n<p><a href=\"https:\/\/espan.edu.pt\/site\/wp-content\/uploads\/2024\/02\/Discurso-medalha-50-anos.pdf\" target=\"_blank\" rel=\"noopener noreferrer\">Discurso proferido pelo Diretor<\/a><\/p>\n<p>[\/vc_column_text][\/vc_column][vc_column width=&#8221;3\/4&#8243;][vc_column_text]<\/p>\n<p><a href=\"https:\/\/espan.edu.pt\/site\/wp-content\/uploads\/2024\/02\/IMG-20240117-WA0007.jpg\"><img loading=\"lazy\" class=\"alignnone wp-image-251169\" src=\"https:\/\/espan.edu.pt\/site\/wp-content\/uploads\/2024\/02\/IMG-20240117-WA0007-300x138.jpg\" alt=\"\" width=\"757\" height=\"348\" srcset=\"https:\/\/espan.edu.pt\/site\/wp-content\/uploads\/2024\/02\/IMG-20240117-WA0007-300x138.jpg 300w, https:\/\/espan.edu.pt\/site\/wp-content\/uploads\/2024\/02\/IMG-20240117-WA0007-768x354.jpg 768w, https:\/\/espan.edu.pt\/site\/wp-content\/uploads\/2024\/02\/IMG-20240117-WA0007-1536x709.jpg 1536w, https:\/\/espan.edu.pt\/site\/wp-content\/uploads\/2024\/02\/IMG-20240117-WA0007.jpg 2048w\" sizes=\"(max-width: 757px) 100vw, 757px\" \/><\/a><\/p>\n<p>No dia 19 de dezembro de 2023 a ESPAN recebeu a medalha de M\u00e9rito Municipal, grau prata pelo trabalho desenvolvido ao longo dos seus 50 anos. Esta medalha \u00e9 o reconhecimento do m\u00e9rito e da relev\u00e2ncia da ESPAN, antigo Liceu Nacional de Queluz.<\/p>\n<p>Para al\u00e9m da hist\u00f3ria da Escola, este reconhecimento tem tamb\u00e9m outra hist\u00f3ria e outros obreiros. O reconhecimento raramente surge de forma espont\u00e2nea e este n\u00e3o foge \u00e0 regra. Deve-se a um grupo de antigos alunos do Liceu Nacional de Queluz, que viveram e vivem a alma do Liceu, que aqui cresceram e se formaram, com as alegrias e tristezas, os amores e desamores, as amizades do tempo da escola. Neles, como em muitos, a chama do Liceu permanece viva. Mas eles avivaram mais essa chama. Tiveram a ideia, bateram-se e fizeram um trabalho persistente de sensibiliza\u00e7\u00e3o junto da Assembleia Municipal e da C\u00e2mara Municipal de Sintra, para a atribui\u00e7\u00e3o desta medalha e para o reconhecimento do prest\u00edgio que ela simboliza \u00e0 sua escola, \u00e0 nossa escola. Deixo aqui o agradecimento da ESPAN e do Agrupamento de Escolas de Queluz-Belas ao <em>Rui Couto<\/em>, ao <em>Jorge Louren\u00e7o<\/em>, ao <em>Carlos Carneiro<\/em>, ao <em>Jo\u00e3o Mada\u00edl<\/em>, ao <em>Ernesto Anjos<\/em>, ao <em>Ant\u00f3nio Rodrigues<\/em> (o \u2018T\u00f3 americano\u2019) e \u00e0 <em>Paula Santos<\/em>, alguns deles na fotografia acima. Cometi uma falha quando n\u00e3o os mencionei no discurso que ent\u00e3o proferi, e devia t\u00ea-lo feito. Aqui fica publicamente a homenagem e a gratid\u00e3o do AEQB a estes alunos de sempre.<\/p>\n<p>Um amigo e colega disse-me que gostaria de ter proferido o discurso que fiz. Bem, tive sempre jeito para juntar as palavras. Apenas as juntei. Para al\u00e9m de outros, nesse discurso est\u00e1 em exemplo, esp\u00edrito e bondade o Fernando Ascenso, que nunca tentou ensinar-me, mas com quem aprendi muito. Os erros s\u00e3o comigo.<\/p>\n<p>Ant\u00f3nio Duarte, diretor do AEQB<\/p>\n<p>17 de janeiro de 2024<\/p>\n<p>[\/vc_column_text][\/vc_column][\/vc_row][\/vc_section]<\/p>\n<\/div>","protected":false},"excerpt":{"rendered":"<p>[vc_section][vc_row][vc_column][vc_column_text css=&#8221;&#8221;] DIA DO PATRONO ESPAN 15 de maio de 2024 &nbsp; [\/vc_column_text][vc_images_carousel images=&#8221;251483,251484,251485,251486,251487,251488,251489,251490,251491,251492&#8243; img_size=&#8221;full&#8221; css=&#8221;&#8221; title=&#8221;Dia do Patrono ESPAN 2024&#8243;][\/vc_column][\/vc_row][vc_row][vc_column][vc_separator css=&#8221;&#8221;][\/vc_column][\/vc_row][vc_row][vc_column width=&#8221;1\/4&#8243;][vc_column_text] Medalha de M\u00e9rito Municipal [\/vc_column_text][vc_column_text] Discurso proferido &hellip; <\/p>\n","protected":false},"author":1,"featured_media":0,"parent":0,"menu_order":0,"comment_status":"closed","ping_status":"closed","template":"","meta":{"_bbp_topic_count":0,"_bbp_reply_count":0,"_bbp_total_topic_count":0,"_bbp_total_reply_count":0,"_bbp_voice_count":0,"_bbp_anonymous_reply_count":0,"_bbp_topic_count_hidden":0,"_bbp_reply_count_hidden":0,"_bbp_forum_subforum_count":0},"categories":[],"tags":[],"uagb_featured_image_src":{"full":false,"thumbnail":false,"medium":false,"medium_large":false,"large":false,"1536x1536":false,"2048x2048":false},"uagb_author_info":{"display_name":"Administrador","author_link":"https:\/\/espan.edu.pt\/site\/author\/administrador\/"},"uagb_comment_info":0,"uagb_excerpt":"[vc_section][vc_row][vc_column][vc_column_text css=&#8221;&#8221;] DIA DO PATRONO ESPAN 15 de maio de 2024 &nbsp; [\/vc_column_text][vc_images_carousel images=&#8221;251483,251484,251485,251486,251487,251488,251489,251490,251491,251492&#8243; img_size=&#8221;full&#8221; css=&#8221;&#8221; title=&#8221;Dia do Patrono ESPAN 2024&#8243;][\/vc_column][\/vc_row][vc_row][vc_column][vc_separator css=&#8221;&#8221;][\/vc_column][\/vc_row][vc_row][vc_column width=&#8221;1\/4&#8243;][vc_column_text] Medalha de M\u00e9rito Municipal [\/vc_column_text][vc_column_text] Discurso proferido &hellip;","_links":{"self":[{"href":"https:\/\/espan.edu.pt\/site\/wp-json\/wp\/v2\/pages\/251161"}],"collection":[{"href":"https:\/\/espan.edu.pt\/site\/wp-json\/wp\/v2\/pages"}],"about":[{"href":"https:\/\/espan.edu.pt\/site\/wp-json\/wp\/v2\/types\/page"}],"author":[{"embeddable":true,"href":"https:\/\/espan.edu.pt\/site\/wp-json\/wp\/v2\/users\/1"}],"replies":[{"embeddable":true,"href":"https:\/\/espan.edu.pt\/site\/wp-json\/wp\/v2\/comments?post=251161"}],"version-history":[{"count":9,"href":"https:\/\/espan.edu.pt\/site\/wp-json\/wp\/v2\/pages\/251161\/revisions"}],"predecessor-version":[{"id":251168,"href":"https:\/\/espan.edu.pt\/site\/wp-json\/wp\/v2\/pages\/251161\/revisions\/251168"}],"wp:attachment":[{"href":"https:\/\/espan.edu.pt\/site\/wp-json\/wp\/v2\/media?parent=251161"}],"wp:term":[{"taxonomy":"category","embeddable":true,"href":"https:\/\/espan.edu.pt\/site\/wp-json\/wp\/v2\/categories?post=251161"},{"taxonomy":"post_tag","embeddable":true,"href":"https:\/\/espan.edu.pt\/site\/wp-json\/wp\/v2\/tags?post=251161"}],"curies":[{"name":"wp","href":"https:\/\/api.w.org\/{rel}","templated":true}]}}