{"id":250921,"date":"2024-02-08T12:59:46","date_gmt":"2024-02-08T12:59:46","guid":{"rendered":"https:\/\/espan.edu.pt\/site\/?page_id=250921"},"modified":"2024-02-08T18:56:13","modified_gmt":"2024-02-08T18:56:13","slug":"primeiro-ciclo","status":"publish","type":"page","link":"https:\/\/espan.edu.pt\/site\/primeiro-ciclo\/","title":{"rendered":"Primeiro Ciclo"},"content":{"rendered":"\n<h2>Portugu\u00eas<\/h2>\n\n\n\n<section class=\"medialist-embedded-section\"><div mediajqref=\"medialist-construct\" id=\"mlid-69e9f999765b8\"class=\"medialist ml-default\" data-instance=\"69e9f999765b8\" data-token=\"10\" data-paging=\"1\"><ul class=\"ml-ul-ml-default\" style=\"list-style-type:none;\"><li class=\"ml-li-ml-default\"><a class=\"ml-item-ml-default medialist-ml-default pdf\"href=\"https:\/\/espan.edu.pt\/site\/wp-content\/uploads\/2024\/02\/1o-ANO_PORTUGUES_CRITERIOS-ESPECIFICOS.pdf\"target=\"_blank\">_1\u00ba ANO_PORTUGU\u00caS_CRIT\u00c9RIOS ESPEC\u00cdFICOS <span class=\"ml-details-ml-default\">pdf 234.9 KB<\/span><\/a><\/li><li class=\"ml-li-ml-default\"><a class=\"ml-item-ml-default medialist-ml-default pdf\"href=\"https:\/\/espan.edu.pt\/site\/wp-content\/uploads\/2024\/02\/2o-ANO_PORTUGUES_CRITERIOS-ESPECIFICOS.pdf\"target=\"_blank\">_2\u00ba ANO_PORTUGU\u00caS_CRIT\u00c9RIOS ESPEC\u00cdFICOS <span class=\"ml-details-ml-default\">pdf 280.3 KB<\/span><\/a><\/li><li class=\"ml-li-ml-default\"><a class=\"ml-item-ml-default medialist-ml-default pdf\"href=\"https:\/\/espan.edu.pt\/site\/wp-content\/uploads\/2024\/02\/3o-ANO_PORTUGUES_CRITERIOS-ESPECIFICOS.pdf\"target=\"_blank\">_3\u00ba ANO_PORTUGUES_CRIT\u00c9RIOS ESPEC\u00cdFICOS <span class=\"ml-details-ml-default\">pdf 265.6 KB<\/span><\/a><\/li><li class=\"ml-li-ml-default\"><a class=\"ml-item-ml-default medialist-ml-default pdf\"href=\"https:\/\/espan.edu.pt\/site\/wp-content\/uploads\/2024\/02\/4o-ANO_PORTUGUES_CRITERIOS-ESPECIFICOS.pdf\"target=\"_blank\">_4\u00ba ANO_PORTUGU\u00caS_CRIT\u00c9RIOS ESPEC\u00cdFICOS <span class=\"ml-details-ml-default\">pdf 241.2 KB<\/span><\/a><\/li><\/ul><\/div><\/section>\n\n\n\n<h2>Portugu\u00eas L\u00edngua N\u00e3o Materna<\/h2>\n\n\n\n<section class=\"medialist-embedded-section\"><div mediajqref=\"medialist-construct\" id=\"mlid-69e9f9999ef22\"class=\"medialist ml-default\" data-instance=\"69e9f9999ef22\" data-token=\"10\" data-paging=\"1\"><ul class=\"ml-ul-ml-default\" style=\"list-style-type:none;\"><li class=\"ml-li-ml-default\"><a class=\"ml-item-ml-default medialist-ml-default pdf\"href=\"https:\/\/espan.edu.pt\/site\/wp-content\/uploads\/2024\/02\/Criterios-PLNM-A1.pdf\"target=\"_blank\">Crit\u00e9rios &#8211; PLNM A1 <span class=\"ml-details-ml-default\">pdf 157.4 KB<\/span><\/a><\/li><li class=\"ml-li-ml-default\"><a class=\"ml-item-ml-default medialist-ml-default pdf\"href=\"https:\/\/espan.edu.pt\/site\/wp-content\/uploads\/2024\/02\/Criterios-PLNM-A2.pdf\"target=\"_blank\">Crit\u00e9rios &#8211; PLNM A2 <span class=\"ml-details-ml-default\">pdf 157.5 KB<\/span><\/a><\/li><li class=\"ml-li-ml-default\"><a class=\"ml-item-ml-default medialist-ml-default pdf\"href=\"https:\/\/espan.edu.pt\/site\/wp-content\/uploads\/2024\/02\/Criterios-PLNM-B1.pdf\"target=\"_blank\">Crit\u00e9rios &#8211; PLNM B1 <span class=\"ml-details-ml-default\">pdf 159.3 KB<\/span><\/a><\/li><\/ul><\/div><\/section>\n\n\n\n<h2>Matem\u00e1tica<\/h2>\n\n\n\n<section class=\"medialist-embedded-section\"><div mediajqref=\"medialist-construct\" id=\"mlid-69e9f999c51c9\"class=\"medialist ml-default\" data-instance=\"69e9f999c51c9\" data-token=\"10\" data-paging=\"1\"><ul class=\"ml-ul-ml-default\" style=\"list-style-type:none;\"><li class=\"ml-li-ml-default\"><a class=\"ml-item-ml-default medialist-ml-default pdf\"href=\"https:\/\/espan.edu.pt\/site\/wp-content\/uploads\/2024\/02\/2o-ANO_MATEMATICA_CRITERIOS-ESPECIFICOS.pdf\"target=\"_blank\">_2\u00ba ANO_MATEM\u00c1TICA_CRIT\u00c9RIOS ESPEC\u00cdFICOS <span class=\"ml-details-ml-default\">pdf 406.7 KB<\/span><\/a><\/li><li class=\"ml-li-ml-default\"><a class=\"ml-item-ml-default medialist-ml-default pdf\"href=\"https:\/\/espan.edu.pt\/site\/wp-content\/uploads\/2024\/02\/3o-ANO_MATEMATICA_CRITERIOS-ESPECIFICOS.pdf\"target=\"_blank\">_3\u00ba ANO_MATEM\u00c1TICA_CRIT\u00c9RIOS ESPEC\u00cdFICOS <span class=\"ml-details-ml-default\">pdf 408.5 KB<\/span><\/a><\/li><li class=\"ml-li-ml-default\"><a class=\"ml-item-ml-default medialist-ml-default pdf\"href=\"https:\/\/espan.edu.pt\/site\/wp-content\/uploads\/2024\/02\/4o-ANO_MATEMATICA_CRITERIOS-ESPECIFICOS.pdf\"target=\"_blank\">_4\u00ba ANO_MATEM\u00c1TICA_CRIT\u00c9RIOS ESPEC\u00cdFICOS <span class=\"ml-details-ml-default\">pdf 391.2 KB<\/span><\/a><\/li><li class=\"ml-li-ml-default\"><a class=\"ml-item-ml-default medialist-ml-default pdf\"href=\"https:\/\/espan.edu.pt\/site\/wp-content\/uploads\/2024\/02\/1o-ANO_MATEMATICA_CRITERIOS-ESPECIFICOS.pdf\"target=\"_blank\">__1\u00ba ANO_MATEM\u00c1TICA_CRIT\u00c9RIOS ESPEC\u00cdFICOS <span class=\"ml-details-ml-default\">pdf 283.1 KB<\/span><\/a><\/li><\/ul><\/div><\/section>\n\n\n\n<h2>Estudo do Meio<\/h2>\n\n\n\n<section class=\"medialist-embedded-section\"><div mediajqref=\"medialist-construct\" id=\"mlid-69e9f999eb3fa\"class=\"medialist ml-default\" data-instance=\"69e9f999eb3fa\" data-token=\"10\" data-paging=\"1\"><ul class=\"ml-ul-ml-default\" style=\"list-style-type:none;\"><li class=\"ml-li-ml-default\"><a class=\"ml-item-ml-default medialist-ml-default pdf\"href=\"https:\/\/espan.edu.pt\/site\/wp-content\/uploads\/2024\/02\/3oANO_ESTUDO-DO-MEIO_CRITERIOS-ESPECIFICOS.pdf\"target=\"_blank\">_3\u00baANO_ESTUDO DO MEIO_CRIT\u00c9RIOS ESPEC\u00cdFICOS <span class=\"ml-details-ml-default\">pdf 240.5 KB<\/span><\/a><\/li><li class=\"ml-li-ml-default\"><a class=\"ml-item-ml-default medialist-ml-default pdf\"href=\"https:\/\/espan.edu.pt\/site\/wp-content\/uploads\/2024\/02\/4o-ANO_ESTUDO-DO-MEIO_CRITERIOS-ESPECIFICOS.pdf\"target=\"_blank\">_4\u00ba ANO_ESTUDO DO MEIO_CRIT\u00c9RIOS ESPEC\u00cdFICOS <span class=\"ml-details-ml-default\">pdf 243 KB<\/span><\/a><\/li><li class=\"ml-li-ml-default\"><a class=\"ml-item-ml-default medialist-ml-default pdf\"href=\"https:\/\/espan.edu.pt\/site\/wp-content\/uploads\/2024\/02\/1o-ANO_ESTUDO-DO-MEIO_CRITERIOS-ESPECIFICOS.pdf\"target=\"_blank\">__1\u00ba ANO_ESTUDO DO MEIO_CRIT\u00c9RIOS ESPEC\u00cdFICOS <span class=\"ml-details-ml-default\">pdf 221.5 KB<\/span><\/a><\/li><li class=\"ml-li-ml-default\"><a class=\"ml-item-ml-default medialist-ml-default pdf\"href=\"https:\/\/espan.edu.pt\/site\/wp-content\/uploads\/2024\/02\/2o-ANO_ESTUDO-DO-MEIO_CRITERIOS-ESPECIFICOS.pdf\"target=\"_blank\">__2\u00ba ANO_ESTUDO DO MEIO_CRIT\u00c9RIOS ESPEC\u00cdFICOS <span class=\"ml-details-ml-default\">pdf 244 KB<\/span><\/a><\/li><\/ul><\/div><\/section>\n\n\n\n<h2>Educa\u00e7\u00e3o F\u00edsica<\/h2>\n\n\n\n<section class=\"medialist-embedded-section\"><div mediajqref=\"medialist-construct\" id=\"mlid-69e9f99a1d355\"class=\"medialist ml-default\" data-instance=\"69e9f99a1d355\" data-token=\"10\" data-paging=\"1\"><ul class=\"ml-ul-ml-default\" style=\"list-style-type:none;\"><li class=\"ml-li-ml-default\"><a class=\"ml-item-ml-default medialist-ml-default pdf\"href=\"https:\/\/espan.edu.pt\/site\/wp-content\/uploads\/2024\/02\/1o-CEB_ED-FISICA_CRITERIOS-ESPECIFICOS.pdf\"target=\"_blank\">_1\u00ba CEB_ED F\u00cdSICA_CRIT\u00c9RIOS ESPEC\u00cdFICOS <span class=\"ml-details-ml-default\">pdf 192 KB<\/span><\/a><\/li><\/ul><\/div><\/section>\n\n\n\n<h2>TIC<\/h2>\n\n\n\n<section class=\"medialist-embedded-section\"><div mediajqref=\"medialist-construct\" id=\"mlid-69e9f99a27b70\"class=\"medialist ml-default\" data-instance=\"69e9f99a27b70\" data-token=\"10\" data-paging=\"1\"><ul class=\"ml-ul-ml-default\" style=\"list-style-type:none;\"><li class=\"ml-li-ml-default\"><a class=\"ml-item-ml-default medialist-ml-default pdf\"href=\"https:\/\/espan.edu.pt\/site\/wp-content\/uploads\/2024\/02\/1o-CEB_TIC_CRITERIOS-ESPECIFICOS.pdf\"target=\"_blank\">__1\u00ba CEB_TIC_CRIT\u00c9RIOS ESPEC\u00cdFICOS <span class=\"ml-details-ml-default\">pdf 176.9 KB<\/span><\/a><\/li><\/ul><\/div><\/section>\n\n\n\n<h2>Educa\u00e7\u00e3o Art\u00edstica <\/h2>\n\n\n\n<section class=\"medialist-embedded-section\"><div mediajqref=\"medialist-construct\" id=\"mlid-69e9f99a32308\"class=\"medialist ml-default\" data-instance=\"69e9f99a32308\" data-token=\"10\" data-paging=\"1\"><ul class=\"ml-ul-ml-default\" style=\"list-style-type:none;\"><li class=\"ml-li-ml-default\"><a class=\"ml-item-ml-default medialist-ml-default pdf\"href=\"https:\/\/espan.edu.pt\/site\/wp-content\/uploads\/2024\/02\/1o-CEB_ED-ARTISTICA_CRITERIOS-ESPECIFICOS.pdf\"target=\"_blank\">__1\u00ba CEB_ED ART\u00cdSTICA_CRIT\u00c9RIOS ESPEC\u00cdFICOS <span class=\"ml-details-ml-default\">pdf 321.1 KB<\/span><\/a><\/li><\/ul><\/div><\/section>\n\n\n\n<h2>Oferta Complementar <\/h2>\n\n\n\n<section class=\"medialist-embedded-section\"><div mediajqref=\"medialist-construct\" id=\"mlid-69e9f99a3d571\"class=\"medialist ml-default\" data-instance=\"69e9f99a3d571\" data-token=\"10\" data-paging=\"1\"><ul class=\"ml-ul-ml-default\" style=\"list-style-type:none;\"><li class=\"ml-li-ml-default\"><a class=\"ml-item-ml-default medialist-ml-default pdf\"href=\"https:\/\/espan.edu.pt\/site\/wp-content\/uploads\/2024\/02\/1o-CEB_OFERTA-COMPLEMENTAR_CRITERIOS-ESPECIFICOS.pdf\"target=\"_blank\">_1\u00ba CEB_OFERTA COMPLEMENTAR_CRIT\u00c9RIOS ESPEC\u00cdFICOS <span class=\"ml-details-ml-default\">pdf 250.6 KB<\/span><\/a><\/li><\/ul><\/div><\/section>\n\n\n\n<h2>Atitudes <\/h2>\n\n\n\n<section class=\"medialist-embedded-section\"><div mediajqref=\"medialist-construct\" id=\"mlid-69e9f99a47ca2\"class=\"medialist ml-default\" data-instance=\"69e9f99a47ca2\" data-token=\"10\" data-paging=\"1\"><ul class=\"ml-ul-ml-default\" style=\"list-style-type:none;\"><li class=\"ml-li-ml-default\"><a class=\"ml-item-ml-default medialist-ml-default pdf\"href=\"https:\/\/espan.edu.pt\/site\/wp-content\/uploads\/2024\/02\/1o-CEB_ATITUDES_CRITERIOS-ESPECIFICOS.pdf\"target=\"_blank\">_1\u00ba CEB_ATITUDES_CRIT\u00c9RIOS ESPEC\u00cdFICOS <span class=\"ml-details-ml-default\">pdf 167.3 KB<\/span><\/a><\/li><\/ul><\/div><\/section>\n","protected":false},"excerpt":{"rendered":"<p>Portugu\u00eas Portugu\u00eas L\u00edngua N\u00e3o Materna Matem\u00e1tica Estudo do Meio Educa\u00e7\u00e3o F\u00edsica TIC Educa\u00e7\u00e3o Art\u00edstica Oferta Complementar Atitudes<\/p>\n","protected":false},"author":1,"featured_media":0,"parent":0,"menu_order":0,"comment_status":"closed","ping_status":"closed","template":"","meta":{"_bbp_topic_count":0,"_bbp_reply_count":0,"_bbp_total_topic_count":0,"_bbp_total_reply_count":0,"_bbp_voice_count":0,"_bbp_anonymous_reply_count":0,"_bbp_topic_count_hidden":0,"_bbp_reply_count_hidden":0,"_bbp_forum_subforum_count":0},"categories":[],"tags":[],"uagb_featured_image_src":{"full":["https:\/\/espan.edu.pt\/site\/wp-content\/uploads\/2024\/02\/1o-CEB_ATITUDES_CRITERIOS-ESPECIFICOS-pdf.jpg",1497,1058,true],"thumbnail":["https:\/\/espan.edu.pt\/site\/wp-content\/uploads\/2024\/02\/1o-CEB_ATITUDES_CRITERIOS-ESPECIFICOS-pdf-150x106.jpg",150,106,true],"medium":["https:\/\/espan.edu.pt\/site\/wp-content\/uploads\/2024\/02\/1o-CEB_ATITUDES_CRITERIOS-ESPECIFICOS-pdf-300x212.jpg",300,212,true],"medium_large":["https:\/\/espan.edu.pt\/site\/wp-content\/uploads\/2024\/02\/1o-CEB_ATITUDES_CRITERIOS-ESPECIFICOS-pdf.jpg",640,452,false],"large":["https:\/\/espan.edu.pt\/site\/wp-content\/uploads\/2024\/02\/1o-CEB_ATITUDES_CRITERIOS-ESPECIFICOS-pdf-1024x724.jpg",640,453,true],"1536x1536":["https:\/\/espan.edu.pt\/site\/wp-content\/uploads\/2024\/02\/1o-CEB_ATITUDES_CRITERIOS-ESPECIFICOS-pdf.jpg",1497,1058,false],"2048x2048":["https:\/\/espan.edu.pt\/site\/wp-content\/uploads\/2024\/02\/1o-CEB_ATITUDES_CRITERIOS-ESPECIFICOS-pdf.jpg",1497,1058,false]},"uagb_author_info":{"display_name":"Administrador","author_link":"https:\/\/espan.edu.pt\/site\/author\/administrador\/"},"uagb_comment_info":0,"uagb_excerpt":"Portugu\u00eas Portugu\u00eas L\u00edngua N\u00e3o Materna Matem\u00e1tica Estudo do Meio Educa\u00e7\u00e3o F\u00edsica TIC Educa\u00e7\u00e3o Art\u00edstica Oferta Complementar Atitudes","_links":{"self":[{"href":"https:\/\/espan.edu.pt\/site\/wp-json\/wp\/v2\/pages\/250921"}],"collection":[{"href":"https:\/\/espan.edu.pt\/site\/wp-json\/wp\/v2\/pages"}],"about":[{"href":"https:\/\/espan.edu.pt\/site\/wp-json\/wp\/v2\/types\/page"}],"author":[{"embeddable":true,"href":"https:\/\/espan.edu.pt\/site\/wp-json\/wp\/v2\/users\/1"}],"replies":[{"embeddable":true,"href":"https:\/\/espan.edu.pt\/site\/wp-json\/wp\/v2\/comments?post=250921"}],"version-history":[{"count":4,"href":"https:\/\/espan.edu.pt\/site\/wp-json\/wp\/v2\/pages\/250921\/revisions"}],"predecessor-version":[{"id":250935,"href":"https:\/\/espan.edu.pt\/site\/wp-json\/wp\/v2\/pages\/250921\/revisions\/250935"}],"wp:attachment":[{"href":"https:\/\/espan.edu.pt\/site\/wp-json\/wp\/v2\/media?parent=250921"}],"wp:term":[{"taxonomy":"category","embeddable":true,"href":"https:\/\/espan.edu.pt\/site\/wp-json\/wp\/v2\/categories?post=250921"},{"taxonomy":"post_tag","embeddable":true,"href":"https:\/\/espan.edu.pt\/site\/wp-json\/wp\/v2\/tags?post=250921"}],"curies":[{"name":"wp","href":"https:\/\/api.w.org\/{rel}","templated":true}]}}