{"id":250912,"date":"2024-02-08T12:53:02","date_gmt":"2024-02-08T12:53:02","guid":{"rendered":"https:\/\/espan.edu.pt\/site\/?page_id=250912"},"modified":"2024-02-08T12:53:03","modified_gmt":"2024-02-08T12:53:03","slug":"departamento-de-matematica-e-ciencias-experimentais","status":"publish","type":"page","link":"https:\/\/espan.edu.pt\/site\/departamento-de-matematica-e-ciencias-experimentais\/","title":{"rendered":"Departamento de Matem\u00e1tica e Ci\u00eancias Experimentais"},"content":{"rendered":"\n<h2>Grupo 230 &#8211; Matem\u00e1tica e Ci\u00eancias da Natureza<\/h2>\n\n\n\n<section class=\"medialist-embedded-section\"><div mediajqref=\"medialist-construct\" id=\"mlid-69e9f9b6cbec2\"class=\"medialist ml-default\" data-instance=\"69e9f9b6cbec2\" data-token=\"10\" data-paging=\"1\"><ul class=\"ml-ul-ml-default\" style=\"list-style-type:none;\"><li class=\"ml-li-ml-default\"><a class=\"ml-item-ml-default medialist-ml-default pdf\"href=\"https:\/\/espan.edu.pt\/site\/wp-content\/uploads\/2024\/02\/2.o-Ciclo-Ciencias-Naturais-Criterios-Especificos-de-Avaliacao.pdf\"target=\"_blank\">2.\u00ba Ciclo Ci\u00eancias Naturais &#8211; Crit\u00e9rios Espec\u00edficos de Avalia\u00e7\u00e3o <span class=\"ml-details-ml-default\">pdf 184 KB<\/span><\/a><\/li><li class=\"ml-li-ml-default\"><a class=\"ml-item-ml-default medialist-ml-default pdf\"href=\"https:\/\/espan.edu.pt\/site\/wp-content\/uploads\/2024\/02\/2.o-Ciclo-Matematica-Criterios-Especificos-de-Avaliacao.pdf\"target=\"_blank\">2.\u00ba Ciclo- Matem\u00e1tica- Crit\u00e9rios Espec\u00edficos de Avalia\u00e7\u00e3o <span class=\"ml-details-ml-default\">pdf 176.2 KB<\/span><\/a><\/li><\/ul><\/div><\/section>\n\n\n\n<h2>Grupo 500 &#8211; Matem\u00e1tica<\/h2>\n\n\n\n<section class=\"medialist-embedded-section\"><div mediajqref=\"medialist-construct\" id=\"mlid-69e9f9b6e2be8\"class=\"medialist ml-default\" data-instance=\"69e9f9b6e2be8\" data-token=\"10\" data-paging=\"1\"><ul class=\"ml-ul-ml-default\" style=\"list-style-type:none;\"><li class=\"ml-li-ml-default\"><a class=\"ml-item-ml-default medialist-ml-default pdf\"href=\"https:\/\/espan.edu.pt\/site\/wp-content\/uploads\/2024\/02\/Crit-de-aval-C.-Prof-Matematica_Tec-apoio-Gestao_Tecnico-de-Gestao_DMCE.pdf\"target=\"_blank\">Crit de aval-C. Prof-Matem\u00e1tica_T\u00e9c apoio Gest\u00e3o_T\u00e9cnico de Gest\u00e3o_DMCE <span class=\"ml-details-ml-default\">pdf 601.3 KB<\/span><\/a><\/li><li class=\"ml-li-ml-default\"><a class=\"ml-item-ml-default medialist-ml-default pdf\"href=\"https:\/\/espan.edu.pt\/site\/wp-content\/uploads\/2024\/02\/Crit-de-aval-C.-Prof-Matematica_Tec-Desenho-Digital-3D_Tecnico-de-Animacao-2D-e-3D_DMCE.pdf\"target=\"_blank\">Crit de aval-C. Prof-Matem\u00e1tica_T\u00e9c Desenho Digital 3D_T\u00e9cnico de Anima\u00e7\u00e3o 2D e 3D_DMCE <span class=\"ml-details-ml-default\">pdf 668.7 KB<\/span><\/a><\/li><li class=\"ml-li-ml-default\"><a class=\"ml-item-ml-default medialist-ml-default pdf\"href=\"https:\/\/espan.edu.pt\/site\/wp-content\/uploads\/2024\/02\/Crit-de-aval-C.-Prof-Matematica_Tec-G-e-Progr.-Sistemas-Informaticos_Tecnico-de-Informatica-Sistemas_DMCE.pdf\"target=\"_blank\">Crit de aval-C. Prof-Matem\u00e1tica_T\u00e9c G e Progr. Sistemas Inform\u00e1ticos_T\u00e9cnico de Inform\u00e1tica-Sistemas_DMCE <span class=\"ml-details-ml-default\">pdf 601.3 KB<\/span><\/a><\/li><li class=\"ml-li-ml-default\"><a class=\"ml-item-ml-default medialist-ml-default pdf\"href=\"https:\/\/espan.edu.pt\/site\/wp-content\/uploads\/2024\/02\/Criterios-de-av-MAT-7o8o9o-GR500_DMCE.pdf\"target=\"_blank\">Crit\u00e9rios de av MAT 7\u00ba8\u00ba9\u00ba &#8211; GR500_DMCE <span class=\"ml-details-ml-default\">pdf 582.6 KB<\/span><\/a><\/li><li class=\"ml-li-ml-default\"><a class=\"ml-item-ml-default medialist-ml-default pdf\"href=\"https:\/\/espan.edu.pt\/site\/wp-content\/uploads\/2024\/02\/Criterios-de-av-sec-MACS-GR500_DMCE.pdf\"target=\"_blank\">Crit\u00e9rios de av sec MACS &#8211; GR500_DMCE <span class=\"ml-details-ml-default\">pdf 580.7 KB<\/span><\/a><\/li><li class=\"ml-li-ml-default\"><a class=\"ml-item-ml-default medialist-ml-default pdf\"href=\"https:\/\/espan.edu.pt\/site\/wp-content\/uploads\/2024\/02\/Criterios-de-av-sec-MAT-A-GR500_DMCE.pdf\"target=\"_blank\">Crit\u00e9rios de av sec MAT A &#8211; GR500_DMCE <span class=\"ml-details-ml-default\">pdf 582.2 KB<\/span><\/a><\/li><\/ul><\/div><\/section>\n\n\n\n<h2>Grupo 510 &#8211; F\u00edsica e Qu\u00edmica<\/h2>\n\n\n\n<section class=\"medialist-embedded-section\"><div mediajqref=\"medialist-construct\" id=\"mlid-69e9f9b723f37\"class=\"medialist ml-default\" data-instance=\"69e9f9b723f37\" data-token=\"10\" data-paging=\"1\"><ul class=\"ml-ul-ml-default\" style=\"list-style-type:none;\"><li class=\"ml-li-ml-default\"><a class=\"ml-item-ml-default medialist-ml-default pdf\"href=\"https:\/\/espan.edu.pt\/site\/wp-content\/uploads\/2024\/02\/3.oCiclo-Fisico-Quimica-Criterios-Especificos-de-Avaliacao.pdf\"target=\"_blank\">3.\u00baCiclo- F\u00edsico-Qu\u00edmica Crit\u00e9rios Espec\u00edficos de Avalia\u00e7\u00e3o <span class=\"ml-details-ml-default\">pdf 180.1 KB<\/span><\/a><\/li><li class=\"ml-li-ml-default\"><a class=\"ml-item-ml-default medialist-ml-default pdf\"href=\"https:\/\/espan.edu.pt\/site\/wp-content\/uploads\/2024\/02\/Ensino-Secundario-Fisica-e-Quimica-A-10.o-e-11.oanos-Fisica-12.o-ano-Fisica-e-Quimica-Curso-Profissional-Criterios-de-Especificos-de-Avaliacao.pdf\"target=\"_blank\">Ensino Secund\u00e1rio- F\u00edsica e Qu\u00edmica A (10.\u00ba e 11.\u00baanos), F\u00edsica (12.\u00ba ano) F\u00edsica e Qu\u00edmica (Curso Profissional) Crit\u00e9rios de Espec\u00edficos de Avalia\u00e7\u00e3o <span class=\"ml-details-ml-default\">pdf 161.5 KB<\/span><\/a><\/li><\/ul><\/div><\/section>\n\n\n\n<h2>Grupo 520 &#8211; Biologia e Geologia<\/h2>\n\n\n\n<section class=\"medialist-embedded-section\"><div mediajqref=\"medialist-construct\" id=\"mlid-69e9f9b736c03\"class=\"medialist ml-default\" data-instance=\"69e9f9b736c03\" data-token=\"10\" data-paging=\"1\"><ul class=\"ml-ul-ml-default\" style=\"list-style-type:none;\"><li class=\"ml-li-ml-default\"><a class=\"ml-item-ml-default medialist-ml-default pdf\"href=\"https:\/\/espan.edu.pt\/site\/wp-content\/uploads\/2024\/02\/3.o-ciclo-Ciencias-Naturais-Criterios-especificos-de-avaliacao.pdf\"target=\"_blank\">3.\u00ba ciclo- Ci\u00eancias Naturais &#8211; Crit\u00e9rios espec\u00edficos de avalia\u00e7\u00e3o <span class=\"ml-details-ml-default\">pdf 168.2 KB<\/span><\/a><\/li><li class=\"ml-li-ml-default\"><a class=\"ml-item-ml-default medialist-ml-default pdf\"href=\"https:\/\/espan.edu.pt\/site\/wp-content\/uploads\/2024\/02\/Ensino-Secundario-CCH-Biologia-e-Geologia-10.o-e-11.oanos-Biologia-12.oano-Criterios-especificos-de-avaliacao.pdf\"target=\"_blank\">Ensino Secund\u00e1rio (CCH)- Biologia e Geologia (10.\u00ba e 11.\u00baanos), Biologia (12.\u00baano)- Crit\u00e9rios espec\u00edficos de avalia\u00e7\u00e3o <span class=\"ml-details-ml-default\">pdf 156.9 KB<\/span><\/a><\/li><\/ul><\/div><\/section>\n\n\n\n<h2>Grupo 550 &#8211; Inform\u00e1tica<\/h2>\n\n\n\n<section class=\"medialist-embedded-section\"><div mediajqref=\"medialist-construct\" id=\"mlid-69e9f9b749826\"class=\"medialist ml-default\" data-instance=\"69e9f9b749826\" data-token=\"10\" data-paging=\"1\"><ul class=\"ml-ul-ml-default\" style=\"list-style-type:none;\"><li class=\"ml-li-ml-default\"><a class=\"ml-item-ml-default medialist-ml-default pdf\"href=\"https:\/\/espan.edu.pt\/site\/wp-content\/uploads\/2024\/02\/Ensino-Basico-2.o-e-3.o-ciclos_TIC_Criterios_Especi\u0301ficos_Avaliacaos_TIC.pdf\"target=\"_blank\">Ensino B\u00e1sico (2.\u00ba e 3.\u00ba ciclos)_TIC_Criterios_Especi\u0301ficos_Avalia\u00e7\u00e3os_TIC <span class=\"ml-details-ml-default\">pdf 301.2 KB<\/span><\/a><\/li><li class=\"ml-li-ml-default\"><a class=\"ml-item-ml-default medialist-ml-default pdf\"href=\"https:\/\/espan.edu.pt\/site\/wp-content\/uploads\/2024\/02\/Ensino-Secundario-Profissional_Arquitetura-de-Computadore_Criterios_Especificos_Avaliacao.pdf\"target=\"_blank\">Ensino Secund\u00e1rio (Profissional)_Arquitetura de Computadore_Criterios_Espec\u00edficos_Avalia\u00e7\u00e3o <span class=\"ml-details-ml-default\">pdf 252.8 KB<\/span><\/a><\/li><li class=\"ml-li-ml-default\"><a class=\"ml-item-ml-default medialist-ml-default pdf\"href=\"https:\/\/espan.edu.pt\/site\/wp-content\/uploads\/2024\/02\/Ensino-Secundario-Profissional_PSI_Criterios_Especificos_Avaliacao.pdf\"target=\"_blank\">Ensino Secund\u00e1rio (Profissional)_PSI_Crit\u00e9rios_Espec\u00edficos_Avalia\u00e7\u00e3o <span class=\"ml-details-ml-default\">pdf 327.7 KB<\/span><\/a><\/li><li class=\"ml-li-ml-default\"><a class=\"ml-item-ml-default medialist-ml-default pdf\"href=\"https:\/\/espan.edu.pt\/site\/wp-content\/uploads\/2024\/02\/Ensino-Secundario-Profissional_Rede-de-Computadores_Criterios_Especificos_Avaliacao.pdf\"target=\"_blank\">Ensino Secund\u00e1rio (Profissional)_Rede de Computadores_Criterios_Espec\u00edficos_Avalia\u00e7\u00e3o <span class=\"ml-details-ml-default\">pdf 294 KB<\/span><\/a><\/li><li class=\"ml-li-ml-default\"><a class=\"ml-item-ml-default medialist-ml-default pdf\"href=\"https:\/\/espan.edu.pt\/site\/wp-content\/uploads\/2024\/02\/Ensino-Secundario-Profissional_Sistemas-Operativos_Criterios_Especificos_Avaliacao.pdf\"target=\"_blank\">Ensino Secund\u00e1rio (Profissional)_Sistemas Operativos_Criterios_Espec\u00edficos_Avalia\u00e7\u00e3o <span class=\"ml-details-ml-default\">pdf 324.9 KB<\/span><\/a><\/li><li class=\"ml-li-ml-default\"><a class=\"ml-item-ml-default medialist-ml-default pdf\"href=\"https:\/\/espan.edu.pt\/site\/wp-content\/uploads\/2024\/02\/Ensino-Secundario-Profissional_TIC_Criterios_Especi\u0301ficos__Avaliacao.pdf\"target=\"_blank\">Ensino Secund\u00e1rio (Profissional)_TIC_Criterios_Especi\u0301ficos__Avalia\u00e7\u00e3o <span class=\"ml-details-ml-default\">pdf 474.5 KB<\/span><\/a><\/li><li class=\"ml-li-ml-default\"><a class=\"ml-item-ml-default medialist-ml-default pdf\"href=\"https:\/\/espan.edu.pt\/site\/wp-content\/uploads\/2024\/02\/Ensino-Secundario-Profissional_TIS_Criterios_Especificos_Avaliacao.pdf\"target=\"_blank\">Ensino Secund\u00e1rio (Profissional)_TIS_Criterios_Espec\u00edficos_Avalia\u00e7\u00e3o <span class=\"ml-details-ml-default\">pdf 332.8 KB<\/span><\/a><\/li><li class=\"ml-li-ml-default\"><a class=\"ml-item-ml-default medialist-ml-default pdf\"href=\"https:\/\/espan.edu.pt\/site\/wp-content\/uploads\/2024\/02\/Ensino-Secundario-Aplicacoes-Informaticas-B-Criterios-Especificos-de-Avaliacao.pdf\"target=\"_blank\">Ensino Secund\u00e1rio- Aplica\u00e7\u00f5es Inform\u00e1ticas B- Crit\u00e9rios Espec\u00edficos de Avalia\u00e7\u00e3o <span class=\"ml-details-ml-default\">pdf 433.8 KB<\/span><\/a><\/li><\/ul><\/div><\/section>\n","protected":false},"excerpt":{"rendered":"<p>Grupo 230 &#8211; Matem\u00e1tica e Ci\u00eancias da Natureza Grupo 500 &#8211; Matem\u00e1tica Grupo 510 &#8211; F\u00edsica e Qu\u00edmica Grupo 520 &#8211; Biologia e Geologia Grupo 550 &#8211; Inform\u00e1tica<\/p>\n","protected":false},"author":1,"featured_media":0,"parent":0,"menu_order":0,"comment_status":"closed","ping_status":"closed","template":"","meta":{"_bbp_topic_count":0,"_bbp_reply_count":0,"_bbp_total_topic_count":0,"_bbp_total_reply_count":0,"_bbp_voice_count":0,"_bbp_anonymous_reply_count":0,"_bbp_topic_count_hidden":0,"_bbp_reply_count_hidden":0,"_bbp_forum_subforum_count":0},"categories":[],"tags":[],"uagb_featured_image_src":{"full":["https:\/\/espan.edu.pt\/site\/wp-content\/uploads\/2024\/02\/Ensino-Secundario-Aplicacoes-Informaticas-B-Criterios-Especificos-de-Avaliacao-pdf.jpg",1497,1058,true],"thumbnail":["https:\/\/espan.edu.pt\/site\/wp-content\/uploads\/2024\/02\/Ensino-Secundario-Aplicacoes-Informaticas-B-Criterios-Especificos-de-Avaliacao-pdf-150x106.jpg",150,106,true],"medium":["https:\/\/espan.edu.pt\/site\/wp-content\/uploads\/2024\/02\/Ensino-Secundario-Aplicacoes-Informaticas-B-Criterios-Especificos-de-Avaliacao-pdf-300x212.jpg",300,212,true],"medium_large":["https:\/\/espan.edu.pt\/site\/wp-content\/uploads\/2024\/02\/Ensino-Secundario-Aplicacoes-Informaticas-B-Criterios-Especificos-de-Avaliacao-pdf.jpg",640,452,false],"large":["https:\/\/espan.edu.pt\/site\/wp-content\/uploads\/2024\/02\/Ensino-Secundario-Aplicacoes-Informaticas-B-Criterios-Especificos-de-Avaliacao-pdf-1024x724.jpg",640,453,true],"1536x1536":["https:\/\/espan.edu.pt\/site\/wp-content\/uploads\/2024\/02\/Ensino-Secundario-Aplicacoes-Informaticas-B-Criterios-Especificos-de-Avaliacao-pdf.jpg",1497,1058,false],"2048x2048":["https:\/\/espan.edu.pt\/site\/wp-content\/uploads\/2024\/02\/Ensino-Secundario-Aplicacoes-Informaticas-B-Criterios-Especificos-de-Avaliacao-pdf.jpg",1497,1058,false]},"uagb_author_info":{"display_name":"Administrador","author_link":"https:\/\/espan.edu.pt\/site\/author\/administrador\/"},"uagb_comment_info":0,"uagb_excerpt":"Grupo 230 &#8211; Matem\u00e1tica e Ci\u00eancias da Natureza Grupo 500 &#8211; Matem\u00e1tica Grupo 510 &#8211; F\u00edsica e Qu\u00edmica Grupo 520 &#8211; Biologia e Geologia Grupo 550 &#8211; Inform\u00e1tica","_links":{"self":[{"href":"https:\/\/espan.edu.pt\/site\/wp-json\/wp\/v2\/pages\/250912"}],"collection":[{"href":"https:\/\/espan.edu.pt\/site\/wp-json\/wp\/v2\/pages"}],"about":[{"href":"https:\/\/espan.edu.pt\/site\/wp-json\/wp\/v2\/types\/page"}],"author":[{"embeddable":true,"href":"https:\/\/espan.edu.pt\/site\/wp-json\/wp\/v2\/users\/1"}],"replies":[{"embeddable":true,"href":"https:\/\/espan.edu.pt\/site\/wp-json\/wp\/v2\/comments?post=250912"}],"version-history":[{"count":2,"href":"https:\/\/espan.edu.pt\/site\/wp-json\/wp\/v2\/pages\/250912\/revisions"}],"predecessor-version":[{"id":250914,"href":"https:\/\/espan.edu.pt\/site\/wp-json\/wp\/v2\/pages\/250912\/revisions\/250914"}],"wp:attachment":[{"href":"https:\/\/espan.edu.pt\/site\/wp-json\/wp\/v2\/media?parent=250912"}],"wp:term":[{"taxonomy":"category","embeddable":true,"href":"https:\/\/espan.edu.pt\/site\/wp-json\/wp\/v2\/categories?post=250912"},{"taxonomy":"post_tag","embeddable":true,"href":"https:\/\/espan.edu.pt\/site\/wp-json\/wp\/v2\/tags?post=250912"}],"curies":[{"name":"wp","href":"https:\/\/api.w.org\/{rel}","templated":true}]}}