{"id":250873,"date":"2024-02-08T12:39:38","date_gmt":"2024-02-08T12:39:38","guid":{"rendered":"https:\/\/espan.edu.pt\/site\/?page_id=250873"},"modified":"2024-03-13T18:42:48","modified_gmt":"2024-03-13T18:42:48","slug":"departamento-de-linguas-2","status":"publish","type":"page","link":"https:\/\/espan.edu.pt\/site\/departamento-de-linguas-2\/","title":{"rendered":"Departamento de L\u00ednguas"},"content":{"rendered":"\n<h2>Portugu\u00eas<\/h2>\n\n\n\n<section class=\"medialist-embedded-section\"><div mediajqref=\"medialist-construct\" id=\"mlid-69ea324526b47\"class=\"medialist ml-default\" data-instance=\"69ea324526b47\" data-token=\"10\" data-paging=\"1\"><ul class=\"ml-ul-ml-default\" style=\"list-style-type:none;\"><li class=\"ml-li-ml-default\"><a class=\"ml-item-ml-default medialist-ml-default pdf\"href=\"https:\/\/espan.edu.pt\/site\/wp-content\/uploads\/2024\/03\/CRITERIOS-ESPECIFICOS-AVALIACAO-2.o-Ciclo-PT.pdf\"target=\"_blank\">CRIT\u00c9RIOS ESPEC\u00cdFICOS AVALIA\u00c7\u00c3O &#8211; 2.\u00ba Ciclo PT <span class=\"ml-details-ml-default\">pdf 186.5 KB<\/span><\/a><\/li><li class=\"ml-li-ml-default\"><a class=\"ml-item-ml-default medialist-ml-default pdf\"href=\"https:\/\/espan.edu.pt\/site\/wp-content\/uploads\/2024\/02\/Criterios-Portugues-3-CICLO-7oANO.pdf\"target=\"_blank\">Crit\u00e9rios Portugu\u00eas &#8211; 3 CICLO 7\u00baANO <span class=\"ml-details-ml-default\">pdf 153.2 KB<\/span><\/a><\/li><li class=\"ml-li-ml-default\"><a class=\"ml-item-ml-default medialist-ml-default pdf\"href=\"https:\/\/espan.edu.pt\/site\/wp-content\/uploads\/2024\/02\/Criterios-Portugues-3-CICLO-8oANO.pdf\"target=\"_blank\">Crit\u00e9rios Portugu\u00eas &#8211; 3 CICLO 8\u00baANO <span class=\"ml-details-ml-default\">pdf 151.2 KB<\/span><\/a><\/li><li class=\"ml-li-ml-default\"><a class=\"ml-item-ml-default medialist-ml-default pdf\"href=\"https:\/\/espan.edu.pt\/site\/wp-content\/uploads\/2024\/02\/Criterios-Portugues-3-CICLO-9oANO.pdf\"target=\"_blank\">Crit\u00e9rios Portugu\u00eas &#8211; 3 CICLO 9\u00baANO <span class=\"ml-details-ml-default\">pdf 173.7 KB<\/span><\/a><\/li><li class=\"ml-li-ml-default\"><a class=\"ml-item-ml-default medialist-ml-default pdf\"href=\"https:\/\/espan.edu.pt\/site\/wp-content\/uploads\/2024\/02\/Criterios-Portugues-Profissional.pdf\"target=\"_blank\">Crit\u00e9rios Portugu\u00eas Profissional <span class=\"ml-details-ml-default\">pdf 226.3 KB<\/span><\/a><\/li><li class=\"ml-li-ml-default\"><a class=\"ml-item-ml-default medialist-ml-default pdf\"href=\"https:\/\/espan.edu.pt\/site\/wp-content\/uploads\/2024\/02\/Criterios-Portugues-Secundario.pdf\"target=\"_blank\">Crit\u00e9rios Portugu\u00eas Secund\u00e1rio <span class=\"ml-details-ml-default\">pdf 159.8 KB<\/span><\/a><\/li><\/ul><\/div><\/section>\n\n\n\n<h2>Portugu\u00eas L\u00edngua N\u00e3o Materna<\/h2>\n\n\n\n<section class=\"medialist-embedded-section\"><div mediajqref=\"medialist-construct\" id=\"mlid-69ea324557c91\"class=\"medialist ml-default\" data-instance=\"69ea324557c91\" data-token=\"10\" data-paging=\"1\"><ul class=\"ml-ul-ml-default\" style=\"list-style-type:none;\"><li class=\"ml-li-ml-default\"><a class=\"ml-item-ml-default medialist-ml-default pdf\"href=\"https:\/\/espan.edu.pt\/site\/wp-content\/uploads\/2024\/02\/Criterios-PLNM-A1-1.pdf\"target=\"_blank\">Crit\u00e9rios &#8211; PLNM A1 <span class=\"ml-details-ml-default\">pdf 156.3 KB<\/span><\/a><\/li><li class=\"ml-li-ml-default\"><a class=\"ml-item-ml-default medialist-ml-default pdf\"href=\"https:\/\/espan.edu.pt\/site\/wp-content\/uploads\/2024\/02\/Criterios-PLNM-A2-1.pdf\"target=\"_blank\">Crit\u00e9rios &#8211; PLNM A2 <span class=\"ml-details-ml-default\">pdf 156.1 KB<\/span><\/a><\/li><li class=\"ml-li-ml-default\"><a class=\"ml-item-ml-default medialist-ml-default pdf\"href=\"https:\/\/espan.edu.pt\/site\/wp-content\/uploads\/2024\/02\/Criterios-PLNM-B1-1.pdf\"target=\"_blank\">Crit\u00e9rios &#8211; PLNM B1 <span class=\"ml-details-ml-default\">pdf 158.2 KB<\/span><\/a><\/li><\/ul><\/div><\/section>\n\n\n\n<h2>Ingl\u00eas<\/h2>\n\n\n\n<section class=\"medialist-embedded-section\"><div mediajqref=\"medialist-construct\" id=\"mlid-69ea32456ef89\"class=\"medialist ml-default\" data-instance=\"69ea32456ef89\" data-token=\"10\" data-paging=\"1\"><ul class=\"ml-ul-ml-default\" style=\"list-style-type:none;\"><li class=\"ml-li-ml-default\"><a class=\"ml-item-ml-default medialist-ml-default pdf\"href=\"https:\/\/espan.edu.pt\/site\/wp-content\/uploads\/2024\/02\/Criterios-de-avaliacao-Ingles-Ensino-Secundario-2023-24.pdf\"target=\"_blank\">Crit\u00e9rios de avalia\u00e7\u00e3o &#8211; Ingl\u00eas &#8211; Ensino Secund\u00e1rio &#8211; 2023-24 <span class=\"ml-details-ml-default\">pdf 136.5 KB<\/span><\/a><\/li><li class=\"ml-li-ml-default\"><a class=\"ml-item-ml-default medialist-ml-default pdf\"href=\"https:\/\/espan.edu.pt\/site\/wp-content\/uploads\/2024\/02\/Criterios-de-avaliacao-Ingles-Profissional.pdf\"target=\"_blank\">Crit\u00e9rios de avalia\u00e7\u00e3o &#8211; Ingl\u00eas &#8211; Profissional <span class=\"ml-details-ml-default\">pdf 134.9 KB<\/span><\/a><\/li><li class=\"ml-li-ml-default\"><a class=\"ml-item-ml-default medialist-ml-default pdf\"href=\"https:\/\/espan.edu.pt\/site\/wp-content\/uploads\/2024\/02\/Criterios-de-avaliacao-Ingles-3o-Ciclo-2023-24.pdf\"target=\"_blank\">Crit\u00e9rios de avalia\u00e7\u00e3o &#8211; Ingl\u00eas -3\u00ba Ciclo &#8211; 2023-24 <span class=\"ml-details-ml-default\">pdf 136.6 KB<\/span><\/a><\/li><li class=\"ml-li-ml-default\"><a class=\"ml-item-ml-default medialist-ml-default pdf\"href=\"https:\/\/espan.edu.pt\/site\/wp-content\/uploads\/2024\/03\/CRITERIOS-ESPECIFICOS-AVALIACAO-2.o-Ciclo-ING.pdf\"target=\"_blank\">CRIT\u00c9RIOS ESPEC\u00cdFICOS AVALIA\u00c7\u00c3O &#8211; 2.\u00ba Ciclo ING <span class=\"ml-details-ml-default\">pdf 246.9 KB<\/span><\/a><\/li><li class=\"ml-li-ml-default\"><a class=\"ml-item-ml-default medialist-ml-default pdf\"href=\"https:\/\/espan.edu.pt\/site\/wp-content\/uploads\/2024\/02\/criterios_especificos_avaliacao_ingles-1o-ciclo.pdf\"target=\"_blank\">criterios_especificos_avaliacao_ingles 1\u00ba ciclo <span class=\"ml-details-ml-default\">pdf 118.5 KB<\/span><\/a><\/li><\/ul><\/div><\/section>\n\n\n\n<h2>Franc\u00eas<\/h2>\n\n\n\n<section class=\"medialist-embedded-section\"><div mediajqref=\"medialist-construct\" id=\"mlid-69ea324594c25\"class=\"medialist ml-default\" data-instance=\"69ea324594c25\" data-token=\"10\" data-paging=\"1\"><ul class=\"ml-ul-ml-default\" style=\"list-style-type:none;\"><li class=\"ml-li-ml-default\"><a class=\"ml-item-ml-default medialist-ml-default pdf\"href=\"https:\/\/espan.edu.pt\/site\/wp-content\/uploads\/2024\/02\/10o-ano-Frances-Criterios-Especificos-de-Avaliacao.pdf\"target=\"_blank\">10\u00ba ano Franc\u00eas Crit\u00e9rios Espec\u00edficos de Avalia\u00e7\u00e3o <span class=\"ml-details-ml-default\">pdf 191.6 KB<\/span><\/a><\/li><li class=\"ml-li-ml-default\"><a class=\"ml-item-ml-default medialist-ml-default pdf\"href=\"https:\/\/espan.edu.pt\/site\/wp-content\/uploads\/2024\/02\/11o-ano-Frances-Criterios-Especificos-de-Avaliacao.pdf\"target=\"_blank\">11\u00ba ano Franc\u00eas Crit\u00e9rios Espec\u00edficos de Avalia\u00e7\u00e3o <span class=\"ml-details-ml-default\">pdf 193.2 KB<\/span><\/a><\/li><li class=\"ml-li-ml-default\"><a class=\"ml-item-ml-default medialist-ml-default pdf\"href=\"https:\/\/espan.edu.pt\/site\/wp-content\/uploads\/2024\/02\/7o-ano-Frances-Criterios-Especificos-de-Avaliacao.pdf\"target=\"_blank\">7\u00ba ano Franc\u00eas Crit\u00e9rios Espec\u00edficos de Avalia\u00e7\u00e3o <span class=\"ml-details-ml-default\">pdf 193.7 KB<\/span><\/a><\/li><li class=\"ml-li-ml-default\"><a class=\"ml-item-ml-default medialist-ml-default pdf\"href=\"https:\/\/espan.edu.pt\/site\/wp-content\/uploads\/2024\/02\/8o-ano-Frances-Criterios-Especificos-de-Avaliacao.pdf\"target=\"_blank\">8\u00ba ano Franc\u00eas Crit\u00e9rios Espec\u00edficos de Avalia\u00e7\u00e3o <span class=\"ml-details-ml-default\">pdf 199.5 KB<\/span><\/a><\/li><li class=\"ml-li-ml-default\"><a class=\"ml-item-ml-default medialist-ml-default pdf\"href=\"https:\/\/espan.edu.pt\/site\/wp-content\/uploads\/2024\/02\/9o-ano-Frances-Criterios-Especificos-de-Avaliacao.pdf\"target=\"_blank\">9\u00ba ano Franc\u00eas Crit\u00e9rios Espec\u00edficos de Avalia\u00e7\u00e3o <span class=\"ml-details-ml-default\">pdf 206 KB<\/span><\/a><\/li><\/ul><\/div><\/section>\n\n\n\n<h2>Espanhol<\/h2>\n\n\n\n<section class=\"medialist-embedded-section\"><div mediajqref=\"medialist-construct\" id=\"mlid-69ea3245bb6e8\"class=\"medialist ml-default\" data-instance=\"69ea3245bb6e8\" data-token=\"10\" data-paging=\"1\"><ul class=\"ml-ul-ml-default\" style=\"list-style-type:none;\"><li class=\"ml-li-ml-default\"><a class=\"ml-item-ml-default medialist-ml-default pdf\"href=\"https:\/\/espan.edu.pt\/site\/wp-content\/uploads\/2024\/02\/Criterios-especificos-de-Espanhol-SECUNDARIO.pdf\"target=\"_blank\">Crit\u00e9rios espec\u00edficos de Espanhol- SECUND\u00c1RIO <span class=\"ml-details-ml-default\">pdf 252.2 KB<\/span><\/a><\/li><\/ul><\/div><\/section>\n\n\n\n<p><\/p>\n","protected":false},"excerpt":{"rendered":"<p>Portugu\u00eas Portugu\u00eas L\u00edngua N\u00e3o Materna Ingl\u00eas Franc\u00eas Espanhol<\/p>\n","protected":false},"author":1,"featured_media":0,"parent":0,"menu_order":0,"comment_status":"closed","ping_status":"closed","template":"","meta":{"_bbp_topic_count":0,"_bbp_reply_count":0,"_bbp_total_topic_count":0,"_bbp_total_reply_count":0,"_bbp_voice_count":0,"_bbp_anonymous_reply_count":0,"_bbp_topic_count_hidden":0,"_bbp_reply_count_hidden":0,"_bbp_forum_subforum_count":0},"categories":[],"tags":[],"uagb_featured_image_src":{"full":["https:\/\/espan.edu.pt\/site\/wp-content\/uploads\/2024\/02\/Criterios-especificos-de-Espanhol-SECUNDARIO-pdf.jpg",1497,1058,true],"thumbnail":["https:\/\/espan.edu.pt\/site\/wp-content\/uploads\/2024\/02\/Criterios-especificos-de-Espanhol-SECUNDARIO-pdf-150x106.jpg",150,106,true],"medium":["https:\/\/espan.edu.pt\/site\/wp-content\/uploads\/2024\/02\/Criterios-especificos-de-Espanhol-SECUNDARIO-pdf-300x212.jpg",300,212,true],"medium_large":["https:\/\/espan.edu.pt\/site\/wp-content\/uploads\/2024\/02\/Criterios-especificos-de-Espanhol-SECUNDARIO-pdf.jpg",640,452,false],"large":["https:\/\/espan.edu.pt\/site\/wp-content\/uploads\/2024\/02\/Criterios-especificos-de-Espanhol-SECUNDARIO-pdf-1024x724.jpg",640,453,true],"1536x1536":["https:\/\/espan.edu.pt\/site\/wp-content\/uploads\/2024\/02\/Criterios-especificos-de-Espanhol-SECUNDARIO-pdf.jpg",1497,1058,false],"2048x2048":["https:\/\/espan.edu.pt\/site\/wp-content\/uploads\/2024\/02\/Criterios-especificos-de-Espanhol-SECUNDARIO-pdf.jpg",1497,1058,false]},"uagb_author_info":{"display_name":"Administrador","author_link":"https:\/\/espan.edu.pt\/site\/author\/administrador\/"},"uagb_comment_info":0,"uagb_excerpt":"Portugu\u00eas Portugu\u00eas L\u00edngua N\u00e3o Materna Ingl\u00eas Franc\u00eas Espanhol","_links":{"self":[{"href":"https:\/\/espan.edu.pt\/site\/wp-json\/wp\/v2\/pages\/250873"}],"collection":[{"href":"https:\/\/espan.edu.pt\/site\/wp-json\/wp\/v2\/pages"}],"about":[{"href":"https:\/\/espan.edu.pt\/site\/wp-json\/wp\/v2\/types\/page"}],"author":[{"embeddable":true,"href":"https:\/\/espan.edu.pt\/site\/wp-json\/wp\/v2\/users\/1"}],"replies":[{"embeddable":true,"href":"https:\/\/espan.edu.pt\/site\/wp-json\/wp\/v2\/comments?post=250873"}],"version-history":[{"count":4,"href":"https:\/\/espan.edu.pt\/site\/wp-json\/wp\/v2\/pages\/250873\/revisions"}],"predecessor-version":[{"id":250926,"href":"https:\/\/espan.edu.pt\/site\/wp-json\/wp\/v2\/pages\/250873\/revisions\/250926"}],"wp:attachment":[{"href":"https:\/\/espan.edu.pt\/site\/wp-json\/wp\/v2\/media?parent=250873"}],"wp:term":[{"taxonomy":"category","embeddable":true,"href":"https:\/\/espan.edu.pt\/site\/wp-json\/wp\/v2\/categories?post=250873"},{"taxonomy":"post_tag","embeddable":true,"href":"https:\/\/espan.edu.pt\/site\/wp-json\/wp\/v2\/tags?post=250873"}],"curies":[{"name":"wp","href":"https:\/\/api.w.org\/{rel}","templated":true}]}}