{"id":250846,"date":"2024-02-08T12:25:57","date_gmt":"2024-02-08T12:25:57","guid":{"rendered":"https:\/\/espan.edu.pt\/site\/?page_id=250846"},"modified":"2024-02-08T12:37:00","modified_gmt":"2024-02-08T12:37:00","slug":"departamento-de-expressoes-2","status":"publish","type":"page","link":"https:\/\/espan.edu.pt\/site\/departamento-de-expressoes-2\/","title":{"rendered":"Departamento de Express\u00f5es"},"content":{"rendered":"\n<h2>Grupo 240 &#8211; Educa\u00e7\u00e3o Visual e Tecnol\u00f3gica<\/h2>\n\n\n\n<section class=\"medialist-embedded-section\"><div mediajqref=\"medialist-construct\" id=\"mlid-69ea3274a1aaa\"class=\"medialist ml-default\" data-instance=\"69ea3274a1aaa\" data-token=\"10\" data-paging=\"1\"><ul class=\"ml-ul-ml-default\" style=\"list-style-type:none;\"><li class=\"ml-li-ml-default\"><a class=\"ml-item-ml-default medialist-ml-default pdf\"href=\"https:\/\/espan.edu.pt\/site\/wp-content\/uploads\/2024\/02\/CRITERIOS-DE-AVALIACAO-EDUCACAO-TECNOLOGICA-2oCICLO.pdf\"target=\"_blank\">CRIT\u00c9RIOS DE AVALIA\u00c7\u00c3O EDUCA\u00c7\u00c3O TECNOLOGICA &#8211; 2\u00baCICLO <span class=\"ml-details-ml-default\">pdf 133.2 KB<\/span><\/a><\/li><li class=\"ml-li-ml-default\"><a class=\"ml-item-ml-default medialist-ml-default pdf\"href=\"https:\/\/espan.edu.pt\/site\/wp-content\/uploads\/2024\/02\/CRITERIOS-DE-AVALIACAO-EDUCACAO-VISUAL-2oCICLO.pdf\"target=\"_blank\">CRIT\u00c9RIOS DE AVALIA\u00c7\u00c3O EDUCA\u00c7\u00c3O VISUAL &#8211; 2\u00baCICLO <span class=\"ml-details-ml-default\">pdf 129.4 KB<\/span><\/a><\/li><\/ul><\/div><\/section>\n\n\n\n<h2>Grupo 250 &#8211; Educa\u00e7\u00e3o Musical<\/h2>\n\n\n\n<section class=\"medialist-embedded-section\"><div mediajqref=\"medialist-construct\" id=\"mlid-69ea3274b3f6f\"class=\"medialist ml-default\" data-instance=\"69ea3274b3f6f\" data-token=\"10\" data-paging=\"1\"><ul class=\"ml-ul-ml-default\" style=\"list-style-type:none;\"><li class=\"ml-li-ml-default\"><a class=\"ml-item-ml-default medialist-ml-default pdf\"href=\"https:\/\/espan.edu.pt\/site\/wp-content\/uploads\/2024\/02\/Criterios-Especificos-de-Disciplina-de-Educacao-Musical-5o-ano.pdf\"target=\"_blank\">Crit\u00e9rios Espec\u00edficos de Disciplina de Educa\u00e7\u00e3o Musical -5\u00ba ano <span class=\"ml-details-ml-default\">pdf 234.3 KB<\/span><\/a><\/li><li class=\"ml-li-ml-default\"><a class=\"ml-item-ml-default medialist-ml-default pdf\"href=\"https:\/\/espan.edu.pt\/site\/wp-content\/uploads\/2024\/02\/Criterios-Especificos-de-Disciplina-de-Educacao-Musical-6o-ano.pdf\"target=\"_blank\">Crit\u00e9rios Espec\u00edficos de Disciplina de Educa\u00e7\u00e3o Musical -6\u00ba ano <span class=\"ml-details-ml-default\">pdf 234 KB<\/span><\/a><\/li><\/ul><\/div><\/section>\n\n\n\n<h2>Grupo 260 &#8211; Educa\u00e7\u00e3o F\u00edsica (2.\u00baC)<\/h2>\n\n\n\n<section class=\"medialist-embedded-section\"><div mediajqref=\"medialist-construct\" id=\"mlid-69ea3274c5df1\"class=\"medialist ml-default\" data-instance=\"69ea3274c5df1\" data-token=\"10\" data-paging=\"1\"><ul class=\"ml-ul-ml-default\" style=\"list-style-type:none;\"><li class=\"ml-li-ml-default\"><a class=\"ml-item-ml-default medialist-ml-default pdf\"href=\"https:\/\/espan.edu.pt\/site\/wp-content\/uploads\/2024\/02\/Crit-Especi\u0301f-de-Disciplina_EF_2oCiclo_2023-24.pdf\"target=\"_blank\">Crit Especi\u0301f de Disciplina_EF_2\u00baCiclo_2023-24 <span class=\"ml-details-ml-default\">pdf 207.8 KB<\/span><\/a><\/li><\/ul><\/div><\/section>\n\n\n\n<h2>Grupo 530 &#8211; Educa\u00e7\u00e3o Tecnol\u00f3gica<\/h2>\n\n\n\n<section class=\"medialist-embedded-section\"><div mediajqref=\"medialist-construct\" id=\"mlid-69ea3274cded3\"class=\"medialist ml-default\" data-instance=\"69ea3274cded3\" data-token=\"10\" data-paging=\"1\"><ul class=\"ml-ul-ml-default\" style=\"list-style-type:none;\"><li class=\"ml-li-ml-default\"><a class=\"ml-item-ml-default medialist-ml-default pdf\"href=\"https:\/\/espan.edu.pt\/site\/wp-content\/uploads\/2024\/02\/Ed-Tecnologica_Crit-Especificos-de-Avaliacao_G530_VF.pdf\"target=\"_blank\">Ed Tecnol\u00f3gica_Crit Espec\u00edficos de Avalia\u00e7\u00e3o_G530_VF <span class=\"ml-details-ml-default\">pdf 171.8 KB<\/span><\/a><\/li><\/ul><\/div><\/section>\n\n\n\n<h2>Grupo 600 &#8211; Artes Visuais<\/h2>\n\n\n\n<section class=\"medialist-embedded-section\"><div mediajqref=\"medialist-construct\" id=\"mlid-69ea3274d6a30\"class=\"medialist ml-default\" data-instance=\"69ea3274d6a30\" data-token=\"10\" data-paging=\"1\"><ul class=\"ml-ul-ml-default\" style=\"list-style-type:none;\"><li class=\"ml-li-ml-default\"><a class=\"ml-item-ml-default medialist-ml-default pdf\"href=\"https:\/\/espan.edu.pt\/site\/wp-content\/uploads\/2024\/02\/Crit-Avaliacao_Curso-Prof_Animacao-2D3D_VF.pdf\"target=\"_blank\">Crit Avalia\u00e7\u00e3o_Curso Prof_Animac\u00e3o 2D3D_VF <span class=\"ml-details-ml-default\">pdf 194.4 KB<\/span><\/a><\/li><li class=\"ml-li-ml-default\"><a class=\"ml-item-ml-default medialist-ml-default pdf\"href=\"https:\/\/espan.edu.pt\/site\/wp-content\/uploads\/2024\/02\/Crit-Avaliacao_Curso-Prof_Desenho-Digital-3D_VF.pdf\"target=\"_blank\">Crit Avalia\u00e7\u00e3o_Curso Prof_Desenho Digital 3D_VF <span class=\"ml-details-ml-default\">pdf 195.9 KB<\/span><\/a><\/li><li class=\"ml-li-ml-default\"><a class=\"ml-item-ml-default medialist-ml-default pdf\"href=\"https:\/\/espan.edu.pt\/site\/wp-content\/uploads\/2024\/02\/Crit-Avaliacao_DES-A_101112_2023-24_VF.pdf\"target=\"_blank\">Crit Avalia\u00e7\u00e3o_DES-A_10+11+12_2023-24_VF <span class=\"ml-details-ml-default\">pdf 284.8 KB<\/span><\/a><\/li><li class=\"ml-li-ml-default\"><a class=\"ml-item-ml-default medialist-ml-default pdf\"href=\"https:\/\/espan.edu.pt\/site\/wp-content\/uploads\/2024\/02\/Crit-Avaliacao_GD-profissional_1112_2023-24_VF.pdf\"target=\"_blank\">Crit Avalia\u00e7\u00e3o_GD profissional_11+12_2023-24_VF <span class=\"ml-details-ml-default\">pdf 221.4 KB<\/span><\/a><\/li><li class=\"ml-li-ml-default\"><a class=\"ml-item-ml-default medialist-ml-default pdf\"href=\"https:\/\/espan.edu.pt\/site\/wp-content\/uploads\/2024\/02\/Crit-Avaliacao_GD-A_1011_2023-24_VF.pdf\"target=\"_blank\">Crit Avalia\u00e7\u00e3o_GD-A_10+11_2023-24_VF <span class=\"ml-details-ml-default\">pdf 254 KB<\/span><\/a><\/li><li class=\"ml-li-ml-default\"><a class=\"ml-item-ml-default medialist-ml-default pdf\"href=\"https:\/\/espan.edu.pt\/site\/wp-content\/uploads\/2024\/02\/Crit-Avaliacao_Of-Multimedia-B_2023-24_VF.pdf\"target=\"_blank\">Crit Avalia\u00e7\u00e3o_Of Multim\u00e9dia-B_2023-24_VF <span class=\"ml-details-ml-default\">pdf 217.4 KB<\/span><\/a><\/li><li class=\"ml-li-ml-default\"><a class=\"ml-item-ml-default medialist-ml-default pdf\"href=\"https:\/\/espan.edu.pt\/site\/wp-content\/uploads\/2024\/02\/EV-Criterios-Avaliacao_2023-24_VF.pdf\"target=\"_blank\">EV Crit\u00e9rios Avalia\u00e7\u00e3o_2023-24_VF <span class=\"ml-details-ml-default\">pdf 236.7 KB<\/span><\/a><\/li><\/ul><\/div><\/section>\n\n\n\n<h2>Grupo 620 &#8211; Educa\u00e7\u00e3o F\u00edsica<\/h2>\n\n\n\n<section class=\"medialist-embedded-section\"><div mediajqref=\"medialist-construct\" id=\"mlid-69ea3275177ed\"class=\"medialist ml-default\" data-instance=\"69ea3275177ed\" data-token=\"10\" data-paging=\"1\"><ul class=\"ml-ul-ml-default\" style=\"list-style-type:none;\"><li class=\"ml-li-ml-default\"><a class=\"ml-item-ml-default medialist-ml-default pdf\"href=\"https:\/\/espan.edu.pt\/site\/wp-content\/uploads\/2024\/02\/Criterios-Avaliacao_EF_3o-ciclo_3-11.pdf\"target=\"_blank\">Crit\u00e9rios Avalia\u00e7\u00e3o_EF_3\u00ba ciclo_3-11 <span class=\"ml-details-ml-default\">pdf 711.8 KB<\/span><\/a><\/li><li class=\"ml-li-ml-default\"><a class=\"ml-item-ml-default medialist-ml-default pdf\"href=\"https:\/\/espan.edu.pt\/site\/wp-content\/uploads\/2024\/02\/Criterios-de-Avaliacao_EF_-Secundario_3-11.pdf\"target=\"_blank\">Criterios de Avalia\u00e7\u00e3o_EF_ Secundario_3-11 <span class=\"ml-details-ml-default\">pdf 599.8 KB<\/span><\/a><\/li><\/ul><\/div><\/section>\n\n\n\n<p><\/p>\n\n\n\n<p><\/p>\n\n\n\n<p><\/p>\n\n\n\n<p><\/p>\n\n\n\n<p><\/p>\n","protected":false},"excerpt":{"rendered":"<p>Grupo 240 &#8211; Educa\u00e7\u00e3o Visual e Tecnol\u00f3gica Grupo 250 &#8211; Educa\u00e7\u00e3o Musical Grupo 260 &#8211; Educa\u00e7\u00e3o F\u00edsica (2.\u00baC) Grupo 530 &#8211; Educa\u00e7\u00e3o Tecnol\u00f3gica Grupo 600 &#8211; Artes Visuais Grupo 620 &hellip; <\/p>\n","protected":false},"author":1,"featured_media":0,"parent":0,"menu_order":0,"comment_status":"closed","ping_status":"closed","template":"","meta":{"_bbp_topic_count":0,"_bbp_reply_count":0,"_bbp_total_topic_count":0,"_bbp_total_reply_count":0,"_bbp_voice_count":0,"_bbp_anonymous_reply_count":0,"_bbp_topic_count_hidden":0,"_bbp_reply_count_hidden":0,"_bbp_forum_subforum_count":0},"categories":[],"tags":[],"uagb_featured_image_src":{"full":["https:\/\/espan.edu.pt\/site\/wp-content\/uploads\/2024\/02\/Criterios-de-Avaliacao_EF_-Secundario_3-11-pdf.jpg",1497,1058,true],"thumbnail":["https:\/\/espan.edu.pt\/site\/wp-content\/uploads\/2024\/02\/Criterios-de-Avaliacao_EF_-Secundario_3-11-pdf-150x106.jpg",150,106,true],"medium":["https:\/\/espan.edu.pt\/site\/wp-content\/uploads\/2024\/02\/Criterios-de-Avaliacao_EF_-Secundario_3-11-pdf-300x212.jpg",300,212,true],"medium_large":["https:\/\/espan.edu.pt\/site\/wp-content\/uploads\/2024\/02\/Criterios-de-Avaliacao_EF_-Secundario_3-11-pdf.jpg",640,452,false],"large":["https:\/\/espan.edu.pt\/site\/wp-content\/uploads\/2024\/02\/Criterios-de-Avaliacao_EF_-Secundario_3-11-pdf-1024x724.jpg",640,453,true],"1536x1536":["https:\/\/espan.edu.pt\/site\/wp-content\/uploads\/2024\/02\/Criterios-de-Avaliacao_EF_-Secundario_3-11-pdf.jpg",1497,1058,false],"2048x2048":["https:\/\/espan.edu.pt\/site\/wp-content\/uploads\/2024\/02\/Criterios-de-Avaliacao_EF_-Secundario_3-11-pdf.jpg",1497,1058,false]},"uagb_author_info":{"display_name":"Administrador","author_link":"https:\/\/espan.edu.pt\/site\/author\/administrador\/"},"uagb_comment_info":0,"uagb_excerpt":"Grupo 240 &#8211; Educa\u00e7\u00e3o Visual e Tecnol\u00f3gica Grupo 250 &#8211; Educa\u00e7\u00e3o Musical Grupo 260 &#8211; Educa\u00e7\u00e3o F\u00edsica (2.\u00baC) Grupo 530 &#8211; Educa\u00e7\u00e3o Tecnol\u00f3gica Grupo 600 &#8211; Artes Visuais Grupo 620 &hellip;","_links":{"self":[{"href":"https:\/\/espan.edu.pt\/site\/wp-json\/wp\/v2\/pages\/250846"}],"collection":[{"href":"https:\/\/espan.edu.pt\/site\/wp-json\/wp\/v2\/pages"}],"about":[{"href":"https:\/\/espan.edu.pt\/site\/wp-json\/wp\/v2\/types\/page"}],"author":[{"embeddable":true,"href":"https:\/\/espan.edu.pt\/site\/wp-json\/wp\/v2\/users\/1"}],"replies":[{"embeddable":true,"href":"https:\/\/espan.edu.pt\/site\/wp-json\/wp\/v2\/comments?post=250846"}],"version-history":[{"count":2,"href":"https:\/\/espan.edu.pt\/site\/wp-json\/wp\/v2\/pages\/250846\/revisions"}],"predecessor-version":[{"id":250865,"href":"https:\/\/espan.edu.pt\/site\/wp-json\/wp\/v2\/pages\/250846\/revisions\/250865"}],"wp:attachment":[{"href":"https:\/\/espan.edu.pt\/site\/wp-json\/wp\/v2\/media?parent=250846"}],"wp:term":[{"taxonomy":"category","embeddable":true,"href":"https:\/\/espan.edu.pt\/site\/wp-json\/wp\/v2\/categories?post=250846"},{"taxonomy":"post_tag","embeddable":true,"href":"https:\/\/espan.edu.pt\/site\/wp-json\/wp\/v2\/tags?post=250846"}],"curies":[{"name":"wp","href":"https:\/\/api.w.org\/{rel}","templated":true}]}}