{"id":250839,"date":"2024-02-08T12:18:52","date_gmt":"2024-02-08T12:18:52","guid":{"rendered":"https:\/\/espan.edu.pt\/site\/?page_id=250839"},"modified":"2024-02-08T12:25:12","modified_gmt":"2024-02-08T12:25:12","slug":"criterios-departamento-ciencias-humanas","status":"publish","type":"page","link":"https:\/\/espan.edu.pt\/site\/criterios-departamento-ciencias-humanas\/","title":{"rendered":"Departamento de Ci\u00eancias Sociais e Humanas"},"content":{"rendered":"\n<h2>Grupo 200 &#8211; Hist\u00f3ria e Geografia de Portugal<\/h2>\n\n\n\n<section class=\"medialist-embedded-section\"><div mediajqref=\"medialist-construct\" id=\"mlid-69e9fb6b682ee\"class=\"medialist ml-default\" data-instance=\"69e9fb6b682ee\" data-token=\"10\" data-paging=\"1\"><ul class=\"ml-ul-ml-default\" style=\"list-style-type:none;\"><li class=\"ml-li-ml-default\"><a class=\"ml-item-ml-default medialist-ml-default pdf\"href=\"https:\/\/espan.edu.pt\/site\/wp-content\/uploads\/2024\/02\/Crite\u0301rios-Especificos-de-Avaliacao-e-Classificac\u0327a\u0303o-de-HGP-5o-e-6o-anos.pdf\"target=\"_blank\">Crite\u0301rios Espec\u00edficos de Avalia\u00e7\u00e3o e Classificac\u0327a\u0303o de HGP 5\u00ba e 6\u00ba anos <span class=\"ml-details-ml-default\">pdf 171.7 KB<\/span><\/a><\/li><\/ul><\/div><\/section>\n\n\n\n<h2>Grupo 400 &#8211; Hist\u00f3ria<\/h2>\n\n\n\n<section class=\"medialist-embedded-section\"><div mediajqref=\"medialist-construct\" id=\"mlid-69e9fb6b77bc4\"class=\"medialist ml-default\" data-instance=\"69e9fb6b77bc4\" data-token=\"10\" data-paging=\"1\"><ul class=\"ml-ul-ml-default\" style=\"list-style-type:none;\"><li class=\"ml-li-ml-default\"><a class=\"ml-item-ml-default medialist-ml-default pdf\"href=\"https:\/\/espan.edu.pt\/site\/wp-content\/uploads\/2024\/02\/Criterios-Avaliacao-10o-11o-Ano-HCA-Ensino-Profissional.pdf\"target=\"_blank\">Crit\u00e9rios Avalia\u00e7\u00e3o 10\u00ba 11\u00ba Ano HCA Ensino Profissional <span class=\"ml-details-ml-default\">pdf 144 KB<\/span><\/a><\/li><li class=\"ml-li-ml-default\"><a class=\"ml-item-ml-default medialist-ml-default pdf\"href=\"https:\/\/espan.edu.pt\/site\/wp-content\/uploads\/2024\/02\/Criterios-Avaliacao-HCA_10_11_Ensino-Profissional.pdf\"target=\"_blank\">Crit\u00e9rios Avalia\u00e7\u00e3o HCA_10_11_Ensino Profissional <span class=\"ml-details-ml-default\">pdf 273.2 KB<\/span><\/a><\/li><li class=\"ml-li-ml-default\"><a class=\"ml-item-ml-default medialist-ml-default pdf\"href=\"https:\/\/espan.edu.pt\/site\/wp-content\/uploads\/2024\/02\/Criterios-Especificos-de-Avaliacao-Historia-A_10o11o-e-12o-Ano-1-2.pdf\"target=\"_blank\">Crit\u00e9rios Espec\u00edficos de Avalia\u00e7\u00e3o &#8211; Hist\u00f3ria A_10\u00ba,11\u00ba e 12\u00ba Ano (1) (2) <span class=\"ml-details-ml-default\">pdf 226 KB<\/span><\/a><\/li><li class=\"ml-li-ml-default\"><a class=\"ml-item-ml-default medialist-ml-default pdf\"href=\"https:\/\/espan.edu.pt\/site\/wp-content\/uploads\/2024\/02\/Criterios-Especificos-de-Avalicao_3oCiclo_2023-24-3.pdf\"target=\"_blank\">Crit\u00e9rios Espec\u00edficos de Avali\u00e7\u00e3o_3\u00baCiclo_2023-24 (3) <span class=\"ml-details-ml-default\">pdf 378.6 KB<\/span><\/a><\/li><\/ul><\/div><\/section>\n\n\n\n<h2>Grupo 410 &#8211; Filosofia<\/h2>\n\n\n\n<section class=\"medialist-embedded-section\"><div mediajqref=\"medialist-construct\" id=\"mlid-69e9fb6b99ebc\"class=\"medialist ml-default\" data-instance=\"69e9fb6b99ebc\" data-token=\"10\" data-paging=\"1\"><ul class=\"ml-ul-ml-default\" style=\"list-style-type:none;\"><li class=\"ml-li-ml-default\"><a class=\"ml-item-ml-default medialist-ml-default pdf\"href=\"https:\/\/espan.edu.pt\/site\/wp-content\/uploads\/2024\/02\/Criterios-Avaliacao-e-Classificac\u0327a\u0303o-Filosofia-10-11-anos.pdf\"target=\"_blank\">Crit\u00e9rios Avalia\u00e7\u00e3o e Classificac\u0327a\u0303o Filosofia 10-11 anos <span class=\"ml-details-ml-default\">pdf 170.4 KB<\/span><\/a><\/li><li class=\"ml-li-ml-default\"><a class=\"ml-item-ml-default medialist-ml-default pdf\"href=\"https:\/\/espan.edu.pt\/site\/wp-content\/uploads\/2024\/02\/Crite\u0301rios-Avaliac\u0327a\u0303o-e-Classificac\u0327a\u0303o-Psicologia-B.pdf\"target=\"_blank\">Crite\u0301rios Avaliac\u0327a\u0303o e Classificac\u0327a\u0303o Psicologia B <span class=\"ml-details-ml-default\">pdf 170.6 KB<\/span><\/a><\/li><\/ul><\/div><\/section>\n\n\n\n<h2>Grupo 420 &#8211; Geografia<\/h2>\n\n\n\n<section class=\"medialist-embedded-section\"><div mediajqref=\"medialist-construct\" id=\"mlid-69e9fb6ba9f66\"class=\"medialist ml-default\" data-instance=\"69e9fb6ba9f66\" data-token=\"10\" data-paging=\"1\"><ul class=\"ml-ul-ml-default\" style=\"list-style-type:none;\"><li class=\"ml-li-ml-default\"><a class=\"ml-item-ml-default medialist-ml-default pdf\"href=\"https:\/\/espan.edu.pt\/site\/wp-content\/uploads\/2024\/02\/Proposta-de-criterios-de-avaliacao-do-3o-ciclo_Geografia.pdf\"target=\"_blank\">Proposta de crit\u00e9rios de avalia\u00e7\u00e3o do 3\u00ba ciclo_Geografia <span class=\"ml-details-ml-default\">pdf 151.6 KB<\/span><\/a><\/li><li class=\"ml-li-ml-default\"><a class=\"ml-item-ml-default medialist-ml-default pdf\"href=\"https:\/\/espan.edu.pt\/site\/wp-content\/uploads\/2024\/02\/Proposta-de-criterios-de-avaliacao-do-Secundario_Geografia.pdf\"target=\"_blank\">Proposta de crit\u00e9rios de avalia\u00e7\u00e3o do Secund\u00e1rio_Geografia <span class=\"ml-details-ml-default\">pdf 151.9 KB<\/span><\/a><\/li><\/ul><\/div><\/section>\n\n\n\n<h2>Grupo 430 &#8211; Economia<\/h2>\n\n\n\n<section class=\"medialist-embedded-section\"><div mediajqref=\"medialist-construct\" id=\"mlid-69e9fb6bb9d7f\"class=\"medialist ml-default\" data-instance=\"69e9fb6bb9d7f\" data-token=\"10\" data-paging=\"1\"><ul class=\"ml-ul-ml-default\" style=\"list-style-type:none;\"><li class=\"ml-li-ml-default\"><a class=\"ml-item-ml-default medialist-ml-default pdf\"href=\"https:\/\/espan.edu.pt\/site\/wp-content\/uploads\/2024\/02\/Criterios-Avaliacao-Area-de-Integracao-1.pdf\"target=\"_blank\">Crit\u00e9rios Avalia\u00e7\u00e3o \u00c1rea de Integra\u00e7\u00e3o (1) <span class=\"ml-details-ml-default\">pdf 171.4 KB<\/span><\/a><\/li><li class=\"ml-li-ml-default\"><a class=\"ml-item-ml-default medialist-ml-default pdf\"href=\"https:\/\/espan.edu.pt\/site\/wp-content\/uploads\/2024\/02\/Criterios-Avaliacao-ECONOMIA-A-10-11-2023-2024.pdf\"target=\"_blank\">Crit\u00e9rios Avalia\u00e7\u00e3o ECONOMIA A 10-11 2023 2024 <span class=\"ml-details-ml-default\">pdf 172.7 KB<\/span><\/a><\/li><li class=\"ml-li-ml-default\"><a class=\"ml-item-ml-default medialist-ml-default pdf\"href=\"https:\/\/espan.edu.pt\/site\/wp-content\/uploads\/2024\/02\/Criterios-Avaliacao-ECONOMIA-Apoio-Gestao-Modulos-1234-2023-2026.pdf\"target=\"_blank\">Crit\u00e9rios Avalia\u00e7\u00e3o ECONOMIA Apoio Gest\u00e3o M\u00f3dulos 1234 2023 2026 <span class=\"ml-details-ml-default\">pdf 166.3 KB<\/span><\/a><\/li><li class=\"ml-li-ml-default\"><a class=\"ml-item-ml-default medialist-ml-default pdf\"href=\"https:\/\/espan.edu.pt\/site\/wp-content\/uploads\/2024\/02\/Criterios-Avaliacao-ECONOMIA-Apoio-Gestao-Modulos-5678-2023-2026.pdf\"target=\"_blank\">Crit\u00e9rios Avalia\u00e7\u00e3o ECONOMIA Apoio Gest\u00e3o M\u00f3dulos 5678 2023 2026 <span class=\"ml-details-ml-default\">pdf 167.2 KB<\/span><\/a><\/li><li class=\"ml-li-ml-default\"><a class=\"ml-item-ml-default medialist-ml-default pdf\"href=\"https:\/\/espan.edu.pt\/site\/wp-content\/uploads\/2024\/02\/Criterios-Avaliacao-ECONOMIA-Gestao-Modulos-678-2022-2025.pdf\"target=\"_blank\">Crit\u00e9rios Avalia\u00e7\u00e3o ECONOMIA Gest\u00e3o M\u00f3dulos 678 2022 2025 <span class=\"ml-details-ml-default\">pdf 171.6 KB<\/span><\/a><\/li><li class=\"ml-li-ml-default\"><a class=\"ml-item-ml-default medialist-ml-default pdf\"href=\"https:\/\/espan.edu.pt\/site\/wp-content\/uploads\/2024\/02\/Criterios-Avaliacao-Gestao-Formacao-Tecnica.pdf\"target=\"_blank\">Criterios Avaliac\u00e3o Gest\u00e3o Forma\u00e7\u00e3o T\u00e9cnica <span class=\"ml-details-ml-default\">pdf 190.5 KB<\/span><\/a><\/li><li class=\"ml-li-ml-default\"><a class=\"ml-item-ml-default medialist-ml-default pdf\"href=\"https:\/\/espan.edu.pt\/site\/wp-content\/uploads\/2024\/02\/Criterios-Avaliacao-Sociologia-2023-2024-1.pdf\"target=\"_blank\">Crit\u00e9rios Avalia\u00e7\u00e3o Sociologia 2023 2024 (1) <span class=\"ml-details-ml-default\">pdf 170.7 KB<\/span><\/a><\/li><\/ul><\/div><\/section>\n\n\n\n<p><\/p>\n","protected":false},"excerpt":{"rendered":"<p>Grupo 200 &#8211; Hist\u00f3ria e Geografia de Portugal Grupo 400 &#8211; Hist\u00f3ria Grupo 410 &#8211; Filosofia Grupo 420 &#8211; Geografia Grupo 430 &#8211; Economia<\/p>\n","protected":false},"author":1,"featured_media":0,"parent":0,"menu_order":0,"comment_status":"closed","ping_status":"closed","template":"","meta":{"_bbp_topic_count":0,"_bbp_reply_count":0,"_bbp_total_topic_count":0,"_bbp_total_reply_count":0,"_bbp_voice_count":0,"_bbp_anonymous_reply_count":0,"_bbp_topic_count_hidden":0,"_bbp_reply_count_hidden":0,"_bbp_forum_subforum_count":0},"categories":[],"tags":[],"uagb_featured_image_src":{"full":["https:\/\/espan.edu.pt\/site\/wp-content\/uploads\/2024\/02\/Criterios-Avaliacao-Sociologia-2023-2024-1-pdf.jpg",1497,1059,true],"thumbnail":["https:\/\/espan.edu.pt\/site\/wp-content\/uploads\/2024\/02\/Criterios-Avaliacao-Sociologia-2023-2024-1-pdf-150x106.jpg",150,106,true],"medium":["https:\/\/espan.edu.pt\/site\/wp-content\/uploads\/2024\/02\/Criterios-Avaliacao-Sociologia-2023-2024-1-pdf-300x212.jpg",300,212,true],"medium_large":["https:\/\/espan.edu.pt\/site\/wp-content\/uploads\/2024\/02\/Criterios-Avaliacao-Sociologia-2023-2024-1-pdf.jpg",640,453,false],"large":["https:\/\/espan.edu.pt\/site\/wp-content\/uploads\/2024\/02\/Criterios-Avaliacao-Sociologia-2023-2024-1-pdf-1024x724.jpg",640,453,true],"1536x1536":["https:\/\/espan.edu.pt\/site\/wp-content\/uploads\/2024\/02\/Criterios-Avaliacao-Sociologia-2023-2024-1-pdf.jpg",1497,1059,false],"2048x2048":["https:\/\/espan.edu.pt\/site\/wp-content\/uploads\/2024\/02\/Criterios-Avaliacao-Sociologia-2023-2024-1-pdf.jpg",1497,1059,false]},"uagb_author_info":{"display_name":"Administrador","author_link":"https:\/\/espan.edu.pt\/site\/author\/administrador\/"},"uagb_comment_info":0,"uagb_excerpt":"Grupo 200 &#8211; Hist\u00f3ria e Geografia de Portugal Grupo 400 &#8211; Hist\u00f3ria Grupo 410 &#8211; Filosofia Grupo 420 &#8211; Geografia Grupo 430 &#8211; Economia","_links":{"self":[{"href":"https:\/\/espan.edu.pt\/site\/wp-json\/wp\/v2\/pages\/250839"}],"collection":[{"href":"https:\/\/espan.edu.pt\/site\/wp-json\/wp\/v2\/pages"}],"about":[{"href":"https:\/\/espan.edu.pt\/site\/wp-json\/wp\/v2\/types\/page"}],"author":[{"embeddable":true,"href":"https:\/\/espan.edu.pt\/site\/wp-json\/wp\/v2\/users\/1"}],"replies":[{"embeddable":true,"href":"https:\/\/espan.edu.pt\/site\/wp-json\/wp\/v2\/comments?post=250839"}],"version-history":[{"count":4,"href":"https:\/\/espan.edu.pt\/site\/wp-json\/wp\/v2\/pages\/250839\/revisions"}],"predecessor-version":[{"id":250845,"href":"https:\/\/espan.edu.pt\/site\/wp-json\/wp\/v2\/pages\/250839\/revisions\/250845"}],"wp:attachment":[{"href":"https:\/\/espan.edu.pt\/site\/wp-json\/wp\/v2\/media?parent=250839"}],"wp:term":[{"taxonomy":"category","embeddable":true,"href":"https:\/\/espan.edu.pt\/site\/wp-json\/wp\/v2\/categories?post=250839"},{"taxonomy":"post_tag","embeddable":true,"href":"https:\/\/espan.edu.pt\/site\/wp-json\/wp\/v2\/tags?post=250839"}],"curies":[{"name":"wp","href":"https:\/\/api.w.org\/{rel}","templated":true}]}}