{"id":249696,"date":"2023-06-06T21:38:56","date_gmt":"2023-06-06T21:38:56","guid":{"rendered":"https:\/\/espan.edu.pt\/site\/?page_id=249696"},"modified":"2026-04-09T09:57:51","modified_gmt":"2026-04-09T09:57:51","slug":"moda","status":"publish","type":"page","link":"https:\/\/espan.edu.pt\/site\/moda\/","title":{"rendered":"Provas Monitoriza\u00e7\u00e3o das Aprendizagens\u00a0 &#8211; Formato Digital"},"content":{"rendered":"<div class=\"wpb-content-wrapper\"><p>[vc_row][vc_column width=&#8221;4\/6&#8243;][vc_column_text css=&#8221;&#8221;]<\/p>\n<p><span style=\"color: #ffffff;\">.<\/span><\/p>\n<h3><strong>Instala\u00e7\u00e3o da aplica\u00e7\u00e3o &#8220;Intuitivo&#8221; para as Provas Monitoriza\u00e7\u00e3o das Aprendizagens\u00a0<\/strong><\/h3>\n<h3><strong>(Atualizado a 3 de janeiro 2026)<\/strong><\/h3>\n<p>[\/vc_column_text][\/vc_column][vc_column width=&#8221;1\/6&#8243;][vc_single_image source=&#8221;external_link&#8221; alignment=&#8221;center&#8221; css=&#8221;&#8221; custom_src=&#8221;https:\/\/escolapt.wordpress.com\/wp-content\/uploads\/2021\/10\/iave.jpg?w=300&#8243;][\/vc_column][vc_column][vc_column_text css=&#8221;&#8221;]<\/p>\n<p>Informa-se toda a comunidade educativa que, segundo orienta\u00e7\u00f5es facultadas pelo J\u00fari Nacional de Exames, <strong>ser\u00e1 obrigat\u00f3rio a instala\u00e7\u00e3o do programa INTUITIVO nos computadores dos alunos que ir\u00e3o realizar as <\/strong><strong>Provas Monitoriza\u00e7\u00e3o das Aprendizagens\u00a0<\/strong><\/p>\n<p>&nbsp;<\/p>\n<p><span style=\"color: #0000ff;\"><strong>NOTA: <\/strong><\/span>Para os computadores da Escola Digital, selecione a vers\u00e3o Windows<\/p>\n<p>[\/vc_column_text][\/vc_column][\/vc_row][vc_row][vc_column width=&#8221;1\/6&#8243;][vc_single_image source=&#8221;external_link&#8221; external_img_size=&#8221;50&#215;50&#8243; alignment=&#8221;center&#8221; custom_src=&#8221;https:\/\/upload.wikimedia.org\/wikipedia\/commons\/thumb\/4\/48\/Windows_logo_-_2012_%28dark_blue%29.svg\/2048px-Windows_logo_-_2012_%28dark_blue%29.svg.png&#8221;][\/vc_column][vc_column width=&#8221;5\/6&#8243;][vc_column_text css=&#8221;&#8221;]<\/p>\n<p><a href=\"https:\/\/assets.iave.pt\/production\/apps\/intuitivo-app\/v0.0.12\/Provas+IAVE-0.0.12.exe\">Clique aqui para descarregar a aplica\u00e7\u00e3o Intuitivo para Windows<\/a><\/p>\n<p>[\/vc_column_text][\/vc_column][\/vc_row][vc_row][vc_column width=&#8221;1\/6&#8243;][vc_single_image source=&#8221;external_link&#8221; external_img_size=&#8221;100&#215;200&#8243; alignment=&#8221;center&#8221; custom_src=&#8221;https:\/\/logodownload.org\/wp-content\/uploads\/2022\/05\/linux-logo.png&#8221;][\/vc_column][vc_column width=&#8221;5\/6&#8243;][vc_column_text css=&#8221;&#8221;]<\/p>\n<p><a href=\"https:\/\/assets.iave.pt\/production\/apps\/intuitivo-app\/v0.0.12\/Provas+IAVE-0.0.12.AppImage\">Clique aqui para descarregar a aplica\u00e7\u00e3o Intuitivo para Linux<\/a><\/p>\n<p>[\/vc_column_text][\/vc_column][\/vc_row][vc_row][vc_column width=&#8221;1\/6&#8243;][vc_single_image source=&#8221;external_link&#8221; css=&#8221;&#8221; custom_src=&#8221;https:\/\/logo.com\/image-cdn\/images\/kts928pd\/production\/cfe98f0d8e42613968a2414d95c9064037d78580-1140&#215;620.png&#8221;][\/vc_column][vc_column width=&#8221;5\/6&#8243;][vc_column_text css=&#8221;&#8221;]<\/p>\n<p><span style=\"color: #ffffff;\">.<\/span><\/p>\n<p><a href=\"https:\/\/assets.iave.pt\/production\/apps\/intuitivo-app\/v0.0.12\/Provas+IAVE-0.0.12.dmg\">Clique aqui para descarregar a aplica\u00e7\u00e3o Intuitivo para Mac OS<\/a><\/p>\n<p>[\/vc_column_text][\/vc_column][\/vc_row][vc_row][vc_column width=&#8221;1\/6&#8243;][vc_single_image source=&#8221;external_link&#8221; external_img_size=&#8221;100&#215;100&#8243; alignment=&#8221;center&#8221; custom_src=&#8221;https:\/\/logospng.org\/download\/android\/logo-android-512.png&#8221;][\/vc_column][vc_column width=&#8221;5\/6&#8243;][vc_column_text css=&#8221;&#8221;]<\/p>\n<p><span style=\"color: #ffffff;\">.<\/span><\/p>\n<p><a href=\"https:\/\/play.google.com\/store\/apps\/details?id=pt.intuititvo.mobileApp&amp;hl=pt_PT&amp;gl=US\">Clique aqui para descarregar a aplica\u00e7\u00e3o Intuitivo para Android<\/a><\/p>\n<p>[\/vc_column_text][\/vc_column][\/vc_row][vc_row][vc_column width=&#8221;1\/6&#8243;][vc_single_image source=&#8221;external_link&#8221; external_img_size=&#8221;100&#215;100&#8243; alignment=&#8221;center&#8221; css=&#8221;&#8221; custom_src=&#8221;https:\/\/th.bing.com\/th?id=OSK.06e6bad208c5140f2e99c215a645b29d&amp;w=46&amp;h=46&amp;c=11&amp;rs=1&amp;qlt=80&amp;o=6&amp;dpr=2&amp;pid=SANGAM&#8221;][\/vc_column][vc_column width=&#8221;5\/6&#8243;][vc_column_text css=&#8221;&#8221;]<\/p>\n<p><span style=\"color: #ffffff;\">.<\/span><\/p>\n<p><a href=\"https:\/\/apps.apple.com\/pt\/app\/intuitivo\/id6449191657\">Clique aqui para descarregar a aplica\u00e7\u00e3o Intuitivo para IOS<\/a><\/p>\n<p>[\/vc_column_text][\/vc_column][\/vc_row]<\/p>\n<\/div>","protected":false},"excerpt":{"rendered":"<p>[vc_row][vc_column width=&#8221;4\/6&#8243;][vc_column_text css=&#8221;&#8221;] . Instala\u00e7\u00e3o da aplica\u00e7\u00e3o &#8220;Intuitivo&#8221; para as Provas Monitoriza\u00e7\u00e3o das Aprendizagens\u00a0 (Atualizado a 3 de janeiro 2026) [\/vc_column_text][\/vc_column][vc_column width=&#8221;1\/6&#8243;][vc_single_image source=&#8221;external_link&#8221; alignment=&#8221;center&#8221; css=&#8221;&#8221; custom_src=&#8221;https:\/\/escolapt.wordpress.com\/wp-content\/uploads\/2021\/10\/iave.jpg?w=300&#8243;][\/vc_column][vc_column][vc_column_text css=&#8221;&#8221;] Informa-se toda a &hellip; <\/p>\n","protected":false},"author":1,"featured_media":0,"parent":0,"menu_order":0,"comment_status":"closed","ping_status":"closed","template":"","meta":{"_bbp_topic_count":0,"_bbp_reply_count":0,"_bbp_total_topic_count":0,"_bbp_total_reply_count":0,"_bbp_voice_count":0,"_bbp_anonymous_reply_count":0,"_bbp_topic_count_hidden":0,"_bbp_reply_count_hidden":0,"_bbp_forum_subforum_count":0},"categories":[],"tags":[],"uagb_featured_image_src":{"full":false,"thumbnail":false,"medium":false,"medium_large":false,"large":false,"1536x1536":false,"2048x2048":false},"uagb_author_info":{"display_name":"Administrador","author_link":"https:\/\/espan.edu.pt\/site\/author\/administrador\/"},"uagb_comment_info":0,"uagb_excerpt":"[vc_row][vc_column width=&#8221;4\/6&#8243;][vc_column_text css=&#8221;&#8221;] . Instala\u00e7\u00e3o da aplica\u00e7\u00e3o &#8220;Intuitivo&#8221; para as Provas Monitoriza\u00e7\u00e3o das Aprendizagens\u00a0 (Atualizado a 3 de janeiro 2026) [\/vc_column_text][\/vc_column][vc_column width=&#8221;1\/6&#8243;][vc_single_image source=&#8221;external_link&#8221; alignment=&#8221;center&#8221; css=&#8221;&#8221; custom_src=&#8221;https:\/\/escolapt.wordpress.com\/wp-content\/uploads\/2021\/10\/iave.jpg?w=300&#8243;][\/vc_column][vc_column][vc_column_text css=&#8221;&#8221;] Informa-se toda a &hellip;","_links":{"self":[{"href":"https:\/\/espan.edu.pt\/site\/wp-json\/wp\/v2\/pages\/249696"}],"collection":[{"href":"https:\/\/espan.edu.pt\/site\/wp-json\/wp\/v2\/pages"}],"about":[{"href":"https:\/\/espan.edu.pt\/site\/wp-json\/wp\/v2\/types\/page"}],"author":[{"embeddable":true,"href":"https:\/\/espan.edu.pt\/site\/wp-json\/wp\/v2\/users\/1"}],"replies":[{"embeddable":true,"href":"https:\/\/espan.edu.pt\/site\/wp-json\/wp\/v2\/comments?post=249696"}],"version-history":[{"count":56,"href":"https:\/\/espan.edu.pt\/site\/wp-json\/wp\/v2\/pages\/249696\/revisions"}],"predecessor-version":[{"id":254182,"href":"https:\/\/espan.edu.pt\/site\/wp-json\/wp\/v2\/pages\/249696\/revisions\/254182"}],"wp:attachment":[{"href":"https:\/\/espan.edu.pt\/site\/wp-json\/wp\/v2\/media?parent=249696"}],"wp:term":[{"taxonomy":"category","embeddable":true,"href":"https:\/\/espan.edu.pt\/site\/wp-json\/wp\/v2\/categories?post=249696"},{"taxonomy":"post_tag","embeddable":true,"href":"https:\/\/espan.edu.pt\/site\/wp-json\/wp\/v2\/tags?post=249696"}],"curies":[{"name":"wp","href":"https:\/\/api.w.org\/{rel}","templated":true}]}}