{"id":248248,"date":"2021-02-09T22:37:38","date_gmt":"2021-02-09T22:37:38","guid":{"rendered":"https:\/\/espan.edu.pt\/site\/?page_id=248248"},"modified":"2023-03-15T23:26:42","modified_gmt":"2023-03-15T23:26:42","slug":"biblioteca","status":"publish","type":"page","link":"https:\/\/espan.edu.pt\/site\/biblioteca\/","title":{"rendered":"Bilioteca Escolar &#8211; Agrupamento de Escolas Queluz-Belas"},"content":{"rendered":"<div class=\"wpb-content-wrapper\"><p>[vc_row full_width=&#8221;stretch_row_content_no_spaces&#8221; content_placement=&#8221;top&#8221;][vc_column]\t\t\t<script src=\"\/\/espan.edu.pt\/site\/wp-content\/plugins\/revslider\/sr6\/assets\/js\/rbtools.min.js?rev=6.7.1\"><\/script>\n\t\t\t<script src=\"\/\/espan.edu.pt\/site\/wp-content\/plugins\/revslider\/sr6\/assets\/js\/rs6.min.js?rev=6.7.1\"><\/script>\n\n\t\t\t<!-- START P\u00e1ginaBEAEQB REVOLUTION SLIDER 6.7.1 --><p class=\"rs-p-wp-fix\"><\/p>\n\t\t\t<rs-module-wrap id=\"rev_slider_4_1_wrapper\" data-source=\"gallery\" style=\"visibility:hidden;background:transparent;padding:0;margin:0px auto;margin-top:0;margin-bottom:0;\">\n\t\t\t\t<rs-module id=\"rev_slider_4_1\" style=\"\" data-version=\"6.7.1\">\n\t\t\t\t\t<rs-slides style=\"overflow: hidden; position: absolute;\">\n\t\t\t\t\t\t<rs-slide style=\"position: absolute;\" data-key=\"rs-19\" data-title=\"Slide\" data-in=\"o:0;\" data-out=\"a:false;\">\n\t\t\t\t\t\t\t<img src=\"\/\/espan.edu.pt\/site\/wp-content\/plugins\/revslider\/sr6\/assets\/assets\/dummy.png\" alt=\"\" width=\"1920\" height=\"1080\" class=\"rev-slidebg tp-rs-img rs-lazyload\" data-lazyload=\"\/\/espan.edu.pt\/site\/imagens\/be_banner.jpg\" data-bg=\"p:center top;\" data-no-retina>\n<!--\n\t\t\t\t\t\t\t--><rs-layer\n\t\t\t\t\t\t\t\tid=\"slider-4-slide-19-layer-4\" \n\t\t\t\t\t\t\t\tdata-type=\"text\"\n\t\t\t\t\t\t\t\tdata-color=\"rgba(191, 185, 184, 1)\"\n\t\t\t\t\t\t\t\tdata-xy=\"x:c;y:b;yo:40px,40px,30px,20px;\"\n\t\t\t\t\t\t\t\tdata-text=\"s:14;l:14;\"\n\t\t\t\t\t\t\t\tdata-actions='o:click;a:scrollbelow;offset:0;sp:300;e:none;'\n\t\t\t\t\t\t\t\tdata-basealign=\"slide\"\n\t\t\t\t\t\t\t\tdata-rsp_o=\"off\"\n\t\t\t\t\t\t\t\tdata-rsp_bd=\"off\"\n\t\t\t\t\t\t\t\tdata-frame_1=\"e:power2.inOut;st:499.99969482422;sR:499.99969482422;\"\n\t\t\t\t\t\t\t\tdata-frame_999=\"o:0;e:nothing;st:2999.9996948242;sp:100;sR:2200;\"\n\t\t\t\t\t\t\t\tstyle=\"z-index:5;font-family:'Roboto';cursor:pointer;\"\n\t\t\t\t\t\t\t><div class=\"thim-click-to-bottom\"><i class=\"fa  fa-chevron-down\"><\/i><\/div> \n\t\t\t\t\t\t\t<\/rs-layer><!--\n-->\t\t\t\t\t<\/rs-slide>\n\t\t\t\t\t<\/rs-slides>\n\t\t\t\t\t<rs-static-layers><!--\n\n\t\t\t\t\t\t\t--><rs-layer\n\t\t\t\t\t\t\t\tid=\"slider-4-slide-3-layer-1\" \n\t\t\t\t\t\t\t\tclass=\"rs-layer-static\"\n\t\t\t\t\t\t\t\tdata-type=\"text\"\n\t\t\t\t\t\t\t\tdata-color=\"#fff\"\n\t\t\t\t\t\t\t\tdata-rsp_ch=\"on\"\n\t\t\t\t\t\t\t\tdata-xy=\"xo:32px,25px,20px,12px;yo:379px,303px,242px,151px;\"\n\t\t\t\t\t\t\t\tdata-text=\"w:normal;s:60,48,38,23;l:90,72,57,35;ls:1px,0px,0px,0px;fw:700;\"\n\t\t\t\t\t\t\t\tdata-dim=\"minh:0px,none,none,none;\"\n\t\t\t\t\t\t\t\tdata-onslides=\"s:1;\"\n\t\t\t\t\t\t\t\tdata-frame_999=\"o:0;st:w;\"\n\t\t\t\t\t\t\t\tstyle=\"z-index:9;font-family:'Roboto Slab';\"\n\t\t\t\t\t\t\t> \n\t\t\t\t\t\t\t<\/rs-layer><!--\n\n\t\t\t\t\t\t\t--><rs-layer\n\t\t\t\t\t\t\t\tid=\"slider-4-slide-3-layer-2\" \n\t\t\t\t\t\t\t\tclass=\"rs-layer-static\"\n\t\t\t\t\t\t\t\tdata-type=\"shape\"\n\t\t\t\t\t\t\t\tdata-rsp_ch=\"on\"\n\t\t\t\t\t\t\t\tdata-xy=\"xo:-1115px,-892px,-713px,-446px;yo:-64px,-51px,-40px,-25px;\"\n\t\t\t\t\t\t\t\tdata-text=\"w:normal;\"\n\t\t\t\t\t\t\t\tdata-dim=\"w:3692px,2953px,2362px,1479px;h:1778px,1422px,1137px,712px;\"\n\t\t\t\t\t\t\t\tdata-onslides=\"s:1;\"\n\t\t\t\t\t\t\t\tdata-frame_999=\"o:0;st:w;\"\n\t\t\t\t\t\t\t\tstyle=\"z-index:8;background-color:rgba(0,0,0,0.4);\"\n\t\t\t\t\t\t\t> \n\t\t\t\t\t\t\t<\/rs-layer><!--\n\t\t\t\t\t--><\/rs-static-layers>\n\t\t\t\t<\/rs-module>\n\t\t\t\t<script>\n\t\t\t\t\tsetREVStartSize({c: 'rev_slider_4_1',rl:[1240,1024,778,480],el:[500,400,400,320],gw:[1200,960,768,481],gh:[500,450,450,350],type:'standard',justify:'',layout:'fullwidth',mh:\"0\"});if (window.RS_MODULES!==undefined && window.RS_MODULES.modules!==undefined && window.RS_MODULES.modules[\"revslider41\"]!==undefined) {window.RS_MODULES.modules[\"revslider41\"].once = false;window.revapi4 = undefined;if (window.RS_MODULES.checkMinimal!==undefined) window.RS_MODULES.checkMinimal()}\n\t\t\t\t<\/script>\n\t\t\t<\/rs-module-wrap>\n\t\t\t<!-- END REVOLUTION SLIDER -->\n[\/vc_column][\/vc_row][vc_row][vc_column][vc_row_inner][vc_column_inner][\/vc_column_inner][\/vc_row_inner][vc_column_text]<\/p>\n<p>&nbsp;<\/p>\n<p>&nbsp;<\/p>\n<p>[\/vc_column_text][\/vc_column][\/vc_row][vc_row][vc_column][vc_column_text]<img loading=\"lazy\" class=\"alignleft wp-image-248292\" src=\"https:\/\/espan.edu.pt\/site\/wp-content\/uploads\/2021\/02\/BE-logo-1-300x219.png\" alt=\"\" width=\"231\" height=\"169\" srcset=\"https:\/\/espan.edu.pt\/site\/wp-content\/uploads\/2021\/02\/BE-logo-1-300x219.png 300w, https:\/\/espan.edu.pt\/site\/wp-content\/uploads\/2021\/02\/BE-logo-1.png 630w\" sizes=\"(max-width: 231px) 100vw, 231px\" \/><\/p>\n<h4>O Agrupamento de Escolas Queluz-Belas \u00e9 formado por 10 estabelecimentos de ensino, seis deles com Bibliotecas Escolares integradas na Rede Nacional de Bibliotecas Escolares, dois com espa\u00e7os de Biblioteca Escolar devidamente estruturados e dois apenas com servi\u00e7o de Biblioteca.<\/h4>\n<h4>O funcionamento destas bibliotecas e o desenvolvimento das suas atividades \u00e9 assegurado por uma equipa de tr\u00eas professores bibliotec\u00e1rios, quinze docentes, quatro assistentes operacionais e cerca de 35 alunos monitores.<\/h4>\n<p>[\/vc_column_text][vc_row_inner][vc_column_inner width=&#8221;1\/3&#8243;][vc_column_text]<\/p>\n<p style=\"text-align: center;\"><a href=\"https:\/\/espan.edu.pt\/site\/wp-content\/uploads\/2023\/03\/HelpDesk_CRE.jpg\"><img loading=\"lazy\" class=\"alignnone size-full wp-image-249482\" src=\"https:\/\/espan.edu.pt\/site\/wp-content\/uploads\/2023\/03\/HelpDesk_CRE.jpg\" alt=\"\" width=\"288\" height=\"195\" \/><\/a><\/p>\n<p style=\"text-align: center;\"><strong>Servi\u00e7o HelpDesk<\/strong><\/p>\n<p>[\/vc_column_text][\/vc_column_inner][vc_column_inner width=&#8221;1\/3&#8243;][vc_column_text]<a href=\"https:\/\/espan.edu.pt\/site\/wp-content\/uploads\/2023\/03\/Logo-Bibliotecas-PNG.png\"><img loading=\"lazy\" class=\"aligncenter wp-image-249476\" src=\"https:\/\/espan.edu.pt\/site\/wp-content\/uploads\/2023\/03\/Logo-Bibliotecas-PNG-300x237.png\" alt=\"\" width=\"247\" height=\"192\" \/><\/a><\/p>\n<p style=\"text-align: center;\"><strong>Site Bibliotecas Escolares<\/strong><\/p>\n<p>[\/vc_column_text][\/vc_column_inner][vc_column_inner width=&#8221;1\/3&#8243;][vc_column_text]<\/p>\n<p style=\"text-align: center;\"><a href=\"https:\/\/espan.edu.pt\/cursosonline\/course\/index.php?categoryid=3\" target=\"_blank\" rel=\"noopener noreferrer\"><img loading=\"lazy\" class=\"aligncenter wp-image-248277\" title=\"Clique para aceder!\" src=\"https:\/\/espan.edu.pt\/site\/wp-content\/uploads\/2021\/02\/E@D-BE-Moodle-300x156.jpg\" alt=\"\" width=\"288\" height=\"149\" srcset=\"https:\/\/espan.edu.pt\/site\/wp-content\/uploads\/2021\/02\/E@D-BE-Moodle-300x156.jpg 300w, https:\/\/espan.edu.pt\/site\/wp-content\/uploads\/2021\/02\/E@D-BE-Moodle.jpg 374w\" sizes=\"(max-width: 288px) 100vw, 288px\" \/><\/a><\/p>\n<p style=\"text-align: center;\"><strong>Presen\u00e7a em linha<\/strong><\/p>\n<p>[\/vc_column_text][\/vc_column_inner][\/vc_row_inner][\/vc_column][\/vc_row][vc_row][vc_column][\/vc_column][\/vc_row][vc_row][vc_column][vc_column_text]<\/p>\n<h2><strong>Plano Anual de Atividades \u2013 2022\/2023<\/strong><\/h2>\n<p>[\/vc_column_text][\/vc_column][\/vc_row][vc_row][vc_column][vc_column_text]<a href=\"https:\/\/espan.edu.pt\/site\/wp-content\/uploads\/2023\/03\/CRE-a-la-CARTE-2022-23.pdf\" class=\"pdfemb-viewer\" style=\"\" data-width=\"max\" data-height=\"max\"  data-toolbar=\"bottom\" data-toolbar-fixed=\"on\">Menu 2022<br\/><\/a><\/p>\n<p>&nbsp;<\/p>\n<p>Para descarregar o documento <a href=\"https:\/\/espan.edu.pt\/site\/wp-content\/uploads\/2023\/03\/CRE-a-la-CARTE-2022-23.pdf\">clique<\/a> aqui.[\/vc_column_text][vc_column_text]<\/p>\n<p>[\/vc_column_text][\/vc_column][\/vc_row][vc_row][vc_column][vc_column_text]<a href=\"https:\/\/espan.edu.pt\/site\/wp-content\/uploads\/2023\/03\/PAA-BE.CRE-AEQB-22-23.pdf\" class=\"pdfemb-viewer\" style=\"\" data-width=\"max\" data-height=\"max\"  data-toolbar=\"bottom\" data-toolbar-fixed=\"on\">PAA 2022 - AE Queluz-Belas<br\/><\/a><\/p>\n<p>&nbsp;<\/p>\n<p>Para descarregar o documento <a href=\"https:\/\/espan.edu.pt\/site\/wp-content\/uploads\/2023\/03\/PAA-BE.CRE-AEQB-22-23.pdf\">clique<\/a> aqui.[\/vc_column_text][\/vc_column][\/vc_row][vc_row][vc_column][vc_column_text]<\/p>\n<h2><strong>Servi\u00e7o de HelpDesk<\/strong><\/h2>\n<p>[\/vc_column_text][\/vc_column][\/vc_row][vc_row][vc_column][vc_column_text]<\/p>\n<p style=\"text-align: center;\"><a href=\"https:\/\/espan.edu.pt\/site\/wp-content\/uploads\/2023\/03\/HelpDesk_CRE.jpg\"><img loading=\"lazy\" class=\"alignnone size-full wp-image-249482\" src=\"https:\/\/espan.edu.pt\/site\/wp-content\/uploads\/2023\/03\/HelpDesk_CRE.jpg\" alt=\"\" width=\"288\" height=\"195\" \/><\/a><\/p>\n<p>[\/vc_column_text][\/vc_column][\/vc_row][vc_row][vc_column][vc_column_text]<\/p>\n<h2><strong>Presen\u00e7a em linha<\/strong><\/h2>\n<p>[\/vc_column_text][\/vc_column][\/vc_row][vc_row][vc_column][vc_column_text]<a href=\"https:\/\/espan.edu.pt\/cursosonline\/course\/index.php?categoryid=3\" target=\"_blank\" rel=\"noopener noreferrer\"><img loading=\"lazy\" class=\"aligncenter wp-image-248277\" title=\"Clique para aceder!\" src=\"https:\/\/espan.edu.pt\/site\/wp-content\/uploads\/2021\/02\/E@D-BE-Moodle-300x156.jpg\" alt=\"\" width=\"288\" height=\"149\" srcset=\"https:\/\/espan.edu.pt\/site\/wp-content\/uploads\/2021\/02\/E@D-BE-Moodle-300x156.jpg 300w, https:\/\/espan.edu.pt\/site\/wp-content\/uploads\/2021\/02\/E@D-BE-Moodle.jpg 374w\" sizes=\"(max-width: 288px) 100vw, 288px\" \/><\/a>[\/vc_column_text][\/vc_column][\/vc_row][vc_row][vc_column][vc_column_text]<\/p>\n<h2><strong>Site Bibliotecas Escolares<\/strong><\/h2>\n<p>[\/vc_column_text][\/vc_column][\/vc_row][vc_row][vc_column][vc_column_text]<a href=\"https:\/\/espan.edu.pt\/site\/wp-content\/uploads\/2023\/03\/Logo-Bibliotecas-PNG.png\"><img loading=\"lazy\" class=\"aligncenter wp-image-249476\" src=\"https:\/\/espan.edu.pt\/site\/wp-content\/uploads\/2023\/03\/Logo-Bibliotecas-PNG-300x237.png\" alt=\"\" width=\"266\" height=\"211\" srcset=\"https:\/\/espan.edu.pt\/site\/wp-content\/uploads\/2023\/03\/Logo-Bibliotecas-PNG-300x237.png 300w, https:\/\/espan.edu.pt\/site\/wp-content\/uploads\/2023\/03\/Logo-Bibliotecas-PNG.png 326w\" sizes=\"(max-width: 266px) 100vw, 266px\" \/><\/a>[\/vc_column_text][\/vc_column][\/vc_row]<\/p>\n<\/div>","protected":false},"excerpt":{"rendered":"<p>[vc_row full_width=&#8221;stretch_row_content_no_spaces&#8221; content_placement=&#8221;top&#8221;][vc_column][\/vc_column][\/vc_row][vc_row][vc_column][vc_row_inner][vc_column_inner][\/vc_column_inner][\/vc_row_inner][vc_column_text] &nbsp; &nbsp; [\/vc_column_text][\/vc_column][\/vc_row][vc_row][vc_column][vc_column_text] O Agrupamento de Escolas Queluz-Belas \u00e9 formado por 10 estabelecimentos de ensino, seis deles com Bibliotecas Escolares integradas na Rede Nacional de Bibliotecas Escolares, &hellip; <\/p>\n","protected":false},"author":1,"featured_media":0,"parent":0,"menu_order":0,"comment_status":"closed","ping_status":"closed","template":"page-templates\/homepage.php","meta":{"_bbp_topic_count":0,"_bbp_reply_count":0,"_bbp_total_topic_count":0,"_bbp_total_reply_count":0,"_bbp_voice_count":0,"_bbp_anonymous_reply_count":0,"_bbp_topic_count_hidden":0,"_bbp_reply_count_hidden":0,"_bbp_forum_subforum_count":0},"categories":[],"tags":[],"uagb_featured_image_src":{"full":false,"thumbnail":false,"medium":false,"medium_large":false,"large":false,"1536x1536":false,"2048x2048":false},"uagb_author_info":{"display_name":"Administrador","author_link":"https:\/\/espan.edu.pt\/site\/author\/administrador\/"},"uagb_comment_info":0,"uagb_excerpt":"[vc_row full_width=&#8221;stretch_row_content_no_spaces&#8221; content_placement=&#8221;top&#8221;][vc_column][\/vc_column][\/vc_row][vc_row][vc_column][vc_row_inner][vc_column_inner][\/vc_column_inner][\/vc_row_inner][vc_column_text] &nbsp; &nbsp; [\/vc_column_text][\/vc_column][\/vc_row][vc_row][vc_column][vc_column_text] O Agrupamento de Escolas Queluz-Belas \u00e9 formado por 10 estabelecimentos de ensino, seis deles com Bibliotecas Escolares integradas na Rede Nacional de Bibliotecas Escolares, &hellip;","_links":{"self":[{"href":"https:\/\/espan.edu.pt\/site\/wp-json\/wp\/v2\/pages\/248248"}],"collection":[{"href":"https:\/\/espan.edu.pt\/site\/wp-json\/wp\/v2\/pages"}],"about":[{"href":"https:\/\/espan.edu.pt\/site\/wp-json\/wp\/v2\/types\/page"}],"author":[{"embeddable":true,"href":"https:\/\/espan.edu.pt\/site\/wp-json\/wp\/v2\/users\/1"}],"replies":[{"embeddable":true,"href":"https:\/\/espan.edu.pt\/site\/wp-json\/wp\/v2\/comments?post=248248"}],"version-history":[{"count":55,"href":"https:\/\/espan.edu.pt\/site\/wp-json\/wp\/v2\/pages\/248248\/revisions"}],"predecessor-version":[{"id":249514,"href":"https:\/\/espan.edu.pt\/site\/wp-json\/wp\/v2\/pages\/248248\/revisions\/249514"}],"wp:attachment":[{"href":"https:\/\/espan.edu.pt\/site\/wp-json\/wp\/v2\/media?parent=248248"}],"wp:term":[{"taxonomy":"category","embeddable":true,"href":"https:\/\/espan.edu.pt\/site\/wp-json\/wp\/v2\/categories?post=248248"},{"taxonomy":"post_tag","embeddable":true,"href":"https:\/\/espan.edu.pt\/site\/wp-json\/wp\/v2\/tags?post=248248"}],"curies":[{"name":"wp","href":"https:\/\/api.w.org\/{rel}","templated":true}]}}