{"id":18031,"date":"2019-02-06T17:12:16","date_gmt":"2019-02-06T17:12:16","guid":{"rendered":"http:\/\/espan.edu.pt\/site\/?page_id=18031"},"modified":"2019-02-18T17:16:00","modified_gmt":"2019-02-18T17:16:00","slug":"politica-de-privacidade","status":"publish","type":"page","link":"https:\/\/espan.edu.pt\/site\/politica-de-privacidade\/","title":{"rendered":"Pol\u00edtica de Privacidade"},"content":{"rendered":"<div class=\"wpb-content-wrapper\"><p>[vc_row][vc_column][\/vc_column][\/vc_row][vc_row][vc_column][vc_tta_accordion][vc_tta_section title=&#8221;Aviso Legal&#8221; tab_id=&#8221;1549472370737-1eb1213b-172e&#8221;][vc_column_text]O Agrupamento de Escolas Queluz-Belas (AEQB) recomenda a leitura deste aviso legal antes de iniciar a navega\u00e7\u00e3o. Ao aceder a estas p\u00e1ginas, o utilizador deve tomar conhecimento das seguintes disposi\u00e7\u00f5es aplic\u00e1veis a cada um dos documentos, informa\u00e7\u00f5es, dados e requisitos que nele se encontram.<br \/>\nA informa\u00e7\u00e3o contida nas p\u00e1ginas dos sites do Agrupamento de Escolas Queluz-Belas (AEQB) n\u00e3o \u00e9 necessariamente exaustiva, completa, ou actualizada.Encontra-se por vezes ligada a s\u00edtios externos sobre os quais o Agrupamento de Escolas Queluz-Belas (AEQB) n\u00e3o t\u00eam qualquer controlo e pelos quais n\u00e3o assume qualquer responsabilidade.<\/p>\n<p>\u00c9 objectivo do Agrupamento de Escolas Queluz-Belas (AEQB) minimizar os inconvenientes causados por erros t\u00e9cnicos. Todavia, determinados dados ou informa\u00e7\u00f5es constantes do nosso s\u00edtio podem ter sido criados ou estruturados em ficheiros ou formatos que n\u00e3o se encontrem isentos de erros, com a consequ\u00eancia de n\u00e3o podermos garantir a n\u00e3o interrup\u00e7\u00e3o ou a n\u00e3o perturba\u00e7\u00e3o do servi\u00e7o devido a tais problemas.<\/p>\n<p>O Agrupamento de Escolas Queluz-Belas (AEQB) declina qualquer responsabilidade por eventuais problemas que surjam na sequ\u00eancia da consulta deste s\u00edtio ou de quaisquer s\u00edtios externos a ele ligados.[\/vc_column_text][\/vc_tta_section][vc_tta_section title=&#8221;Confidencialidade de dados pessoais&#8221; tab_id=&#8221;1549472370762-a333782c-9f6a&#8221;][vc_column_text]1. Este s\u00edtio &#8211; www.espan.edu.pt &#8211; \u00e9 gerido e administrado pelo Agrupamento de Escolas Queluz-Belas, abreviadamente designada por AEQB, no \u00e2mbito de uma pol\u00edtica ativa de comunica\u00e7\u00e3o e informa\u00e7\u00e3o, tendo por objetivo a divulga\u00e7\u00e3o de informa\u00e7\u00e3o nos dom\u00ednios das componentes pedag\u00f3gica e did\u00e1tica da educa\u00e7\u00e3o pr\u00e9-escolar, dos ensinos b\u00e1sico e secund\u00e1rio e da educa\u00e7\u00e3o de adultos.<\/p>\n<p>Pretende-se assegurar a exatid\u00e3o da informa\u00e7\u00e3o, a sua atualiza\u00e7\u00e3o permanente e a ado\u00e7\u00e3o de medidas destinadas a garantir a seguran\u00e7a da mesma. Contudo, embora o AEQB envide todos os esfor\u00e7os no sentido de divulgar informa\u00e7\u00f5es atualizadas, rigorosas e completas, n\u00e3o se responsabiliza por quaisquer inexatid\u00f5es ou lacunas devidas a erro inconsciente ou tentativa de fraude.<\/p>\n<p>Toda a informa\u00e7\u00e3o dispon\u00edvel neste s\u00edtio \u00e9 gratuita, podendo ser utilizada livremente, desde que se fa\u00e7a men\u00e7\u00e3o da respetiva fonte. \u00c9, no entanto, proibida a sua utiliza\u00e7\u00e3o para fins comerciais ou que ponham em causa, direta ou indiretamente, a prossecu\u00e7\u00e3o do interesse p\u00fablico. Os direitos de propriedade intelectual de todos os conte\u00fados presentes neste s\u00edtio pertencem ao AEQB.<\/p>\n<p>2. Esta Pol\u00edtica de Privacidade diz respeito \u00e0s pr\u00e1ticas relacionadas com este s\u00edtio e os outros meios de comunica\u00e7\u00e3o que o AEQB disponibiliza para contacto com o cidad\u00e3o.<\/p>\n<p>Em conformidade com o previsto no Regulamento Geral sobre a Prote\u00e7\u00e3o de Dados &#8211; Regulamento (UE) 2016\/679 do Parlamento Europeu e do Conselho da Uni\u00e3o Europeia, de 27 de abril de 2016 -, o AEQB n\u00e3o exige ao cidad\u00e3o qualquer informa\u00e7\u00e3o ou dado pessoal quando este interage com o s\u00edtio, a n\u00e3o ser em situa\u00e7\u00f5es espec\u00edficas em que o registo \u00e9 essencial para as finalidades declaradas, estando os dados pessoais protegidos nos termos da Lei.<\/p>\n<p>Os direitos \u00e0 privacidade, \u00e0 seguran\u00e7a, \u00e0 prote\u00e7\u00e3o e \u00e0 confidencialidade dos dados pessoais facultados pelo cidad\u00e3o, por esta via, s\u00e3o assegurados pelo AEQB, sendo apenas pedidos, recolhidos e tratados os dados necess\u00e1rios. Assim, n\u00e3o s\u00e3o recolhidas quaisquer informa\u00e7\u00f5es sem o consentimento pessoal, \u00e0 exce\u00e7\u00e3o das que, voluntariamente, faculte quando contacta com o AEQB.<\/p>\n<p>O presente s\u00edtio, bem como os demais meios de comunica\u00e7\u00e3o disponibilizados por esta institui\u00e7\u00e3o de ensino p\u00fablico, podem referenciar liga\u00e7\u00f5es a outros s\u00edtios, n\u00e3o assumindo o AEQB qualquer responsabilidade pelo conte\u00fado decorrente da respetiva consulta.<\/p>\n<p>O acesso ao s\u00edtio pode ser suspenso temporariamente e sem aviso pr\u00e9vio devido a falhas t\u00e9cnicas dos sistemas, manuten\u00e7\u00e3o, repara\u00e7\u00e3o de equipamentos ou outras raz\u00f5es externas e alheias ao controlo do AEQB.<\/p>\n<p>3. Caso o requeira, o titular dos dados tem o direito de acesso, de retifica\u00e7\u00e3o e do apagamento dos dados facultados. Para tal poder\u00e1 contactar o Encarregado de Prote\u00e7\u00e3o de Dados desta institui\u00e7\u00e3o de ensino p\u00fablico para os seguintes contactos:<\/p>\n<p>Morada: AGRUPAMENTO DE ESCOLAS QUELUZ-BELAS<br \/>\nEscola B\u00e1sica e Secund\u00e1ria Padre Alberto Neto &#8211; Queluz<br \/>\nAv. Paiva Couceiro<br \/>\n2745-190 Queluz[\/vc_column_text][\/vc_tta_section][vc_tta_section title=&#8221;Cookies&#8221; tab_id=&#8221;1550509118372-442ff260-8da5&#8243;][vc_column_text]<strong>O que s\u00e3o cookies?<\/strong><\/p>\n<p>Cookies s\u00e3o pequenos peda\u00e7os de informa\u00e7\u00e3o enviados para o seu computador ou dispositivo de navega\u00e7\u00e3o quando voc\u00ea acede a um site. Esses arquivos n\u00e3o s\u00e3o programas de computador e n\u00e3o podem ser usados para causar danos ao computador. Eles s\u00e3o apenas usados para nos ajudar a fornecer-lhe uma boa experi\u00eancia on-line. Algumas \u00e1reas do site podem n\u00e3o funcionar corretamente sem o uso de cookies.<\/p>\n<p>Ao aceder ao site do AEQB\u00a0 est\u00e1 a concordar que podemos fazer uso de cookies.<\/p>\n<p><strong>A maioria dos sites usam cookies, mas n\u00e3o todos para o mesmo fim:<\/strong><\/p>\n<p><strong>Cookies de sess\u00e3o<\/strong><br \/>\n\u00c9 um tipo de cookie s\u00f3 est\u00e1 activo durante o tempo de utiliza\u00e7\u00e3o do site. Assim que voc\u00ea deixar o local, ele ser\u00e1 exclu\u00eddo do seu dispositivo ou da mem\u00f3ria cache do seu navegador. Usos t\u00edpicos para esses cookies incluem:<br \/>\n&#8211; Preenchimento de formul\u00e1rios: Quando s\u00e3o inseridos detalhes atrav\u00e9s de um cookie ele ser\u00e1 usado para armazenar, de forma tempor\u00e1ria, as informa\u00e7\u00f5es inseridas. Se, em seguida, voltar para a p\u00e1gina anterior, o cookie vai mostrar os dados inseridos de modo a que n\u00e3o precise de os inserir novamente.<\/p>\n<p><strong>Cookies persistentes<\/strong><br \/>\nS\u00e3o os cookies que permanecer\u00e3o no dispositivo depois de ter deixado o local ou fechado o navegador web. S\u00e3o normalmente usados \u200b\u200bpara lembrar as defini\u00e7\u00f5es de acesso a um site.<\/p>\n<p><strong>Cookies de terceiros<\/strong><br \/>\nS\u00e3o cookies selecionados de outras empresas, com o objetivo de prestar o melhor servi\u00e7o aos nossos clientes e visitantes. Como a maioria dos websites, o site do AEQB usa Cookies de terceiros que nos fornecem software de an\u00e1lise. Esses softwares fornecem-nos informa\u00e7\u00f5es sobre como as pessoas usam o nosso site. Esta informa\u00e7\u00e3o \u00e9 totalmente an\u00f4nima e s\u00f3 \u00e9 usada para melhorar a experi\u00eancia de navega\u00e7\u00e3o do site do AEQB.<\/p>\n<p><strong>Cookies estritamente necess\u00e1rios<\/strong><br \/>\nS\u00e3o essenciais para melhorar a experi\u00eancia de navegabilidade no site e usar todos os seus recursos.<\/p>\n<p><strong>Cookies de desempenho<\/strong><br \/>\nEstes recolhem informa\u00e7\u00f5es sobre como os visitantes utilizam um website. Por\u00e9m, n\u00e3o recolhem informa\u00e7\u00f5es que possam identificar um utilizador do site. Todas as informa\u00e7\u00f5es que estes cookies recolhem s\u00e3o an\u00f4nimas e apenas usadas para melhorar o desempenho do site.<\/p>\n<p>No site do AEQB esses cookies s\u00e3o usados para:<br \/>\n&#8211; Fornecer estat\u00edsticas sobre como as pessoas usam o nosso site, por exemplo, o n\u00famero de visitantes a uma p\u00e1gina.<br \/>\n&#8211; Identificar eventuais erros que ocorram de modo a melhorar o nosso website.<br \/>\n&#8211; Testar diferentes designs do nosso site.<\/p>\n<p>Podemos usar cookies de desempenho em e-mails, para nos mostrar como o utilizador interagiu com um e-mail que foi enviado. Estes podem ser facilmente desativados, definindo o seu cliente de e-mail para n\u00e3o descarregar automaticamente todos os conte\u00fados.<\/p>\n<p><strong>Cookies de segmenta\u00e7\u00e3o e publicidade<\/strong><br \/>\nNo site do AEQB n\u00e3o s\u00e3o usados cookies para direcionar outros cookies de publicidade, ou de uso, fornecidas por terceiros para fins de publicidade.<\/p>\n<p><strong>Cookies de plataformas e sites externos<\/strong><br \/>\nComo forma de suporte \u00e0 nossa publica\u00e7\u00e3o de conte\u00fados, por vezes s\u00e3o inclu\u00eddos fotos e conte\u00fados v\u00eddeo de outros websites, como o Youtube\/outros. Ao visitar publica\u00e7\u00f5es com conte\u00fados como os atr\u00e1s mencionados, poder\u00e3o ser criados cookies destes websites. O site do AEQB n\u00e3o tem qualquer controlo na dissemina\u00e7\u00e3o destes cookies.<\/p>\n<p><strong>Cookies criados por ferramentas de partilha<\/strong><br \/>\nGostar\u00edamos de alertar para o facto de que algumas das p\u00e1ginas do site do AEQB terem inclu\u00eddos bot\u00f5es de &#8220;partilha&#8221;, que permitem aos utilizadores partilhar facilmente artigos atrav\u00e9s de diversas redes sociais. Estes sites podem definir cookies quando utilizam este tipo de funcionalidades. O site do AEQB n\u00e3o tem qualquer controlo na dissemina\u00e7\u00e3o destes cookies.<\/p>\n<p><strong>O site do AEQB usa os seguintes Cookies de terceiros para fins de an\u00e1lise:<\/strong><br \/>\nAs ferramentas fornecidas pelos softwares de an\u00e1lise contemplam cookies prim\u00e1rios (pequenos arquivos de texto que s\u00e3o armazenados localmente no computador) que permitem: ajudar a identificar a localiza\u00e7\u00e3o geogr\u00e1fica dos visitantes; avaliar os padr\u00f5es de uso e realizar an\u00e1lise de tr\u00e1fego; identificar as prefer\u00eancias; diagnosticar problemas com nossos servidores; analisar tend\u00eancias.<br \/>\nOs Cookies armazenados n\u00e3o incluem, em nenhum momento, informa\u00e7\u00f5es de identifica\u00e7\u00e3o pessoal, como nome, n\u00famero de telefone, endere\u00e7o de e-mail ou morada, nem esses dados s\u00e3o guardados nos nossos servidores ou bases de dados.<\/p>\n<p><strong>Os nossos cookies<\/strong><\/p>\n<p>Abaixo pode encontrar mais informa\u00e7\u00e3o acerca dos v\u00e1rios cookies usados no site do AEQB e o prop\u00f3sito de cada um:<\/p>\n<p><strong>Google Analytics &#8211; Estat\u00edsticas<\/strong><br \/>\n_utma<br \/>\n_utmb<br \/>\n_utmc<br \/>\n_utmz<br \/>\nEstes cookies permitem-nos contabilizar o n\u00famero de visitas e origem de acessos para que possamos aferir e melhorar o desempenho do nosso site, recorrendo a um servi\u00e7o disponibilizado pelo Google Analytics. Mais informa\u00e7\u00e3o\u00a0<a href=\"https:\/\/support.google.com\/analytics\/answer\/6004245\" target=\"_blank\" rel=\"noopener\">aqui\u00a0<\/a>.<\/p>\n<p><strong>Pol\u00edtica de aceita\u00e7\u00e3o de cookies<\/strong><br \/>\nviewed_cookie_policy<\/p>\n<p>Estes cookies s\u00e3o definidos para registar a resposta a um aviso sobre a pol\u00edtica de cookies do site do AEQB apresentado ao utilizador.<\/p>\n<p><strong>Acessos ao site<\/strong><\/p>\n<p>pmpro_visit<\/p>\n<p>Este cookies servem para contabilizar os acessos ao endere\u00e7o www.espan.edu.pt\/site<\/p>\n<p>&nbsp;<\/p>\n<p><strong>Desativar cookies<\/strong><\/p>\n<p>Poder\u00e1 bloquear a cria\u00e7\u00e3o de cookies ativando uma defini\u00e7\u00e3o no seu browser que lhe permitir\u00e1 recusar a cria\u00e7\u00e3o de alguns ou todos os cookies. Abaixo encontrar\u00e1 links para p\u00e1ginas de ajuda dos principais navegadores de internet. No entanto, se bloquear todos os cookies (incluindo cookies de sess\u00e3o) poder\u00e1 n\u00e3o conseguir aceder a algumas funcionalidades do site do AEQB.<br \/>\nSe o browser que utiliza n\u00e3o estiver listado abaixo, pode usar a sec\u00e7\u00e3o de ajuda do mesmo ou contactar o fabricante.<\/p>\n<p><a href=\"http:\/\/support.google.com\/chrome\/bin\/answer.py?hl=pt&amp;answer=95647\" target=\"_blank\" rel=\"noopener\">Chrome<\/a><br \/>\n<a href=\"http:\/\/support.microsoft.com\/kb\/196955\/pt\" target=\"_blank\" rel=\"noopener\">Internet Explorer<\/a><br \/>\n<a href=\"http:\/\/support.mozilla.org\/pt-PT\/kb\/Cookies%20-%20Portugu%C3%AAs?redirectlocale=en-US&amp;redirectslug=Cookies\" target=\"_blank\" rel=\"noopener\">\u00a0Firefox<\/a><br \/>\n<a href=\"https:\/\/support.apple.com\/kb\/PH17191?locale=en_US\" target=\"_blank\" rel=\"noopener\">Safari<\/a><br \/>\n<a href=\"http:\/\/help.opera.com\/Windows\/9.50\/pt\/cookies.html\" target=\"_blank\" rel=\"noopener\"><img class=\"tothecookies\" src=\"http:\/\/ricap.pt\/img\/opera.png\" alt=\"\" \/>\u00a0Opera<\/a><br \/>\n<a href=\"http:\/\/docs.blackberry.com\/pt-br\/smartphone_users\/deliverables\/25321\/Turn_off_cookies_in_the_browser_60_1072866_11.jsp\" target=\"_blank\" rel=\"noopener\">Blackberry<\/a><br \/>\n<a href=\"http:\/\/support.google.com\/android\/bin\/answer.py?hl=pt&amp;answer=1722193\" target=\"_blank\" rel=\"noopener\"><img class=\"tothecookies\" src=\"http:\/\/ricap.pt\/img\/android.png\" alt=\"\" \/>Android<\/a><br \/>\n<a href=\"http:\/\/support.apple.com\/kb\/HT1677?viewlocale=pt_PT\" target=\"_blank\" rel=\"noopener\">Safari iO<\/a><br \/>\n<a href=\"http:\/\/www.windowsphone.com\/pt-pt\/how-to\/wp7\/web\/changing-privacy-and-other-browser-settings\" target=\"_blank\" rel=\"noopener\">Windows Phone<\/a><\/p>\n<p>&nbsp;<\/p>\n<p>Para informa\u00e7\u00f5es sobre a legisla\u00e7\u00e3o relativa aos cookies\u00a0<a title=\"\" href=\"http:\/\/eur-lex.europa.eu\/legal-content\/pt\/TXT\/PDF\/?uri=CELEX:32002L0058&amp;from=EN\" target=\"_blank\" rel=\"noopener\">clique aqui\u00a0<\/a>(Artigo 25).<br \/>\nOutras informa\u00e7\u00f5es sobre cookies podem ser encontradas em\u00a0<a href=\"http:\/\/allaboutcookies.org\/\" target=\"_blank\" rel=\"noopener\">www.allaboutcookies.org<\/a>.<\/p>\n<p>18\/02\/2019[\/vc_column_text][\/vc_tta_section][vc_tta_section title=&#8221;Requisitos&#8221; tab_id=&#8221;1549472851958-eacd0eaf-4d20&#8243;][vc_column_text]Este s\u00edtio Web pode ser acedido via Microsoft Internet Explorer 10.x; Mozilla Firefox 27.x; Chrome 33.x; Safari 7.x; ou superiores. Recomenda-se uma resolu\u00e7\u00e3o m\u00ednima de 1024&#215;800 para utiliza\u00e7\u00e3o em Desktops\/Notebooks. \u00c9 tamb\u00e9m compat\u00edvel com dispositivos m\u00f3veis (Mobile Ready).[\/vc_column_text][\/vc_tta_section][vc_tta_section title=&#8221;Acessibilidade&#8221; tab_id=&#8221;1549472990450-e5b14574-896e&#8221;][vc_column_text]Este s\u00edtio Web cumpre as diretivas para a acessibilidade do conte\u00fado da Web \u2013 1.0, WAI, do W3C.[\/vc_column_text][\/vc_tta_section][vc_tta_section title=&#8221;Copyright&#8221; tab_id=&#8221;1549473039868-e5904564-2b4c&#8221;][vc_column_text]O conte\u00fado deste s\u00edtio Web \u00e9 propriedade do Agrupamento de Escolas Queluz-Belas (AEQB) e dos autores, sempre que indicados. \u00c9 interdita a c\u00f3pia e utiliza\u00e7\u00e3o de conte\u00fados para outros fins, sem autoriza\u00e7\u00e3o expressa do Agrupamento de Escolas Queluz-Belas (AEQB). Conte\u00fados fotogr\u00e1ficos \u00a9 Agrupamento de Escolas Queluz-Belas (AEQB).[\/vc_column_text][\/vc_tta_section][vc_tta_section title=&#8221;Limite de responsabilidade&#8221; tab_id=&#8221;1549473100448-d517a4e3-92e6&#8243;][vc_column_text]Este s\u00edtio Web est\u00e1 concebido para fornecer um servi\u00e7o cont\u00ednuo, numa base 24\/7. No entanto, o Agrupamento de Escolas Queluz-Belas (AEQB) rejeita qualquer responsabilidade derivada de eventuais quebras de servi\u00e7o, e quaisquer perdas e danos resultantes da sua utiliza\u00e7\u00e3o, assim como do servi\u00e7o ou conte\u00fados de outros s\u00edtios Web para os quais forne\u00e7a liga\u00e7\u00f5es. O Agrupamento de Escolas Queluz-Belas (AEQB) reserva-se o direito de efetuar, a qualquer momento, as altera\u00e7\u00f5es que entender necess\u00e1rias aos conte\u00fados e funcionalidades deste s\u00edtio Web.[\/vc_column_text][\/vc_tta_section][\/vc_tta_accordion][\/vc_column][\/vc_row]<\/p>\n<\/div>","protected":false},"excerpt":{"rendered":"<p>[vc_row][vc_column][\/vc_column][\/vc_row][vc_row][vc_column][vc_tta_accordion][vc_tta_section title=&#8221;Aviso Legal&#8221; tab_id=&#8221;1549472370737-1eb1213b-172e&#8221;][vc_column_text]O Agrupamento de Escolas Queluz-Belas (AEQB) recomenda a leitura deste aviso legal antes de iniciar a navega\u00e7\u00e3o. Ao aceder a estas p\u00e1ginas, o utilizador deve tomar conhecimento &hellip; <\/p>\n","protected":false},"author":1,"featured_media":0,"parent":0,"menu_order":0,"comment_status":"closed","ping_status":"closed","template":"","meta":{"_bbp_topic_count":0,"_bbp_reply_count":0,"_bbp_total_topic_count":0,"_bbp_total_reply_count":0,"_bbp_voice_count":0,"_bbp_anonymous_reply_count":0,"_bbp_topic_count_hidden":0,"_bbp_reply_count_hidden":0,"_bbp_forum_subforum_count":0},"categories":[],"tags":[],"uagb_featured_image_src":{"full":false,"thumbnail":false,"medium":false,"medium_large":false,"large":false,"1536x1536":false,"2048x2048":false},"uagb_author_info":{"display_name":"Administrador","author_link":"https:\/\/espan.edu.pt\/site\/author\/administrador\/"},"uagb_comment_info":0,"uagb_excerpt":"[vc_row][vc_column][\/vc_column][\/vc_row][vc_row][vc_column][vc_tta_accordion][vc_tta_section title=&#8221;Aviso Legal&#8221; tab_id=&#8221;1549472370737-1eb1213b-172e&#8221;][vc_column_text]O Agrupamento de Escolas Queluz-Belas (AEQB) recomenda a leitura deste aviso legal antes de iniciar a navega\u00e7\u00e3o. Ao aceder a estas p\u00e1ginas, o utilizador deve tomar conhecimento &hellip;","_links":{"self":[{"href":"https:\/\/espan.edu.pt\/site\/wp-json\/wp\/v2\/pages\/18031"}],"collection":[{"href":"https:\/\/espan.edu.pt\/site\/wp-json\/wp\/v2\/pages"}],"about":[{"href":"https:\/\/espan.edu.pt\/site\/wp-json\/wp\/v2\/types\/page"}],"author":[{"embeddable":true,"href":"https:\/\/espan.edu.pt\/site\/wp-json\/wp\/v2\/users\/1"}],"replies":[{"embeddable":true,"href":"https:\/\/espan.edu.pt\/site\/wp-json\/wp\/v2\/comments?post=18031"}],"version-history":[{"count":5,"href":"https:\/\/espan.edu.pt\/site\/wp-json\/wp\/v2\/pages\/18031\/revisions"}],"predecessor-version":[{"id":18739,"href":"https:\/\/espan.edu.pt\/site\/wp-json\/wp\/v2\/pages\/18031\/revisions\/18739"}],"wp:attachment":[{"href":"https:\/\/espan.edu.pt\/site\/wp-json\/wp\/v2\/media?parent=18031"}],"wp:term":[{"taxonomy":"category","embeddable":true,"href":"https:\/\/espan.edu.pt\/site\/wp-json\/wp\/v2\/categories?post=18031"},{"taxonomy":"post_tag","embeddable":true,"href":"https:\/\/espan.edu.pt\/site\/wp-json\/wp\/v2\/tags?post=18031"}],"curies":[{"name":"wp","href":"https:\/\/api.w.org\/{rel}","templated":true}]}}