{"id":17824,"date":"2019-02-06T16:19:18","date_gmt":"2019-02-06T16:19:18","guid":{"rendered":"http:\/\/espan.edu.pt\/site\/?page_id=17824"},"modified":"2020-02-26T13:39:20","modified_gmt":"2020-02-26T13:39:20","slug":"ligacoes-uteis","status":"publish","type":"page","link":"https:\/\/espan.edu.pt\/site\/ligacoes-uteis\/","title":{"rendered":"Liga\u00e7\u00f5es \u00fateis"},"content":{"rendered":"\n<h1>Liga\u00e7\u00f5es \u00fateis AQEB<\/h1>\n<p><strong>Inovar Consulta<\/strong><br>Servi\u00e7o destinado aos alunos e encarregados de educa\u00e7\u00e3o de consulta do hor\u00e1rio, faltas ou classifica\u00e7\u00f5es finais de per\u00edodo<br><a href=\"http:\/\/servicos.espan.edu.pt\/inovarconsulta\">http:\/\/servicos.espan.edu.pt\/inovarconsulta<\/a><\/p>\n<p><strong>Portal SIGE<\/strong><br>Servi\u00e7o associado ao cart\u00e3o escolar que permitir a todos os alunos e encarregados de educa\u00e7\u00e3o marcar refei\u00e7\u00f5es ou consultar o saldo e movimentos do cart\u00e3o<\/p>\n<p><a href=\"https:\/\/servicos.espan.edu.pt\/UnicardPortal\/\">https:\/\/servicos.espan.edu.pt\/UnicardPortal\/<\/a><\/p>\n<p><strong>Moodle <\/strong><br>Plataforma pedag\u00f3gica do Agrupamento de Escolas Queluz-Belas<br><a href=\"http:\/\/espan.edu.pt\/cursosonline\">http:\/\/espan.edu.pt\/cursosonline<\/a><\/p>\n<h1>Liga\u00e7\u00f5es \u00fateis p\u00fablicas<\/h1>\n<p><strong>ANQPE . Ag\u00eancia Nacional para a Qualifica\u00e7\u00e3o e o Ensino Profissional<\/strong><br><a href=\"http:\/\/www.anq.gov.pt\">http:\/\/www.anq.gov.pt<\/a><\/p>\n<p><strong>DGE . Dire\u00e7\u00e3o-Geral da Educa\u00e7\u00e3o<\/strong><br><a href=\"http:\/\/www.dge.mec.pt\">http:\/\/www.dge.mec.pt<\/a><\/p>\n<p><strong>IAVE . Instituto de Avalia\u00e7\u00e3o Educativa<\/strong><br><a href=\"http:\/\/iave.pt\">http:\/\/iave.pt<\/a><\/p>\n<p><strong>Inovar Professor &#8211; Vers\u00e3o Mobile <\/strong><br><a href=\"https:\/\/itunes.apple.com\/pt\/app\/inovar-professor\/id1282950940?mt=8\" target=\"_blank\" rel=\"noopener noreferrer\">Inovar IOS<\/a><br><a href=\"https:\/\/play.google.com\/store\/apps\/details?id=com.magicbehaviour.inovarprofessor\" target=\"_blank\" rel=\"noopener noreferrer\">Inovar Android<\/a><\/p>\n<p><strong>Manuais Escolares Gratuitos (MEGA) <\/strong><br><a href=\"https:\/\/manuaisescolares.pt\/\" target=\"_blank\" rel=\"noopener noreferrer\">https:\/\/manuaisescolares.pt\/<\/a><\/p>\n<p><strong>Minist\u00e9rio da Educa\u00e7\u00e3o e Ci\u00eancia<\/strong><br><a href=\"http:\/\/www.portugal.gov.pt\/pt\/os-ministerios\/ministerio-da-educacao-e-ciencia.aspx\">http:\/\/www.portugal.gov.pt\/pt\/os-ministerios\/ministerio-da-educacao-e-ciencia.aspx<\/a><\/p>\n<p><strong>Portal das Escolas<\/strong><br><a href=\"https:\/\/www.portaldasescolas.pt\">https:\/\/www.portaldasescolas.pt<\/a><\/p>\n<p><strong>Portal das Matr\u00edculas<\/strong><br><a href=\"https:\/\/portaldasmatriculas.edu.gov.pt\">https:\/\/portaldasmatriculas.edu.gov.pt<\/a><\/p>\n<p><strong>SGMEC . Secretaria-Geral do Minist\u00e9rio da Educa\u00e7\u00e3o e Ci\u00eancia<\/strong><br><a href=\"http:\/\/www.sec-geral.mec.pt\">http:\/\/www.sec-geral.mec.pt<\/a><\/p>\n<p><strong>Sistema de Informa\u00e7\u00e3o de Manuais Escolares (SIME) <\/strong><br><a href=\"http:\/\/area.dge.mec.pt\/sime\" target=\"_blank\" rel=\"noopener noreferrer\">http:\/\/area.dge.mec.pt\/sime<\/a><\/p>\n\n\n<p><strong>Sistema de Informa\u00e7\u00e3o de Manuais Escolares do Ensino Profissional (SIME-EP) <\/strong><br><a href=\"http:\/\/area.dge.mec.pt\/sime-ep\" target=\"_blank\" rel=\"noopener noreferrer\">http:\/\/area.dge.mec.pt\/sime-ep<\/a><\/p>\n\n\n<p><strong>Sem Bullying Sem Viol\u00eancia <\/strong><br><a href=\"https:\/\/www.sembullyingsemviolencia.edu.gov.pt\" target=\"_blank\" rel=\"noopener noreferrer\">https:\/\/www.sembullyingsemviolencia.edu.gov.pt<\/a><\/p>\n","protected":false},"excerpt":{"rendered":"<p>Liga\u00e7\u00f5es \u00fateis AQEB Inovar ConsultaServi\u00e7o destinado aos alunos e encarregados de educa\u00e7\u00e3o de consulta do hor\u00e1rio, faltas ou classifica\u00e7\u00f5es finais de per\u00edodohttp:\/\/servicos.espan.edu.pt\/inovarconsulta Portal SIGEServi\u00e7o associado ao cart\u00e3o escolar que permitir &hellip; <\/p>\n","protected":false},"author":1,"featured_media":0,"parent":0,"menu_order":0,"comment_status":"closed","ping_status":"closed","template":"","meta":{"_bbp_topic_count":0,"_bbp_reply_count":0,"_bbp_total_topic_count":0,"_bbp_total_reply_count":0,"_bbp_voice_count":0,"_bbp_anonymous_reply_count":0,"_bbp_topic_count_hidden":0,"_bbp_reply_count_hidden":0,"_bbp_forum_subforum_count":0},"categories":[],"tags":[],"uagb_featured_image_src":{"full":false,"thumbnail":false,"medium":false,"medium_large":false,"large":false,"1536x1536":false,"2048x2048":false},"uagb_author_info":{"display_name":"Administrador","author_link":"https:\/\/espan.edu.pt\/site\/author\/administrador\/"},"uagb_comment_info":0,"uagb_excerpt":"Liga\u00e7\u00f5es \u00fateis AQEB Inovar ConsultaServi\u00e7o destinado aos alunos e encarregados de educa\u00e7\u00e3o de consulta do hor\u00e1rio, faltas ou classifica\u00e7\u00f5es finais de per\u00edodohttp:\/\/servicos.espan.edu.pt\/inovarconsulta Portal SIGEServi\u00e7o associado ao cart\u00e3o escolar que permitir &hellip;","_links":{"self":[{"href":"https:\/\/espan.edu.pt\/site\/wp-json\/wp\/v2\/pages\/17824"}],"collection":[{"href":"https:\/\/espan.edu.pt\/site\/wp-json\/wp\/v2\/pages"}],"about":[{"href":"https:\/\/espan.edu.pt\/site\/wp-json\/wp\/v2\/types\/page"}],"author":[{"embeddable":true,"href":"https:\/\/espan.edu.pt\/site\/wp-json\/wp\/v2\/users\/1"}],"replies":[{"embeddable":true,"href":"https:\/\/espan.edu.pt\/site\/wp-json\/wp\/v2\/comments?post=17824"}],"version-history":[{"count":24,"href":"https:\/\/espan.edu.pt\/site\/wp-json\/wp\/v2\/pages\/17824\/revisions"}],"predecessor-version":[{"id":179147,"href":"https:\/\/espan.edu.pt\/site\/wp-json\/wp\/v2\/pages\/17824\/revisions\/179147"}],"wp:attachment":[{"href":"https:\/\/espan.edu.pt\/site\/wp-json\/wp\/v2\/media?parent=17824"}],"wp:term":[{"taxonomy":"category","embeddable":true,"href":"https:\/\/espan.edu.pt\/site\/wp-json\/wp\/v2\/categories?post=17824"},{"taxonomy":"post_tag","embeddable":true,"href":"https:\/\/espan.edu.pt\/site\/wp-json\/wp\/v2\/tags?post=17824"}],"curies":[{"name":"wp","href":"https:\/\/api.w.org\/{rel}","templated":true}]}}