{"id":15115,"date":"2019-01-27T15:50:34","date_gmt":"2019-01-27T15:50:34","guid":{"rendered":"http:\/\/espan.edu.pt\/site\/?page_id=15115"},"modified":"2025-06-16T11:36:29","modified_gmt":"2025-06-16T11:36:29","slug":"efa","status":"publish","type":"page","link":"https:\/\/espan.edu.pt\/site\/efa\/","title":{"rendered":"Cursos de Educa\u00e7\u00e3o e Forma\u00e7\u00e3o de Adultos"},"content":{"rendered":"<div class=\"wpb-content-wrapper\"><p>[vc_row][vc_column][vc_column_text css=&#8221;&#8221;]<\/p>\n<p><a href=\"https:\/\/espan.edu.pt\/site\/wp-content\/uploads\/2025\/06\/efa_25-26.png\"><img loading=\"lazy\" class=\"wp-image-253172 aligncenter\" src=\"https:\/\/espan.edu.pt\/site\/wp-content\/uploads\/2025\/06\/efa_25-26-300x208.png\" alt=\"\" width=\"544\" height=\"377\" srcset=\"https:\/\/espan.edu.pt\/site\/wp-content\/uploads\/2025\/06\/efa_25-26-300x208.png 300w, https:\/\/espan.edu.pt\/site\/wp-content\/uploads\/2025\/06\/efa_25-26-1024x711.png 1024w, https:\/\/espan.edu.pt\/site\/wp-content\/uploads\/2025\/06\/efa_25-26-768x534.png 768w, https:\/\/espan.edu.pt\/site\/wp-content\/uploads\/2025\/06\/efa_25-26.png 1078w\" sizes=\"(max-width: 544px) 100vw, 544px\" \/><\/a><\/p>\n<p>[\/vc_column_text][\/vc_column][\/vc_row][vc_row full_width=&#8221;stretch_row&#8221; el_class=&#8221;text-left&#8221; css=&#8221;.vc_custom_1548178499637{padding-top: 30px !important;padding-bottom: 100px !important;background-position: center !important;background-repeat: no-repeat !important;background-size: cover !important;}&#8221;][vc_column][vc_column_text css=&#8221;&#8221;]<\/p>\n<p style=\"text-align: center;\"><strong>CURSOS EFA DE N\u00cdVEL SECUND\u00c1RIO<\/strong><\/p>\n<p><strong>Informa\u00e7\u00f5es Gerais:<\/strong><\/p>\n<ul>\n<li>Os cursos EFA (Educa\u00e7\u00e3o e Forma\u00e7\u00e3o de Adultos) de n\u00edvel secund\u00e1rio estruturam-se em Unidades de Compet\u00eancia (UC) e d\u00e3o equival\u00eancia ao 12\u00ba ano (completo).<\/li>\n<li>T\u00eam como referencial de compet\u00eancias-chave: Cidadania e Profissionalidade (CP) com 8 UC; Sociedade, Tecnologia e Ci\u00eancia (STC) com 7 UC e Cultura, L\u00edngua e Comunica\u00e7\u00e3o (CLC) com 7 UC.<\/li>\n<li>Cada UC tem um total de 50 horas.<\/li>\n<li>Cada formando, de acordo com as suas habilita\u00e7\u00f5es escolares, tem um percurso: tipo A (com o 9.\u00ba ano); tipo B (com o 10.\u00ba ano) e tipo C (com o 11.\u00ba ano).<\/li>\n<li>Os formandos do percurso do tipo A t\u00eam de completar todas as UC de todas as compet\u00eancias-chave.<\/li>\n<li>Os formandos do percurso do tipo B t\u00eam de completar em CP as UC 1\/4\/5; em STC as UC 7\/6\/5 e em CLC as UC 7\/6\/5, al\u00e9m de mais 3 UC \u00e0 escolha (opcionais).<\/li>\n<li>Os formandos do percurso do tipo C t\u00eam de completar em CP a UC 1; em STC a UC 7 e em CLC a UC 7, al\u00e9m de mais 3 UC \u00e0 escolha (opcionais).<\/li>\n<li>Todos os formandos, excetuando os do percurso designado 357, t\u00eam de apresentar um Portef\u00f3lio Reflexivo de Aprendizagens (PRA), totalizando 15 horas para os formandos do percurso C; 25 horas para os formandos do percurso B e 50 horas para os formandos do percurso A.<\/li>\n<li>A avalia\u00e7\u00e3o \u00e9 formativa e o formando valida ou n\u00e3o valida as UC, pelo que n\u00e3o se atribui uma classifica\u00e7\u00e3o qualitativa ou quantitativa.<\/li>\n<li>A assiduidade do formando n\u00e3o pode ser inferior a 90 por cento da carga hor\u00e1ria total da forma\u00e7\u00e3o e, cumulativamente, a 50 por cento da carga hor\u00e1ria de cada UC e ou UFCD.<\/li>\n<li>No in\u00edcio da forma\u00e7\u00e3o os formandos e o mediador dever\u00e3o assinar um \u201cAcordo de Forma\u00e7\u00e3o\u201d.<\/li>\n<\/ul>\n<p>[\/vc_column_text][vc_tta_accordion style=&#8221;modern&#8221; active_section=&#8221;1&#8243;][vc_tta_section title=&#8221;Escola B\u00e1sica e Secund\u00e1ria Padre Alberto Neto&#8221; tab_id=&#8221;1548178354089-22ef1104-3f69&#8243;][vc_column_text]<strong>Contactos<\/strong><\/p>\n<p><i class=\"fa fa-location-arrow\"><\/i> Avenida Paiva Couceiro, 2745-190 Queluz<br \/><i class=\"fa fa-phone\"><\/i> 214 343 200<br \/><i class=\"fa fa-envelope\"><\/i> <a href=\"mailto:geral@espan.edu.pt\">geral@espan.edu.pt<\/a><br \/><i class=\"fa fa-internet-explorer\"><\/i> www.espan.edu.pt[\/vc_column_text][\/vc_tta_section][\/vc_tta_accordion][\/vc_column][\/vc_row]<\/p>\n<\/div>","protected":false},"excerpt":{"rendered":"<p>[vc_row][vc_column][vc_column_text css=&#8221;&#8221;] [\/vc_column_text][\/vc_column][\/vc_row][vc_row full_width=&#8221;stretch_row&#8221; el_class=&#8221;text-left&#8221; css=&#8221;.vc_custom_1548178499637{padding-top: 30px !important;padding-bottom: 100px !important;background-position: center !important;background-repeat: no-repeat !important;background-size: cover !important;}&#8221;][vc_column][vc_column_text css=&#8221;&#8221;] CURSOS EFA DE N\u00cdVEL SECUND\u00c1RIO Informa\u00e7\u00f5es Gerais: Os cursos EFA (Educa\u00e7\u00e3o e Forma\u00e7\u00e3o &hellip; <\/p>\n","protected":false},"author":1,"featured_media":0,"parent":0,"menu_order":0,"comment_status":"closed","ping_status":"closed","template":"","meta":{"_bbp_topic_count":0,"_bbp_reply_count":0,"_bbp_total_topic_count":0,"_bbp_total_reply_count":0,"_bbp_voice_count":0,"_bbp_anonymous_reply_count":0,"_bbp_topic_count_hidden":0,"_bbp_reply_count_hidden":0,"_bbp_forum_subforum_count":0},"categories":[],"tags":[],"uagb_featured_image_src":{"full":false,"thumbnail":false,"medium":false,"medium_large":false,"large":false,"1536x1536":false,"2048x2048":false},"uagb_author_info":{"display_name":"Administrador","author_link":"https:\/\/espan.edu.pt\/site\/author\/administrador\/"},"uagb_comment_info":0,"uagb_excerpt":"[vc_row][vc_column][vc_column_text css=&#8221;&#8221;] [\/vc_column_text][\/vc_column][\/vc_row][vc_row full_width=&#8221;stretch_row&#8221; el_class=&#8221;text-left&#8221; css=&#8221;.vc_custom_1548178499637{padding-top: 30px !important;padding-bottom: 100px !important;background-position: center !important;background-repeat: no-repeat !important;background-size: cover !important;}&#8221;][vc_column][vc_column_text css=&#8221;&#8221;] CURSOS EFA DE N\u00cdVEL SECUND\u00c1RIO Informa\u00e7\u00f5es Gerais: Os cursos EFA (Educa\u00e7\u00e3o e Forma\u00e7\u00e3o &hellip;","_links":{"self":[{"href":"https:\/\/espan.edu.pt\/site\/wp-json\/wp\/v2\/pages\/15115"}],"collection":[{"href":"https:\/\/espan.edu.pt\/site\/wp-json\/wp\/v2\/pages"}],"about":[{"href":"https:\/\/espan.edu.pt\/site\/wp-json\/wp\/v2\/types\/page"}],"author":[{"embeddable":true,"href":"https:\/\/espan.edu.pt\/site\/wp-json\/wp\/v2\/users\/1"}],"replies":[{"embeddable":true,"href":"https:\/\/espan.edu.pt\/site\/wp-json\/wp\/v2\/comments?post=15115"}],"version-history":[{"count":29,"href":"https:\/\/espan.edu.pt\/site\/wp-json\/wp\/v2\/pages\/15115\/revisions"}],"predecessor-version":[{"id":253190,"href":"https:\/\/espan.edu.pt\/site\/wp-json\/wp\/v2\/pages\/15115\/revisions\/253190"}],"wp:attachment":[{"href":"https:\/\/espan.edu.pt\/site\/wp-json\/wp\/v2\/media?parent=15115"}],"wp:term":[{"taxonomy":"category","embeddable":true,"href":"https:\/\/espan.edu.pt\/site\/wp-json\/wp\/v2\/categories?post=15115"},{"taxonomy":"post_tag","embeddable":true,"href":"https:\/\/espan.edu.pt\/site\/wp-json\/wp\/v2\/tags?post=15115"}],"curies":[{"name":"wp","href":"https:\/\/api.w.org\/{rel}","templated":true}]}}