{"id":15107,"date":"2019-01-27T15:48:26","date_gmt":"2019-01-27T15:48:26","guid":{"rendered":"http:\/\/espan.edu.pt\/site\/?page_id=15107"},"modified":"2024-04-15T09:40:33","modified_gmt":"2024-04-15T09:40:33","slug":"pre-escolar","status":"publish","type":"page","link":"https:\/\/espan.edu.pt\/site\/pre-escolar\/","title":{"rendered":"Pr\u00e9-Escolar"},"content":{"rendered":"<div class=\"wpb-content-wrapper\"><p>[vc_row full_width=&#8221;stretch_row&#8221; el_class=&#8221;text-left&#8221; css=&#8221;.vc_custom_1548178499637{padding-top: 30px !important;padding-bottom: 100px !important;background-position: center !important;background-repeat: no-repeat !important;background-size: cover !important;}&#8221;][vc_column][vc_column_text css_animation=&#8221;fadeIn&#8221;]A educa\u00e7\u00e3o pr\u00e9-escolar destina-se \u00e0s crian\u00e7as com idades compreendidas entre os 3 anos e a idade de ingresso no ensino b\u00e1sico e \u00e9 ministrada em estabelecimentos de educa\u00e7\u00e3o pr\u00e9-escolar.<\/p>\n<p>A frequ\u00eancia da educa\u00e7\u00e3o pr\u00e9-escolar \u00e9 facultativa.<\/p>\n<p><strong>Escolas do agrupamento com educa\u00e7\u00e3o Pr\u00e9-escolar:<\/strong>[\/vc_column_text][vc_tta_accordion style=&#8221;modern&#8221; active_section=&#8221;1&#8243;][vc_tta_section title=&#8221;Escola B\u00e1sica N\u00ba 5 de Belas&#8221; tab_id=&#8221;1548178548603-c6a565a6-4c29&#8243;][vc_column_text]<strong>Contactos<\/strong><\/p>\n<p><i class=\"fa fa-location-arrow\"><\/i> Eng. Jos\u00e9 Sousa Santana Marques, 2605-194 Belas<br \/><i class=\"fa fa-phone\"><\/i> 214 366 460<br \/><i class=\"fa fa-envelope\"><\/i> <a href=\"mailto:Coord.ssilveira@espan.edu.pt\">Coord.ssilveira@espan.edu.pt<\/a>[\/vc_column_text][\/vc_tta_section][vc_tta_section title=&#8221;Escola B\u00e1sica Belas n.\u00ba 3&#8243; tab_id=&#8221;1548178546962-77599c3d-21b9&#8243;][vc_column_text]<strong>Contactos<\/strong><\/p>\n<p><i class=\"fa fa-location-arrow\"><\/i> Rua do Campo, 2605-206 Belas<br \/><i class=\"fa fa-phone\"><\/i> 214 314 426<br \/><i class=\"fa fa-envelope\"><\/i> <a href=\"mailto:Coord.belas3@espan.edu.pt\">Coord.belas3@espan.edu.pt<\/a>[\/vc_column_text][\/vc_tta_section][vc_tta_section title=&#8221;Escola B\u00e1sica M\u00e1rio da Cunha Brito&#8221; tab_id=&#8221;1548178354117-74058e0d-d7d1&#8243;][vc_column_text]<strong>Contactos<\/strong><\/p>\n<p><i class=\"fa fa-location-arrow\"><\/i> Rua Costa Reis, 2605-206 Belas<br \/><i class=\"fa fa-phone\"><\/i> 214 313 382<br \/><i class=\"fa fa-envelope\"><\/i> <a href=\"mailto:Coord.mcbrito@espan.edu.pt\">Coord.mcbrito@espan.edu.pt<\/a>[\/vc_column_text][\/vc_tta_section][vc_tta_section title=&#8221;Escola B\u00e1sica Pego Longo&#8221; tab_id=&#8221;1548179047076-cd82a26b-99f5&#8243;][vc_column_text]<strong>Contactos<\/strong><\/p>\n<p><i class=\"fa fa-location-arrow\"><\/i> Bairro do Pego Longo, Rua da Escola, 2605-122 Belas<br \/><i class=\"fa fa-phone\"><\/i> 214 365 488<br \/><i class=\"fa fa-envelope\"><\/i> <a href=\"mailto:Coord.plongo@espan.edu.pt\">Coord.plongo@espan.edu.pt<\/a>[\/vc_column_text][\/vc_tta_section][vc_tta_section title=&#8221;Escola B\u00e1sica do Pend\u00e3o&#8221; tab_id=&#8221;1548179351082-1564024a-c61b&#8221;][vc_column_text]<strong>Contactos<\/strong><\/p>\n<p><i class=\"fa fa-location-arrow\"><\/i> Largo do Alto dos Mo\u00ednhos, 2745-017 Queluz<br \/><i class=\"fa fa-phone\"><\/i> 214 350 138<br \/><i class=\"fa fa-envelope\"><\/i> <a href=\"mailto:Coord.pendao@espan.edu.pt\">Coord.pendao@espan.edu.pt<\/a>[\/vc_column_text][\/vc_tta_section][vc_tta_section title=&#8221;Escola B\u00e1sica de Queluz n.\u00ba 2&#8243; tab_id=&#8221;1548179468740-5dcbcc6c-ebcd&#8221;][vc_column_text]<strong>Contactos<\/strong><\/p>\n<p><i class=\"fa fa-location-arrow\"><\/i> Av. Paiva Couceiro, Queluz<br \/><i class=\"fa fa-phone\"><\/i> 214 357 357<br \/><i class=\"fa fa-envelope\"><\/i> <a href=\"mailto:Coord.queluz2@espan.edu.pt\">Coord.queluz2@espan.edu.pt<\/a>[\/vc_column_text][\/vc_tta_section][\/vc_tta_accordion][\/vc_column][vc_column][\/vc_column][\/vc_row]<\/p>\n<\/div>","protected":false},"excerpt":{"rendered":"<p>[vc_row full_width=&#8221;stretch_row&#8221; el_class=&#8221;text-left&#8221; css=&#8221;.vc_custom_1548178499637{padding-top: 30px !important;padding-bottom: 100px !important;background-position: center !important;background-repeat: no-repeat !important;background-size: cover !important;}&#8221;][vc_column][vc_column_text css_animation=&#8221;fadeIn&#8221;]A educa\u00e7\u00e3o pr\u00e9-escolar destina-se \u00e0s crian\u00e7as com idades compreendidas entre os 3 anos e a idade &hellip; <\/p>\n","protected":false},"author":1,"featured_media":0,"parent":0,"menu_order":0,"comment_status":"closed","ping_status":"closed","template":"","meta":{"_bbp_topic_count":0,"_bbp_reply_count":0,"_bbp_total_topic_count":0,"_bbp_total_reply_count":0,"_bbp_voice_count":0,"_bbp_anonymous_reply_count":0,"_bbp_topic_count_hidden":0,"_bbp_reply_count_hidden":0,"_bbp_forum_subforum_count":0},"categories":[],"tags":[],"uagb_featured_image_src":{"full":false,"thumbnail":false,"medium":false,"medium_large":false,"large":false,"1536x1536":false,"2048x2048":false},"uagb_author_info":{"display_name":"Administrador","author_link":"https:\/\/espan.edu.pt\/site\/author\/administrador\/"},"uagb_comment_info":0,"uagb_excerpt":"[vc_row full_width=&#8221;stretch_row&#8221; el_class=&#8221;text-left&#8221; css=&#8221;.vc_custom_1548178499637{padding-top: 30px !important;padding-bottom: 100px !important;background-position: center !important;background-repeat: no-repeat !important;background-size: cover !important;}&#8221;][vc_column][vc_column_text css_animation=&#8221;fadeIn&#8221;]A educa\u00e7\u00e3o pr\u00e9-escolar destina-se \u00e0s crian\u00e7as com idades compreendidas entre os 3 anos e a idade &hellip;","_links":{"self":[{"href":"https:\/\/espan.edu.pt\/site\/wp-json\/wp\/v2\/pages\/15107"}],"collection":[{"href":"https:\/\/espan.edu.pt\/site\/wp-json\/wp\/v2\/pages"}],"about":[{"href":"https:\/\/espan.edu.pt\/site\/wp-json\/wp\/v2\/types\/page"}],"author":[{"embeddable":true,"href":"https:\/\/espan.edu.pt\/site\/wp-json\/wp\/v2\/users\/1"}],"replies":[{"embeddable":true,"href":"https:\/\/espan.edu.pt\/site\/wp-json\/wp\/v2\/comments?post=15107"}],"version-history":[{"count":7,"href":"https:\/\/espan.edu.pt\/site\/wp-json\/wp\/v2\/pages\/15107\/revisions"}],"predecessor-version":[{"id":251363,"href":"https:\/\/espan.edu.pt\/site\/wp-json\/wp\/v2\/pages\/15107\/revisions\/251363"}],"wp:attachment":[{"href":"https:\/\/espan.edu.pt\/site\/wp-json\/wp\/v2\/media?parent=15107"}],"wp:term":[{"taxonomy":"category","embeddable":true,"href":"https:\/\/espan.edu.pt\/site\/wp-json\/wp\/v2\/categories?post=15107"},{"taxonomy":"post_tag","embeddable":true,"href":"https:\/\/espan.edu.pt\/site\/wp-json\/wp\/v2\/tags?post=15107"}],"curies":[{"name":"wp","href":"https:\/\/api.w.org\/{rel}","templated":true}]}}