{"id":14051,"date":"2019-01-23T17:05:36","date_gmt":"2019-01-23T17:05:36","guid":{"rendered":"http:\/\/espan.edu.pt\/site\/?page_id=14051"},"modified":"2023-11-08T13:17:14","modified_gmt":"2023-11-08T13:17:14","slug":"organograma","status":"publish","type":"page","link":"https:\/\/espan.edu.pt\/site\/organograma\/","title":{"rendered":"Organograma"},"content":{"rendered":"<div class=\"wpb-content-wrapper\"><p>[vc_row css=&#8221;.vc_custom_1471796791252{margin-bottom: 63px !important;}&#8221;][vc_column css=&#8221;.vc_custom_1471796770554{margin-bottom: 30px !important;}&#8221;][vc_column_text css_animation=&#8221;fadeIn&#8221;]<\/p>\n<h3 class=\"thim-text-title\">Estrutura<\/h3>\n<p>O Agrupamento de Escolas de Queluz-Belas (AEQB) foi constitu\u00eddo em 3 de julho de 2012 por Despacho interno homologado em 28 de junho de 2012 pelo Exmo. Sr. Secret\u00e1rio de Estado do Ensino e Administra\u00e7\u00e3o Escolar, Jo\u00e3o Casanova de Almeida.<\/p>\n<p>\u00c9 prop\u00f3sito da comunidade educativa do AEQB continuar a ser um servi\u00e7o p\u00fablico educativo de qualidade, respeitando os princ\u00edpios constitucionais e os valores \u00e9ticos da Escola P\u00fablica democr\u00e1tica, contribuindo decisivamente para a escolariza\u00e7\u00e3o, qualifica\u00e7\u00e3o e requalifica\u00e7\u00e3o dos cidad\u00e3os.<\/p>\n<blockquote class=\"blockquote-1\">\n<p><small>A dire\u00e7\u00e3o do\u00a0<cite title=\"Source Title\">AEQB<\/cite><\/small><\/p>\n<\/blockquote>\n<p>&nbsp;<\/p>\n<p><a href=\"https:\/\/espan.edu.pt\/site\/wp-content\/uploads\/2023\/11\/Organograma.png\"><img loading=\"lazy\" class=\"aligncenter wp-image-250116 size-full\" src=\"https:\/\/espan.edu.pt\/site\/wp-content\/uploads\/2023\/11\/Organograma.png\" alt=\"\" width=\"613\" height=\"633\" srcset=\"https:\/\/espan.edu.pt\/site\/wp-content\/uploads\/2023\/11\/Organograma.png 613w, https:\/\/espan.edu.pt\/site\/wp-content\/uploads\/2023\/11\/Organograma-291x300.png 291w\" sizes=\"(max-width: 613px) 100vw, 613px\" \/><\/a><\/p>\n<p>Organograma do Agrupamento de Escolas Queluz-Belas.<\/p>\n<p>[\/vc_column_text][\/vc_column][\/vc_row]<\/p>\n<\/div>","protected":false},"excerpt":{"rendered":"<p>[vc_row css=&#8221;.vc_custom_1471796791252{margin-bottom: 63px !important;}&#8221;][vc_column css=&#8221;.vc_custom_1471796770554{margin-bottom: 30px !important;}&#8221;][vc_column_text css_animation=&#8221;fadeIn&#8221;] Estrutura O Agrupamento de Escolas de Queluz-Belas (AEQB) foi constitu\u00eddo em 3 de julho de 2012 por Despacho interno homologado em 28 &hellip; <\/p>\n","protected":false},"author":1,"featured_media":0,"parent":0,"menu_order":0,"comment_status":"closed","ping_status":"closed","template":"","meta":{"_bbp_topic_count":0,"_bbp_reply_count":0,"_bbp_total_topic_count":0,"_bbp_total_reply_count":0,"_bbp_voice_count":0,"_bbp_anonymous_reply_count":0,"_bbp_topic_count_hidden":0,"_bbp_reply_count_hidden":0,"_bbp_forum_subforum_count":0},"categories":[],"tags":[],"uagb_featured_image_src":{"full":false,"thumbnail":false,"medium":false,"medium_large":false,"large":false,"1536x1536":false,"2048x2048":false},"uagb_author_info":{"display_name":"Administrador","author_link":"https:\/\/espan.edu.pt\/site\/author\/administrador\/"},"uagb_comment_info":0,"uagb_excerpt":"[vc_row css=&#8221;.vc_custom_1471796791252{margin-bottom: 63px !important;}&#8221;][vc_column css=&#8221;.vc_custom_1471796770554{margin-bottom: 30px !important;}&#8221;][vc_column_text css_animation=&#8221;fadeIn&#8221;] Estrutura O Agrupamento de Escolas de Queluz-Belas (AEQB) foi constitu\u00eddo em 3 de julho de 2012 por Despacho interno homologado em 28 &hellip;","_links":{"self":[{"href":"https:\/\/espan.edu.pt\/site\/wp-json\/wp\/v2\/pages\/14051"}],"collection":[{"href":"https:\/\/espan.edu.pt\/site\/wp-json\/wp\/v2\/pages"}],"about":[{"href":"https:\/\/espan.edu.pt\/site\/wp-json\/wp\/v2\/types\/page"}],"author":[{"embeddable":true,"href":"https:\/\/espan.edu.pt\/site\/wp-json\/wp\/v2\/users\/1"}],"replies":[{"embeddable":true,"href":"https:\/\/espan.edu.pt\/site\/wp-json\/wp\/v2\/comments?post=14051"}],"version-history":[{"count":7,"href":"https:\/\/espan.edu.pt\/site\/wp-json\/wp\/v2\/pages\/14051\/revisions"}],"predecessor-version":[{"id":250117,"href":"https:\/\/espan.edu.pt\/site\/wp-json\/wp\/v2\/pages\/14051\/revisions\/250117"}],"wp:attachment":[{"href":"https:\/\/espan.edu.pt\/site\/wp-json\/wp\/v2\/media?parent=14051"}],"wp:term":[{"taxonomy":"category","embeddable":true,"href":"https:\/\/espan.edu.pt\/site\/wp-json\/wp\/v2\/categories?post=14051"},{"taxonomy":"post_tag","embeddable":true,"href":"https:\/\/espan.edu.pt\/site\/wp-json\/wp\/v2\/tags?post=14051"}],"curies":[{"name":"wp","href":"https:\/\/api.w.org\/{rel}","templated":true}]}}