{"id":13995,"date":"2019-01-23T16:46:11","date_gmt":"2019-01-23T16:46:11","guid":{"rendered":"http:\/\/espan.edu.pt\/site\/?page_id=13995"},"modified":"2025-07-28T08:41:39","modified_gmt":"2025-07-28T08:41:39","slug":"conselho-geral","status":"publish","type":"page","link":"https:\/\/espan.edu.pt\/site\/conselho-geral\/","title":{"rendered":"Conselho Geral"},"content":{"rendered":"<div class=\"wpb-content-wrapper\"><p>[vc_row css=&#8221;.vc_custom_1471796791252{margin-bottom: 63px !important;}&#8221;][vc_column width=&#8221;1\/2&#8243; css=&#8221;.vc_custom_1471796770554{margin-bottom: 30px !important;}&#8221;][vc_column_text css=&#8221;&#8221;]<\/p>\n<h3 class=\"thim-text-title\">Conselho Geral 2025 &#8211; Efetivos<\/h3>\n<p><strong>Presidente do Conselho Geral<\/strong><br \/>Mar\u00edlia Pereira<\/p>\n<p><strong>Pessoal docente<\/strong><br \/>Rute Pina<br \/>Susana Maria Junqueira<br \/>Rosa Maria Carvalho<br \/>Jacinto Reis Mendes<br \/>B\u00e1rbara Isabel Santos<br \/>Vitor Antunes<br \/>Mar\u00edlia Alves Pereira<\/p>\n<p><strong>Pessoal n\u00e3o docente<\/strong><br \/>Anabela Veludo<br \/>Cristina Nat\u00e1rio<\/p>\n<p><strong>Associa\u00e7\u00f5es de Pais e Encarregados de Educa\u00e7\u00e3o<\/strong><br \/>Patr\u00edcia Alexandra Pereira Garcia<br \/>Edgar Alexandre Santos Susano<br \/>S\u00edlvia Marisa dos Santos Reguengo<br \/>Tiago Jorge Dias da Silva<\/p>\n<p><strong>Representantes dos Alunos<\/strong><br \/>Francisco Silveira<br \/>Jo\u00e3o Pedro Amado<\/p>\n<p><strong>Representantes do Munic\u00edpio<\/strong><br \/>Marina Sofia Jorge Barros Santos<br \/>Liliana Patr\u00edcia Oliveira Dias<br \/>Maria Jo\u00e3o Abrantes Sim\u00f5es<\/p>\n<p><strong>Comunidade<\/strong><br \/>Flora Silva (Olho Vivo )<br \/>Paula Cunha Alves ( Uni\u00e3o das Freguesias de Queluz-Belas)<br \/>Marisa Alexandra Jacinto (APDJ)<\/p>\n<p>[\/vc_column_text][\/vc_column][vc_column width=&#8221;1\/2&#8243; css=&#8221;.vc_custom_1471796781968{margin-bottom: 30px !important;}&#8221;][vc_column_text css=&#8221;&#8221;]<\/p>\n<h3 class=\"thim-text-title\">Conselho Geral 2025 &#8211; Suplentes<\/h3>\n<p><strong>Pessoal docente<\/strong><br \/>Neide Maria Bernardo<br \/>Ana Maria Reis<br \/>Helena Maria Santos<\/p>\n<p><strong>Pessoal n\u00e3o docente<\/strong><br \/>&#8212;<\/p>\n<p><strong>Associa\u00e7\u00f5es de Pais e Encarregados de Educa\u00e7\u00e3o<\/strong><br \/>Sara Silva<br \/>Liliana Sofia Nobre Canteiro Bragan\u00e7a<br \/>Tiago Miguel Castelo Gomes<br \/>Joana Cristina Leonardo Ramos Oliveira<\/p>\n<p><strong>Representantes dos Alunos<\/strong><br \/>Soluan Gabriel Monteiro Martins<br \/>Ana Paula Silva<\/p>\n<p><strong>Comunidade<br \/><\/strong>Ana Alexandra Silva Pacheco ( Uni\u00e3o das Freguesias de Queluz-Belas)<br \/>Marta Catarina Lopes Ruivo Silva Santos (APDJ)<\/p>\n<p>[\/vc_column_text][\/vc_column][\/vc_row]<\/p>\n<\/div>","protected":false},"excerpt":{"rendered":"<p>[vc_row css=&#8221;.vc_custom_1471796791252{margin-bottom: 63px !important;}&#8221;][vc_column width=&#8221;1\/2&#8243; css=&#8221;.vc_custom_1471796770554{margin-bottom: 30px !important;}&#8221;][vc_column_text css=&#8221;&#8221;] Conselho Geral 2025 &#8211; Efetivos Presidente do Conselho GeralMar\u00edlia Pereira Pessoal docenteRute PinaSusana Maria JunqueiraRosa Maria CarvalhoJacinto Reis MendesB\u00e1rbara Isabel SantosVitor &hellip; <\/p>\n","protected":false},"author":1,"featured_media":0,"parent":0,"menu_order":0,"comment_status":"closed","ping_status":"closed","template":"","meta":{"_bbp_topic_count":0,"_bbp_reply_count":0,"_bbp_total_topic_count":0,"_bbp_total_reply_count":0,"_bbp_voice_count":0,"_bbp_anonymous_reply_count":0,"_bbp_topic_count_hidden":0,"_bbp_reply_count_hidden":0,"_bbp_forum_subforum_count":0},"categories":[],"tags":[],"uagb_featured_image_src":{"full":false,"thumbnail":false,"medium":false,"medium_large":false,"large":false,"1536x1536":false,"2048x2048":false},"uagb_author_info":{"display_name":"Administrador","author_link":"https:\/\/espan.edu.pt\/site\/author\/administrador\/"},"uagb_comment_info":0,"uagb_excerpt":"[vc_row css=&#8221;.vc_custom_1471796791252{margin-bottom: 63px !important;}&#8221;][vc_column width=&#8221;1\/2&#8243; css=&#8221;.vc_custom_1471796770554{margin-bottom: 30px !important;}&#8221;][vc_column_text css=&#8221;&#8221;] Conselho Geral 2025 &#8211; Efetivos Presidente do Conselho GeralMar\u00edlia Pereira Pessoal docenteRute PinaSusana Maria JunqueiraRosa Maria CarvalhoJacinto Reis MendesB\u00e1rbara Isabel SantosVitor &hellip;","_links":{"self":[{"href":"https:\/\/espan.edu.pt\/site\/wp-json\/wp\/v2\/pages\/13995"}],"collection":[{"href":"https:\/\/espan.edu.pt\/site\/wp-json\/wp\/v2\/pages"}],"about":[{"href":"https:\/\/espan.edu.pt\/site\/wp-json\/wp\/v2\/types\/page"}],"author":[{"embeddable":true,"href":"https:\/\/espan.edu.pt\/site\/wp-json\/wp\/v2\/users\/1"}],"replies":[{"embeddable":true,"href":"https:\/\/espan.edu.pt\/site\/wp-json\/wp\/v2\/comments?post=13995"}],"version-history":[{"count":15,"href":"https:\/\/espan.edu.pt\/site\/wp-json\/wp\/v2\/pages\/13995\/revisions"}],"predecessor-version":[{"id":253271,"href":"https:\/\/espan.edu.pt\/site\/wp-json\/wp\/v2\/pages\/13995\/revisions\/253271"}],"wp:attachment":[{"href":"https:\/\/espan.edu.pt\/site\/wp-json\/wp\/v2\/media?parent=13995"}],"wp:term":[{"taxonomy":"category","embeddable":true,"href":"https:\/\/espan.edu.pt\/site\/wp-json\/wp\/v2\/categories?post=13995"},{"taxonomy":"post_tag","embeddable":true,"href":"https:\/\/espan.edu.pt\/site\/wp-json\/wp\/v2\/tags?post=13995"}],"curies":[{"name":"wp","href":"https:\/\/api.w.org\/{rel}","templated":true}]}}