{"id":13348,"date":"2019-01-22T16:04:05","date_gmt":"2019-01-22T16:04:05","guid":{"rendered":"http:\/\/espan.edu.pt\/site\/?page_id=13348"},"modified":"2024-10-09T12:26:33","modified_gmt":"2024-10-09T12:26:33","slug":"spo","status":"publish","type":"page","link":"https:\/\/espan.edu.pt\/site\/spo\/","title":{"rendered":"Servi\u00e7o de Psicologia e Orienta\u00e7\u00e3o (SPO)"},"content":{"rendered":"<div class=\"wpb-content-wrapper\"><p>[vc_row css=&#8221;.vc_custom_1471796791252{margin-bottom: 63px !important;}&#8221;][vc_column css=&#8221;.vc_custom_1471796770554{margin-bottom: 30px !important;}&#8221;][vc_column_text css=&#8221;&#8221;]<\/p>\n<div id=\"elementor-tab-content-4731\" class=\"elementor-tab-content elementor-clearfix elementor-active\" role=\"tabpanel\" data-tab=\"1\" aria-labelledby=\"elementor-tab-title-4731\">\n<p style=\"text-align: center;\"><strong><span class=\"st\">Servi\u00e7o de Psicologia e Orienta\u00e7\u00e3o (SPO) &#8211; 2024-2025<\/span><\/strong><\/p>\n<div>O Servi\u00e7o de Psicologia e Orienta\u00e7\u00e3o (SPO) desenvolve um conjunto abrangente e integrado de servi\u00e7os, que se enquadram em tr\u00eas dom\u00ednios distintos, mas complementares:<\/div>\n<div>\u00a0&#8211; O apoio e aconselhamento psicol\u00f3gico e psicopedag\u00f3gico;<\/div>\n<div>&#8211; O desenvolvimento do sistema de rela\u00e7\u00f5es da comunidade educativa;<\/div>\n<div>\u00a0&#8211; O desenvolvimento vocacional e de carreira;<\/div>\n<div aria-hidden=\"true\">\u00a0<\/div>\n<div>O acesso ao Servi\u00e7o de Psicologia e Orienta\u00e7\u00e3o deve fazer-se preferencialmente\u00a0utilizando os canais habituais: Diretor de turma, Professor titular ou Educador.<\/div>\n<div>Poder\u00e1 igualmente ser efetuado atrav\u00e9s do e-mail:\u00a0<u><a id=\"LPlnkOWA48a52603-7980-d904-c9cc-206362634099\" class=\"x_OWAAutoLink\" href=\"mailto:spo@espan.edu.pt\" data-linkindex=\"0\">spo@espan.edu.pt<\/a><\/u>\u00a0(com a descri\u00e7\u00e3o da situa\u00e7\u00e3o, contacto telef\u00f3nico e hor\u00e1rio dispon\u00edvel para o\/a Psic\u00f3logo(a) poder realizar esse contacto) ou ser utilizado o contacto telef\u00f3nico do Agrupamento (214 343\u00a0200).<\/div>\n<div aria-hidden=\"true\">\u00a0<\/div>\n<div align=\"center\"><b>O SPO deseja a todos um excelente Ano Letivo<\/b><\/div>\n<\/div>\n<p>[\/vc_column_text][\/vc_column][\/vc_row][vc_row][vc_column][vc_column_text css=&#8221;&#8221;]<\/p>\n<p><em><strong>Sugest\u00f5es de v\u00eddeos:<\/strong><\/em><\/p>\n<p>[\/vc_column_text][vc_row_inner][vc_column_inner width=&#8221;1\/2&#8243;][vc_video link=&#8221;https:\/\/youtu.be\/ieht9IooHA4&#8243; css=&#8221;&#8221; title=&#8221;Relaxamento para crian\u00e7as&#8221;][\/vc_column_inner][vc_column_inner width=&#8221;1\/2&#8243;][vc_video link=&#8221;https:\/\/youtu.be\/YaOnL5InAIA&#8221; css=&#8221;&#8221; title=&#8221;A import\u00e2ncia do sono&#8221;][\/vc_column_inner][\/vc_row_inner][\/vc_column][\/vc_row]<\/p>\n<\/div>","protected":false},"excerpt":{"rendered":"<p>[vc_row css=&#8221;.vc_custom_1471796791252{margin-bottom: 63px !important;}&#8221;][vc_column css=&#8221;.vc_custom_1471796770554{margin-bottom: 30px !important;}&#8221;][vc_column_text css=&#8221;&#8221;] Servi\u00e7o de Psicologia e Orienta\u00e7\u00e3o (SPO) &#8211; 2024-2025 O Servi\u00e7o de Psicologia e Orienta\u00e7\u00e3o (SPO) desenvolve um conjunto abrangente e integrado de &hellip; <\/p>\n","protected":false},"author":1,"featured_media":0,"parent":0,"menu_order":0,"comment_status":"closed","ping_status":"closed","template":"","meta":{"_bbp_topic_count":0,"_bbp_reply_count":0,"_bbp_total_topic_count":0,"_bbp_total_reply_count":0,"_bbp_voice_count":0,"_bbp_anonymous_reply_count":0,"_bbp_topic_count_hidden":0,"_bbp_reply_count_hidden":0,"_bbp_forum_subforum_count":0},"categories":[],"tags":[],"uagb_featured_image_src":{"full":false,"thumbnail":false,"medium":false,"medium_large":false,"large":false,"1536x1536":false,"2048x2048":false},"uagb_author_info":{"display_name":"Administrador","author_link":"https:\/\/espan.edu.pt\/site\/author\/administrador\/"},"uagb_comment_info":0,"uagb_excerpt":"[vc_row css=&#8221;.vc_custom_1471796791252{margin-bottom: 63px !important;}&#8221;][vc_column css=&#8221;.vc_custom_1471796770554{margin-bottom: 30px !important;}&#8221;][vc_column_text css=&#8221;&#8221;] Servi\u00e7o de Psicologia e Orienta\u00e7\u00e3o (SPO) &#8211; 2024-2025 O Servi\u00e7o de Psicologia e Orienta\u00e7\u00e3o (SPO) desenvolve um conjunto abrangente e integrado de &hellip;","_links":{"self":[{"href":"https:\/\/espan.edu.pt\/site\/wp-json\/wp\/v2\/pages\/13348"}],"collection":[{"href":"https:\/\/espan.edu.pt\/site\/wp-json\/wp\/v2\/pages"}],"about":[{"href":"https:\/\/espan.edu.pt\/site\/wp-json\/wp\/v2\/types\/page"}],"author":[{"embeddable":true,"href":"https:\/\/espan.edu.pt\/site\/wp-json\/wp\/v2\/users\/1"}],"replies":[{"embeddable":true,"href":"https:\/\/espan.edu.pt\/site\/wp-json\/wp\/v2\/comments?post=13348"}],"version-history":[{"count":18,"href":"https:\/\/espan.edu.pt\/site\/wp-json\/wp\/v2\/pages\/13348\/revisions"}],"predecessor-version":[{"id":252408,"href":"https:\/\/espan.edu.pt\/site\/wp-json\/wp\/v2\/pages\/13348\/revisions\/252408"}],"wp:attachment":[{"href":"https:\/\/espan.edu.pt\/site\/wp-json\/wp\/v2\/media?parent=13348"}],"wp:term":[{"taxonomy":"category","embeddable":true,"href":"https:\/\/espan.edu.pt\/site\/wp-json\/wp\/v2\/categories?post=13348"},{"taxonomy":"post_tag","embeddable":true,"href":"https:\/\/espan.edu.pt\/site\/wp-json\/wp\/v2\/tags?post=13348"}],"curies":[{"name":"wp","href":"https:\/\/api.w.org\/{rel}","templated":true}]}}