{"id":13315,"date":"2019-01-22T15:51:58","date_gmt":"2019-01-22T15:51:58","guid":{"rendered":"http:\/\/espan.edu.pt\/site\/?page_id=13315"},"modified":"2020-09-23T14:01:23","modified_gmt":"2020-09-23T14:01:23","slug":"refeitorio","status":"publish","type":"page","link":"https:\/\/espan.edu.pt\/site\/refeitorio\/","title":{"rendered":"SIGE \u2013 Marca\u00e7\u00e3o e desmarca\u00e7\u00e3o de refei\u00e7\u00f5es"},"content":{"rendered":"<div class=\"wpb-content-wrapper\"><p>[vc_row css=&#8221;.vc_custom_1471796791252{margin-bottom: 63px !important;}&#8221;][vc_column css=&#8221;.vc_custom_1471796770554{margin-bottom: 30px !important;}&#8221;][vc_column_text]<b><span data-contrast=\"auto\">Marca\u00e7\u00e3o e desmarca\u00e7\u00e3o de refei\u00e7\u00f5es<\/span><\/b><span data-ccp-props=\"{&quot;201341983&quot;:0,&quot;335551550&quot;:2,&quot;335551620&quot;:2,&quot;335559739&quot;:160,&quot;335559740&quot;:360}\">\u00a0<\/span><\/p>\n<p><b><span data-contrast=\"auto\">Faltas a <\/span><\/b><b><span data-contrast=\"auto\">refei\u00e7\u00f5es<\/span><\/b><span data-ccp-props=\"{&quot;201341983&quot;:0,&quot;335551550&quot;:2,&quot;335551620&quot;:2,&quot;335559739&quot;:160,&quot;335559740&quot;:480}\">\u00a0<\/span><\/p>\n<p><span data-contrast=\"auto\">A <\/span><b><span data-contrast=\"auto\">marca\u00e7\u00e3o de refei\u00e7\u00f5es<\/span><\/b><span data-contrast=\"auto\"> pode ser feita at\u00e9 \u00e0 v\u00e9spera \u00e0s 17h00, na loja escolar<\/span><span data-contrast=\"auto\">\/papelaria<\/span><span data-contrast=\"auto\">, no <\/span><i><span data-contrast=\"auto\">K<\/span><\/i><i><span data-contrast=\"auto\">iosk<\/span><\/i><span data-contrast=\"auto\"> na escola<\/span><span data-contrast=\"auto\">,<\/span><span data-contrast=\"auto\"> atrav\u00e9s do SIGE<\/span><span data-contrast=\"auto\"> (veja liga\u00e7\u00e3o<\/span><span data-contrast=\"auto\"> no s<\/span><span data-contrast=\"auto\">\u00edtio<\/span><span data-contrast=\"auto\"> do A<\/span><span data-contrast=\"auto\">EQB<\/span><span data-contrast=\"auto\">:<\/span> <a href=\"http:\/\/www.espan.edu.pt\"><span data-contrast=\"none\">http:\/\/www.espan.edu.pt<\/span><\/a><span data-contrast=\"none\">)<\/span> <span data-contrast=\"auto\">ou da aplica\u00e7\u00e3o m\u00f3vel SIGE App<\/span><span data-contrast=\"auto\">. Depois deste prazo a refei\u00e7\u00e3o poder\u00e1 ainda ser marcada at\u00e9 \u00e0s 10h do dia seguinte, dia da refei\u00e7\u00e3o, caso haja refei\u00e7\u00f5es dispon\u00edveis. O custo da refei\u00e7\u00e3o marcada nestas condi\u00e7\u00f5es sofre um acr\u00e9scimo de 0,30\u20ac.<\/span><span data-ccp-props=\"{&quot;201341983&quot;:0,&quot;335551550&quot;:6,&quot;335551620&quot;:6,&quot;335559739&quot;:160,&quot;335559740&quot;:360}\">\u00a0<\/span><\/p>\n<p><span data-contrast=\"auto\">A <\/span><b><span data-contrast=\"auto\">desmarca\u00e7\u00e3o das refei\u00e7\u00f5es<\/span><\/b> <span data-contrast=\"auto\">deve<\/span><span data-contrast=\"auto\"> ser feita at\u00e9 \u00e0 v\u00e9spera \u00e0s 17h<\/span><span data-contrast=\"auto\">, <\/span><span data-contrast=\"auto\">embora <\/span><span data-contrast=\"auto\">possa ser feita at\u00e9 \u00e0s 10h do pr\u00f3prio dia.<\/span> <span data-contrast=\"auto\">E<\/span><span data-contrast=\"auto\">m caso de <\/span><b><span data-contrast=\"auto\">situa\u00e7\u00e3o<\/span><\/b><b><span data-contrast=\"auto\"> problem\u00e1tica ou<\/span><\/b><b><span data-contrast=\"auto\"> imprevista<\/span><\/b><span data-contrast=\"auto\">,<\/span> <span data-contrast=\"auto\">contacte a escola<\/span> <span data-contrast=\"auto\">sede por<\/span><span data-contrast=\"auto\"> telefone<\/span><span data-contrast=\"auto\">, at\u00e9 \u00e0s <\/span><span data-contrast=\"auto\">9<\/span><span data-contrast=\"auto\">h<\/span><span data-contrast=\"auto\">45<\/span><span data-contrast=\"auto\"> do pr\u00f3prio dia<\/span><span data-contrast=\"auto\">,<\/span><span data-contrast=\"auto\"> ou atrav\u00e9s de correio eletr\u00f3nico, em mensagem enviada at\u00e9 \u00e0 mesma hora, para <\/span><a href=\"mailto:sase@espan.edu.pt\"><span data-contrast=\"none\">sase@espan.edu.pt<\/span><\/a><span data-contrast=\"auto\">.<\/span><span data-contrast=\"auto\"> O aluno <\/span><span data-contrast=\"auto\">tem de ser identificado pelo <\/span><span data-contrast=\"auto\">n\u00famero de processo <\/span><span data-contrast=\"auto\">ou <\/span><span data-contrast=\"auto\">nome completo e <\/span><span data-contrast=\"auto\">ano e turma.<\/span><span data-ccp-props=\"{&quot;201341983&quot;:0,&quot;335551550&quot;:6,&quot;335551620&quot;:6,&quot;335559739&quot;:160,&quot;335559740&quot;:360}\">\u00a0<\/span><\/p>\n<p><span data-contrast=\"auto\">Em <\/span><b><span data-contrast=\"auto\">situa\u00e7\u00e3o de greve<\/span><\/b><span data-contrast=\"auto\">, nos dias<\/span><span data-contrast=\"auto\"> em que a escola esteja encerrada<\/span><span data-contrast=\"auto\">,<\/span><span data-contrast=\"auto\"> ser\u00e1 dada <\/span><span data-contrast=\"auto\">na portaria <\/span><span data-contrast=\"auto\">indica\u00e7\u00e3o <\/span><span data-contrast=\"auto\">se o refeit\u00f3rio est\u00e1 ou n\u00e3o em funcionamento. <\/span><span data-contrast=\"auto\">Se estiver em funcionamento os alunos poder\u00e3o entrar na escola para almo\u00e7ar<\/span><span data-contrast=\"auto\"> no hor\u00e1rio <\/span><span data-contrast=\"auto\">para almo\u00e7o<\/span><span data-contrast=\"auto\">. <\/span><span data-contrast=\"auto\">Caso n\u00e3o pretendam almo\u00e7ar, a refei\u00e7\u00e3o poder\u00e1 ser desmarcada nas condi\u00e7\u00f5es acima<\/span><span data-contrast=\"auto\">. Os alunos poder\u00e3o entrar na escola para desmarcar a refei\u00e7\u00e3o.<\/span><span data-ccp-props=\"{&quot;201341983&quot;:0,&quot;335551550&quot;:6,&quot;335551620&quot;:6,&quot;335559739&quot;:160,&quot;335559740&quot;:360}\">\u00a0<\/span><\/p>\n<p><b><span data-contrast=\"auto\">Os alunos que marcarem refei\u00e7\u00f5es e n\u00e3o as consumirem, sem justifica\u00e7\u00e3o v\u00e1lida, <\/span><\/b><b><span data-contrast=\"auto\">ser\u00e3o impedidos de marcar<\/span><\/b> <b><span data-contrast=\"auto\">novas refei\u00e7\u00f5es at\u00e9 que o encarregado de educa\u00e7\u00e3o envie uma <\/span><\/b><b><span data-contrast=\"auto\">justifica\u00e7\u00e3o e fa\u00e7a o pedido<\/span><\/b><b><span data-contrast=\"auto\"> d<\/span><\/b><b><span data-contrast=\"auto\">e<\/span><\/b> <b><span data-contrast=\"auto\">desbloqueio<\/span><\/b><b><span data-contrast=\"auto\">. <\/span><\/b><b><span data-contrast=\"auto\">A justifica\u00e7\u00e3o e pedido de desbloqu<\/span><\/b><b><span data-contrast=\"auto\">eio<\/span><\/b><b><span data-contrast=\"auto\">, escrita<\/span><\/b><b><span data-contrast=\"auto\">,<\/span><\/b><b><span data-contrast=\"auto\"> \u00e9 entregue ao diretor <\/span><\/b><b><span data-contrast=\"auto\">de turma.<\/span><\/b><span data-ccp-props=\"{&quot;201341983&quot;:0,&quot;335551550&quot;:6,&quot;335551620&quot;:6,&quot;335559739&quot;:160,&quot;335559740&quot;:360}\">\u00a0<\/span><\/p>\n<p><span data-contrast=\"auto\">Queluz, <\/span><span data-contrast=\"auto\">9<\/span><span data-contrast=\"auto\"> de <\/span><span data-contrast=\"auto\">dez<\/span><span data-contrast=\"auto\">embro de 2019<\/span><span data-ccp-props=\"{&quot;201341983&quot;:0,&quot;335559685&quot;:5103,&quot;335559739&quot;:160,&quot;335559740&quot;:360}\">\u00a0<\/span><\/p>\n<p><span data-contrast=\"auto\">O subdiretor do AEQB<\/span><span data-ccp-props=\"{&quot;201341983&quot;:0,&quot;335559685&quot;:5103,&quot;335559739&quot;:160,&quot;335559740&quot;:360}\">\u00a0<\/span>[\/vc_column_text][\/vc_column][\/vc_row][vc_row][vc_column][vc_column_text]<\/p>\n<div class=\"row\">\n<div class=\"column\">\n<p><img src=\"https:\/\/espan.edu.pt\/files\/banners\/SIGE_badges.png\" alt=\"SIGE IOS\/Android\" usemap=\"#downloadprofessor\" width=\"300\" \/> <\/p>\n<map name=\"downloadprofessor\">\n<area title=\"Descarregar SIGE - IOS\" alt=\"Descarregar SIGE - IOS\" coords=\"150,-120,300,50\" shape=\"rect\" href=\"https:\/\/apps.apple.com\/pt\/app\/app-unicard-sige\/id1477632864\" \/>\n<area title=\"Descarregar SIGE - Android\" alt=\"Descarregar SIGE - Android\" coords=\"150,100,300,70\" shape=\"rect\" href=\"https:\/\/play.google.com\/store\/apps\/details?id=com.magicbehaviour.unicardsige&amp;hl=en_US\" \/> <\/map>\n<\/div>\n<div class=\"column\"><\/div>\n<\/div>\n<p>[\/vc_column_text][\/vc_column][\/vc_row]<\/p>\n<\/div>","protected":false},"excerpt":{"rendered":"<p>[vc_row css=&#8221;.vc_custom_1471796791252{margin-bottom: 63px !important;}&#8221;][vc_column css=&#8221;.vc_custom_1471796770554{margin-bottom: 30px !important;}&#8221;][vc_column_text]Marca\u00e7\u00e3o e desmarca\u00e7\u00e3o de refei\u00e7\u00f5es\u00a0 Faltas a refei\u00e7\u00f5es\u00a0 A marca\u00e7\u00e3o de refei\u00e7\u00f5es pode ser feita at\u00e9 \u00e0 v\u00e9spera \u00e0s 17h00, na loja escolar\/papelaria, no &hellip; <\/p>\n","protected":false},"author":1,"featured_media":0,"parent":0,"menu_order":0,"comment_status":"closed","ping_status":"closed","template":"","meta":{"_bbp_topic_count":0,"_bbp_reply_count":0,"_bbp_total_topic_count":0,"_bbp_total_reply_count":0,"_bbp_voice_count":0,"_bbp_anonymous_reply_count":0,"_bbp_topic_count_hidden":0,"_bbp_reply_count_hidden":0,"_bbp_forum_subforum_count":0},"categories":[],"tags":[],"uagb_featured_image_src":{"full":false,"thumbnail":false,"medium":false,"medium_large":false,"large":false,"1536x1536":false,"2048x2048":false},"uagb_author_info":{"display_name":"Administrador","author_link":"https:\/\/espan.edu.pt\/site\/author\/administrador\/"},"uagb_comment_info":0,"uagb_excerpt":"[vc_row css=&#8221;.vc_custom_1471796791252{margin-bottom: 63px !important;}&#8221;][vc_column css=&#8221;.vc_custom_1471796770554{margin-bottom: 30px !important;}&#8221;][vc_column_text]Marca\u00e7\u00e3o e desmarca\u00e7\u00e3o de refei\u00e7\u00f5es\u00a0 Faltas a refei\u00e7\u00f5es\u00a0 A marca\u00e7\u00e3o de refei\u00e7\u00f5es pode ser feita at\u00e9 \u00e0 v\u00e9spera \u00e0s 17h00, na loja escolar\/papelaria, no &hellip;","_links":{"self":[{"href":"https:\/\/espan.edu.pt\/site\/wp-json\/wp\/v2\/pages\/13315"}],"collection":[{"href":"https:\/\/espan.edu.pt\/site\/wp-json\/wp\/v2\/pages"}],"about":[{"href":"https:\/\/espan.edu.pt\/site\/wp-json\/wp\/v2\/types\/page"}],"author":[{"embeddable":true,"href":"https:\/\/espan.edu.pt\/site\/wp-json\/wp\/v2\/users\/1"}],"replies":[{"embeddable":true,"href":"https:\/\/espan.edu.pt\/site\/wp-json\/wp\/v2\/comments?post=13315"}],"version-history":[{"count":12,"href":"https:\/\/espan.edu.pt\/site\/wp-json\/wp\/v2\/pages\/13315\/revisions"}],"predecessor-version":[{"id":247898,"href":"https:\/\/espan.edu.pt\/site\/wp-json\/wp\/v2\/pages\/13315\/revisions\/247898"}],"wp:attachment":[{"href":"https:\/\/espan.edu.pt\/site\/wp-json\/wp\/v2\/media?parent=13315"}],"wp:term":[{"taxonomy":"category","embeddable":true,"href":"https:\/\/espan.edu.pt\/site\/wp-json\/wp\/v2\/categories?post=13315"},{"taxonomy":"post_tag","embeddable":true,"href":"https:\/\/espan.edu.pt\/site\/wp-json\/wp\/v2\/tags?post=13315"}],"curies":[{"name":"wp","href":"https:\/\/api.w.org\/{rel}","templated":true}]}}