{"id":13249,"date":"2019-01-22T15:05:39","date_gmt":"2019-01-22T15:05:39","guid":{"rendered":"http:\/\/espan.edu.pt\/site\/?page_id=13249"},"modified":"2024-06-03T12:08:35","modified_gmt":"2024-06-03T12:08:35","slug":"ase","status":"publish","type":"page","link":"https:\/\/espan.edu.pt\/site\/ase\/","title":{"rendered":"ASE"},"content":{"rendered":"<div class=\"wpb-content-wrapper\"><p>[vc_row][vc_column width=&#8221;1\/2&#8243;][vc_column_text css=&#8221;&#8221;]<\/p>\n<div id=\"elementor-tab-content-4731\" class=\"elementor-tab-content elementor-clearfix elementor-active\" role=\"tabpanel\" data-tab=\"1\" aria-labelledby=\"elementor-tab-title-4731\">\n<h3 style=\"text-align: center;\"><strong>HOR\u00c1RIO<\/strong><\/h3>\n<p>segunda-feira a sexta-feira das 9:30h \u00e0s 12:00h e das 14:00h \u00e0s 15:00h.<\/p>\n<\/div>\n<p>[\/vc_column_text][\/vc_column][vc_column width=&#8221;1\/2&#8243;][vc_column_text css=&#8221;&#8221;]<\/p>\n<div id=\"elementor-tab-content-4731\" class=\"elementor-tab-content elementor-clearfix elementor-active\" role=\"tabpanel\" data-tab=\"1\" aria-labelledby=\"elementor-tab-title-4731\">\n<h3 style=\"text-align: center;\"><strong>CONTACTOS<\/strong><\/h3>\n<p><em>Em breve.<\/em><\/p>\n<\/div>\n<p>[\/vc_column_text][\/vc_column][\/vc_row][vc_row css=&#8221;.vc_custom_1471796791252{margin-bottom: 63px !important;}&#8221;][vc_column css=&#8221;.vc_custom_1471796770554{margin-bottom: 30px !important;}&#8221;][vc_text_separator title=&#8221;A\u00c7\u00c3O SOCIAL ESCOLAR&#8221; css=&#8221;&#8221;][\/vc_column][\/vc_row][vc_row css=&#8221;.vc_custom_1471796791252{margin-bottom: 63px !important;}&#8221;][vc_column width=&#8221;1\/2&#8243; css=&#8221;.vc_custom_1471796770554{margin-bottom: 30px !important;}&#8221;][vc_column_text css=&#8221;&#8221;]<\/p>\n<h3 style=\"text-align: center;\">AVISOS | 2024-2025<\/h3>\n<p>Abertura de Candidaturas &#8211; Ver <a href=\"https:\/\/espan.edu.pt\/site\/wp-content\/uploads\/2024\/05\/aviso-1.pdf\" target=\"_blank\" rel=\"noopener noreferrer\">AQUI<\/a><\/p>\n<p>Candidatura (Instru\u00e7\u00f5es) &#8211;\u00a0 Ver <a href=\"https:\/\/espan.edu.pt\/site\/wp-content\/uploads\/2024\/06\/Aviso-ASE-24-25.pdf\" target=\"_blank\" rel=\"noopener noreferrer\">AQUI<\/a><\/p>\n<p>[\/vc_column_text][\/vc_column][vc_column width=&#8221;1\/2&#8243; css=&#8221;.vc_custom_1471796781968{margin-bottom: 30px !important;}&#8221;][vc_column_text css=&#8221;&#8221;]<\/p>\n<h3 style=\"text-align: center;\"><strong>FORMUL\u00c1RIOS<\/strong>| 2024-2025<\/h3>\n<p>Formul\u00e1rio de candidatura 2024-2025 &#8211; Ver <a href=\"https:\/\/espan.edu.pt\/site\/wp-content\/uploads\/2024\/06\/Candidatura-a-ASE-24-25.pdf\" target=\"_blank\" rel=\"noopener noreferrer\">AQUI<\/a><\/p>\n<p>[\/vc_column_text][\/vc_column][\/vc_row][vc_row css=&#8221;.vc_custom_1471796791252{margin-bottom: 63px !important;}&#8221;][vc_column css=&#8221;.vc_custom_1471796770554{margin-bottom: 30px !important;}&#8221;][vc_text_separator title=&#8221;REFEIT\u00d3RIO E MARCA\u00c7\u00c3O\/DESMARCA\u00c7\u00c3O DE REFEI\u00c7\u00d5ES&#8221; css=&#8221;&#8221;][\/vc_column][\/vc_row][vc_row][vc_column][vc_tta_accordion][vc_tta_section title=&#8221;Marca\u00e7\u00e3o de Refei\u00e7\u00f5es&#8221; tab_id=&#8221;1717349750363-0042110c-f107&#8243;][vc_column_text css=&#8221;&#8221;]<\/p>\n<p><span data-contrast=\"auto\">A\u00a0<\/span><b><span data-contrast=\"auto\">marca\u00e7\u00e3o de refei\u00e7\u00f5es<\/span><\/b><span data-contrast=\"auto\">\u00a0pode ser feita at\u00e9 \u00e0 v\u00e9spera \u00e0s 17h00, na loja escolar<\/span><span data-contrast=\"auto\">\/papelaria<\/span><span data-contrast=\"auto\">,<\/span><span data-contrast=\"auto\"> atrav\u00e9s do <a href=\"https:\/\/servicos.espan.edu.pt\/UnicardPortal\/\" target=\"_blank\" rel=\"noopener noreferrer\">SIGE<\/a>\u00a0<\/span><span data-contrast=\"auto\">ou da aplica\u00e7\u00e3o m\u00f3vel SIGE App<\/span><span data-contrast=\"auto\">. <\/span><\/p>\n<p><span data-contrast=\"auto\">Depois deste prazo a refei\u00e7\u00e3o poder\u00e1 ainda ser marcada at\u00e9 \u00e0s 10h do dia seguinte, dia da refei\u00e7\u00e3o, caso haja refei\u00e7\u00f5es dispon\u00edveis. O custo da refei\u00e7\u00e3o marcada nestas condi\u00e7\u00f5es sofre um acr\u00e9scimo de 0,30\u20ac.<\/span><span data-ccp-props=\"{&quot;201341983&quot;:0,&quot;335551550&quot;:6,&quot;335551620&quot;:6,&quot;335559739&quot;:160,&quot;335559740&quot;:360}\">\u00a0<\/span><\/p>\n<p>[\/vc_column_text][\/vc_tta_section][vc_tta_section title=&#8221;Desmarca\u00e7\u00e3o de Refei\u00e7\u00f5es&#8221; tab_id=&#8221;1717349750379-def8ea81-030a&#8221;][vc_column_text css=&#8221;&#8221;]<\/p>\n<p><span data-contrast=\"auto\">A\u00a0<\/span><b><span data-contrast=\"auto\">desmarca\u00e7\u00e3o das refei\u00e7\u00f5es<\/span><\/b>\u00a0<span data-contrast=\"auto\">deve<\/span><span data-contrast=\"auto\">\u00a0ser feita at\u00e9 \u00e0 v\u00e9spera \u00e0s 17h<\/span><span data-contrast=\"auto\">,\u00a0<\/span><span data-contrast=\"auto\">embora\u00a0<\/span><span data-contrast=\"auto\">possa ser feita at\u00e9 \u00e0s 10h do pr\u00f3prio dia.<\/span>\u00a0<span data-contrast=\"auto\">E<\/span><span data-contrast=\"auto\">m caso de\u00a0<\/span><b><span data-contrast=\"auto\">situa\u00e7\u00e3o<\/span><\/b><b><span data-contrast=\"auto\">\u00a0problem\u00e1tica ou<\/span><\/b><b><span data-contrast=\"auto\">\u00a0imprevista<\/span><\/b><span data-contrast=\"auto\">,<\/span>\u00a0<span data-contrast=\"auto\">contacte a escola<\/span>\u00a0<span data-contrast=\"auto\">sede por<\/span><span data-contrast=\"auto\">\u00a0telefone<\/span><span data-contrast=\"auto\">, at\u00e9 \u00e0s\u00a0<\/span><span data-contrast=\"auto\">9<\/span><span data-contrast=\"auto\">h<\/span><span data-contrast=\"auto\">45<\/span><span data-contrast=\"auto\">\u00a0do pr\u00f3prio dia<\/span><span data-contrast=\"auto\">,<\/span><span data-contrast=\"auto\">\u00a0ou atrav\u00e9s de correio eletr\u00f3nico, em mensagem enviada at\u00e9 \u00e0 mesma hora, para\u00a0<\/span><a href=\"mailto:sase@espan.edu.pt\"><span data-contrast=\"none\">sase@espan.edu.pt<\/span><\/a><span data-contrast=\"auto\">.<\/span><span data-contrast=\"auto\">\u00a0O aluno\u00a0<\/span><span data-contrast=\"auto\">tem de ser identificado pelo\u00a0<\/span><span data-contrast=\"auto\">n\u00famero de processo\u00a0<\/span><span data-contrast=\"auto\">ou\u00a0<\/span><span data-contrast=\"auto\">nome completo e\u00a0<\/span><span data-contrast=\"auto\">ano e turma.<\/span><span data-ccp-props=\"{&quot;201341983&quot;:0,&quot;335551550&quot;:6,&quot;335551620&quot;:6,&quot;335559739&quot;:160,&quot;335559740&quot;:360}\">\u00a0<\/span><\/p>\n<p>[\/vc_column_text][\/vc_tta_section][vc_tta_section title=&#8221;Faltas | N\u00e3o consumo de Refei\u00e7\u00f5es&#8221; tab_id=&#8221;1717349925161-1eae43dd-e6c2&#8243;][vc_column_text css=&#8221;&#8221;]<\/p>\n<p>Os alunos que marcarem refei\u00e7\u00f5es e n\u00e3o as consumirem, sem justifica\u00e7\u00e3o v\u00e1lida,\u00a0ser\u00e3o impedidos de marcar\u00a0novas refei\u00e7\u00f5es at\u00e9 que o encarregado de educa\u00e7\u00e3o envie uma\u00a0justifica\u00e7\u00e3o e fa\u00e7a o pedido\u00a0de\u00a0desbloqueio.\u00a0A justifica\u00e7\u00e3o e pedido de desbloqueio, escrita,\u00a0\u00e9 entregue ao diretor\u00a0de turma.<\/p>\n<p>[\/vc_column_text][\/vc_tta_section][vc_tta_section title=&#8221;Greves&#8221; tab_id=&#8221;1717349972739-95b4fd8e-dc20&#8243;][vc_column_text css=&#8221;&#8221;]<\/p>\n<p><span data-contrast=\"auto\">Em\u00a0<\/span><b><span data-contrast=\"auto\">situa\u00e7\u00e3o de greve<\/span><\/b><span data-contrast=\"auto\">, nos dias<\/span><span data-contrast=\"auto\">\u00a0em que a escola esteja encerrada<\/span><span data-contrast=\"auto\">,<\/span><span data-contrast=\"auto\">\u00a0ser\u00e1 dada\u00a0<\/span><span data-contrast=\"auto\">na portaria\u00a0<\/span><span data-contrast=\"auto\">indica\u00e7\u00e3o\u00a0<\/span><span data-contrast=\"auto\">se o refeit\u00f3rio est\u00e1 ou n\u00e3o em funcionamento.\u00a0<\/span><span data-contrast=\"auto\">Se estiver em funcionamento os alunos poder\u00e3o entrar na escola para almo\u00e7ar<\/span><span data-contrast=\"auto\">\u00a0no hor\u00e1rio\u00a0<\/span><span data-contrast=\"auto\">para almo\u00e7o<\/span><span data-contrast=\"auto\">.\u00a0<\/span><span data-contrast=\"auto\">Caso n\u00e3o pretendam almo\u00e7ar, a refei\u00e7\u00e3o poder\u00e1 ser desmarcada nas condi\u00e7\u00f5es acima<\/span><span data-contrast=\"auto\">. Os alunos poder\u00e3o entrar na escola para desmarcar a refei\u00e7\u00e3o.<\/span><span data-ccp-props=\"{&quot;201341983&quot;:0,&quot;335551550&quot;:6,&quot;335551620&quot;:6,&quot;335559739&quot;:160,&quot;335559740&quot;:360}\">\u00a0<\/span><\/p>\n<p>[\/vc_column_text][\/vc_tta_section][\/vc_tta_accordion][\/vc_column][\/vc_row]<\/p>\n<\/div>","protected":false},"excerpt":{"rendered":"<p>[vc_row][vc_column width=&#8221;1\/2&#8243;][vc_column_text css=&#8221;&#8221;] HOR\u00c1RIO segunda-feira a sexta-feira das 9:30h \u00e0s 12:00h e das 14:00h \u00e0s 15:00h. [\/vc_column_text][\/vc_column][vc_column width=&#8221;1\/2&#8243;][vc_column_text css=&#8221;&#8221;] CONTACTOS Em breve. [\/vc_column_text][\/vc_column][\/vc_row][vc_row css=&#8221;.vc_custom_1471796791252{margin-bottom: 63px !important;}&#8221;][vc_column css=&#8221;.vc_custom_1471796770554{margin-bottom: 30px !important;}&#8221;][vc_text_separator title=&#8221;A\u00c7\u00c3O &hellip; <\/p>\n","protected":false},"author":1,"featured_media":0,"parent":0,"menu_order":0,"comment_status":"closed","ping_status":"closed","template":"","meta":{"_bbp_topic_count":0,"_bbp_reply_count":0,"_bbp_total_topic_count":0,"_bbp_total_reply_count":0,"_bbp_voice_count":0,"_bbp_anonymous_reply_count":0,"_bbp_topic_count_hidden":0,"_bbp_reply_count_hidden":0,"_bbp_forum_subforum_count":0},"categories":[],"tags":[],"uagb_featured_image_src":{"full":false,"thumbnail":false,"medium":false,"medium_large":false,"large":false,"1536x1536":false,"2048x2048":false},"uagb_author_info":{"display_name":"Administrador","author_link":"https:\/\/espan.edu.pt\/site\/author\/administrador\/"},"uagb_comment_info":0,"uagb_excerpt":"[vc_row][vc_column width=&#8221;1\/2&#8243;][vc_column_text css=&#8221;&#8221;] HOR\u00c1RIO segunda-feira a sexta-feira das 9:30h \u00e0s 12:00h e das 14:00h \u00e0s 15:00h. [\/vc_column_text][\/vc_column][vc_column width=&#8221;1\/2&#8243;][vc_column_text css=&#8221;&#8221;] CONTACTOS Em breve. [\/vc_column_text][\/vc_column][\/vc_row][vc_row css=&#8221;.vc_custom_1471796791252{margin-bottom: 63px !important;}&#8221;][vc_column css=&#8221;.vc_custom_1471796770554{margin-bottom: 30px !important;}&#8221;][vc_text_separator title=&#8221;A\u00c7\u00c3O &hellip;","_links":{"self":[{"href":"https:\/\/espan.edu.pt\/site\/wp-json\/wp\/v2\/pages\/13249"}],"collection":[{"href":"https:\/\/espan.edu.pt\/site\/wp-json\/wp\/v2\/pages"}],"about":[{"href":"https:\/\/espan.edu.pt\/site\/wp-json\/wp\/v2\/types\/page"}],"author":[{"embeddable":true,"href":"https:\/\/espan.edu.pt\/site\/wp-json\/wp\/v2\/users\/1"}],"replies":[{"embeddable":true,"href":"https:\/\/espan.edu.pt\/site\/wp-json\/wp\/v2\/comments?post=13249"}],"version-history":[{"count":59,"href":"https:\/\/espan.edu.pt\/site\/wp-json\/wp\/v2\/pages\/13249\/revisions"}],"predecessor-version":[{"id":251575,"href":"https:\/\/espan.edu.pt\/site\/wp-json\/wp\/v2\/pages\/13249\/revisions\/251575"}],"wp:attachment":[{"href":"https:\/\/espan.edu.pt\/site\/wp-json\/wp\/v2\/media?parent=13249"}],"wp:term":[{"taxonomy":"category","embeddable":true,"href":"https:\/\/espan.edu.pt\/site\/wp-json\/wp\/v2\/categories?post=13249"},{"taxonomy":"post_tag","embeddable":true,"href":"https:\/\/espan.edu.pt\/site\/wp-json\/wp\/v2\/tags?post=13249"}],"curies":[{"name":"wp","href":"https:\/\/api.w.org\/{rel}","templated":true}]}}