{"id":12258,"date":"2019-01-21T20:47:00","date_gmt":"2019-01-21T20:47:00","guid":{"rendered":"http:\/\/espan.edu.pt\/site\/?page_id=12258"},"modified":"2021-02-08T18:55:35","modified_gmt":"2021-02-08T18:55:35","slug":"administrativos","status":"publish","type":"page","link":"https:\/\/espan.edu.pt\/site\/administrativos\/","title":{"rendered":"Servi\u00e7os Administrativos"},"content":{"rendered":"<div class=\"wpb-content-wrapper\"><p>[vc_row css=&#8221;.vc_custom_1471796791252{margin-bottom: 63px !important;}&#8221;][vc_column width=&#8221;1\/2&#8243; css=&#8221;.vc_custom_1471796770554{margin-bottom: 30px !important;}&#8221;][vc_column_text]<\/p>\n<div id=\"elementor-tab-content-4731\" class=\"elementor-tab-content elementor-clearfix elementor-active\" role=\"tabpanel\" data-tab=\"1\" aria-labelledby=\"elementor-tab-title-4731\">\n<p><strong>Hor\u00e1rio<\/strong><\/p>\n<p><b>\u00c1rea<\/b><strong>\u00a0alunos: <\/strong>segunda-feira a sexta-feira das 9:30h \u00e0s 12:00h e das 14h00 \u00e0s 15h00.<\/p>\n<p><strong>SASE<\/strong><strong>: <\/strong>segunda-feira a sexta-feira das 9:30h \u00e0s 12:00h e das 14h00 \u00e0s 15h00.<\/p>\n<p><strong>Contabilidade<\/strong><strong>: <\/strong>segunda-feira a sexta-feira das 9:30h \u00e0s 12:00h e das 14h00 \u00e0s 15h00.<\/p>\n<p><strong>\u00c1rea pessoal: <\/strong>segunda-feira a sexta-feira das 9:30h \u00e0s 12:00h e das 14:00h \u00e0s 16:00h,\u00a0exceto nos dias 1 a 9 de cada m\u00eas que cujo atendimento ocorre entre as 14:00h e as 16:00h<\/p>\n<p>&nbsp;<\/p>\n<\/div>\n<p>[\/vc_column_text][\/vc_column][vc_column width=&#8221;1\/2&#8243; css=&#8221;.vc_custom_1471796781968{margin-bottom: 30px !important;}&#8221;][vc_column_text]<\/p>\n<div id=\"elementor-tab-content-4731\" class=\"elementor-tab-content elementor-clearfix elementor-active\" role=\"tabpanel\" data-tab=\"1\" aria-labelledby=\"elementor-tab-title-4731\">\n<p>&nbsp;<\/p>\n<p><strong>Contactos<\/strong><\/p>\n<p>Ana Cristina Vieira (Coordenadora T\u00e9cnica)<\/p>\n<p><i class=\"fa fa-internet-explorer\"><\/i> www.espan.edu.pt<br \/>\n<i class=\"fa fa-phone\"><\/i> 214 343 200<br \/>\n<i class=\"fa fa-envelope\"><\/i> <a href=\"mailto:geral@espan.edu.pt\">geral@espan.edu.pt<\/a><\/p>\n<\/div>\n<p>[\/vc_column_text][\/vc_column][\/vc_row]<\/p>\n<\/div>","protected":false},"excerpt":{"rendered":"<p>[vc_row css=&#8221;.vc_custom_1471796791252{margin-bottom: 63px !important;}&#8221;][vc_column width=&#8221;1\/2&#8243; css=&#8221;.vc_custom_1471796770554{margin-bottom: 30px !important;}&#8221;][vc_column_text] Hor\u00e1rio \u00c1rea\u00a0alunos: segunda-feira a sexta-feira das 9:30h \u00e0s 12:00h e das 14h00 \u00e0s 15h00. SASE: segunda-feira a sexta-feira das 9:30h \u00e0s 12:00h &hellip; <\/p>\n","protected":false},"author":1,"featured_media":0,"parent":0,"menu_order":0,"comment_status":"closed","ping_status":"closed","template":"","meta":{"_bbp_topic_count":0,"_bbp_reply_count":0,"_bbp_total_topic_count":0,"_bbp_total_reply_count":0,"_bbp_voice_count":0,"_bbp_anonymous_reply_count":0,"_bbp_topic_count_hidden":0,"_bbp_reply_count_hidden":0,"_bbp_forum_subforum_count":0},"categories":[],"tags":[],"uagb_featured_image_src":{"full":false,"thumbnail":false,"medium":false,"medium_large":false,"large":false,"1536x1536":false,"2048x2048":false},"uagb_author_info":{"display_name":"Administrador","author_link":"https:\/\/espan.edu.pt\/site\/author\/administrador\/"},"uagb_comment_info":0,"uagb_excerpt":"[vc_row css=&#8221;.vc_custom_1471796791252{margin-bottom: 63px !important;}&#8221;][vc_column width=&#8221;1\/2&#8243; css=&#8221;.vc_custom_1471796770554{margin-bottom: 30px !important;}&#8221;][vc_column_text] Hor\u00e1rio \u00c1rea\u00a0alunos: segunda-feira a sexta-feira das 9:30h \u00e0s 12:00h e das 14h00 \u00e0s 15h00. SASE: segunda-feira a sexta-feira das 9:30h \u00e0s 12:00h &hellip;","_links":{"self":[{"href":"https:\/\/espan.edu.pt\/site\/wp-json\/wp\/v2\/pages\/12258"}],"collection":[{"href":"https:\/\/espan.edu.pt\/site\/wp-json\/wp\/v2\/pages"}],"about":[{"href":"https:\/\/espan.edu.pt\/site\/wp-json\/wp\/v2\/types\/page"}],"author":[{"embeddable":true,"href":"https:\/\/espan.edu.pt\/site\/wp-json\/wp\/v2\/users\/1"}],"replies":[{"embeddable":true,"href":"https:\/\/espan.edu.pt\/site\/wp-json\/wp\/v2\/comments?post=12258"}],"version-history":[{"count":13,"href":"https:\/\/espan.edu.pt\/site\/wp-json\/wp\/v2\/pages\/12258\/revisions"}],"predecessor-version":[{"id":248164,"href":"https:\/\/espan.edu.pt\/site\/wp-json\/wp\/v2\/pages\/12258\/revisions\/248164"}],"wp:attachment":[{"href":"https:\/\/espan.edu.pt\/site\/wp-json\/wp\/v2\/media?parent=12258"}],"wp:term":[{"taxonomy":"category","embeddable":true,"href":"https:\/\/espan.edu.pt\/site\/wp-json\/wp\/v2\/categories?post=12258"},{"taxonomy":"post_tag","embeddable":true,"href":"https:\/\/espan.edu.pt\/site\/wp-json\/wp\/v2\/tags?post=12258"}],"curies":[{"name":"wp","href":"https:\/\/api.w.org\/{rel}","templated":true}]}}